{"id":10034,"date":"2017-05-08T12:37:22","date_gmt":"2017-05-08T12:37:22","guid":{"rendered":"http:\/\/www.kunnskap.de\/?page_id=10034"},"modified":"2021-06-25T12:50:11","modified_gmt":"2021-06-25T10:50:11","slug":"shibor","status":"publish","type":"page","link":"https:\/\/prudentwater.com\/en\/shibor\/","title":{"rendered":"Shibor"},"content":{"rendered":"<p><strong>Shanghai Interbank Offered Rate<\/strong><\/p>\n<p>Der Shibor ist ein wichtiger und viel beachteter chinesischer Geldmarktzins. Es ist der Interbankenzinssatz f\u00fcr den Interbankenmarkt in China, Shanghai und wird t\u00e4glich um 11:30 Uhr (Pekinger Zeit) berechnet. Der Shibor gilt als Referenzzinssatz f\u00fcr die Aufnahme von Geld mit einer Laufzeit von bis zu 12 Monaten, er wird jedoch auch f\u00fcr sehr kurzfristige Laufzeiten berechnet und ver\u00f6ffentlicht. Der Shibor ist somit der durchschnittliche Zinssatz, zu dem sich Banken in Shanghai Geld f\u00fcr eine bestimmte Laufzeit gegenseitig ausleihen und l\u00e4sst sich so mit dem EURIBOR vergleichen. <\/p>\n","protected":false},"excerpt":{"rendered":"<p>Shanghai Interbank Offered Rate Der Shibor ist ein wichtiger und viel beachteter chinesischer Geldmarktzins. Es ist der Interbankenzinssatz f\u00fcr den Interbankenmarkt in China, Shanghai und wird t\u00e4glich um 11:30 Uhr (Pekinger Zeit) berechnet. Der Shibor gilt als Referenzzinssatz f\u00fcr die Aufnahme von Geld mit einer Laufzeit von bis zu 12 Monaten, er wird jedoch auch [&hellip;]<\/p>\n","protected":false},"author":1,"featured_media":0,"parent":0,"menu_order":0,"comment_status":"closed","ping_status":"closed","template":"","meta":{"site-sidebar-layout":"default","site-content-layout":"","ast-site-content-layout":"","site-content-style":"default","site-sidebar-style":"default","ast-global-header-display":"","ast-banner-title-visibility":"","ast-main-header-display":"","ast-hfb-above-header-display":"","ast-hfb-below-header-display":"","ast-hfb-mobile-header-display":"","site-post-title":"","ast-breadcrumbs-content":"","ast-featured-img":"","footer-sml-layout":"","theme-transparent-header-meta":"","adv-header-id-meta":"","stick-header-meta":"","header-above-stick-meta":"","header-main-stick-meta":"","header-below-stick-meta":"","astra-migrate-meta-layouts":"default","ast-page-background-enabled":"default","ast-page-background-meta":{"desktop":{"background-color":"","background-image":"","background-repeat":"repeat","background-position":"center center","background-size":"auto","background-attachment":"scroll","background-type":"","background-media":"","overlay-type":"","overlay-color":"","overlay-opacity":"","overlay-gradient":""},"tablet":{"background-color":"","background-image":"","background-repeat":"repeat","background-position":"center center","background-size":"auto","background-attachment":"scroll","background-type":"","background-media":"","overlay-type":"","overlay-color":"","overlay-opacity":"","overlay-gradient":""},"mobile":{"background-color":"","background-image":"","background-repeat":"repeat","background-position":"center center","background-size":"auto","background-attachment":"scroll","background-type":"","background-media":"","overlay-type":"","overlay-color":"","overlay-opacity":"","overlay-gradient":""}},"ast-content-background-meta":{"desktop":{"background-color":"var(--ast-global-color-5)","background-image":"","background-repeat":"repeat","background-position":"center center","background-size":"auto","background-attachment":"scroll","background-type":"","background-media":"","overlay-type":"","overlay-color":"","overlay-opacity":"","overlay-gradient":""},"tablet":{"background-color":"var(--ast-global-color-5)","background-image":"","background-repeat":"repeat","background-position":"center center","background-size":"auto","background-attachment":"scroll","background-type":"","background-media":"","overlay-type":"","overlay-color":"","overlay-opacity":"","overlay-gradient":""},"mobile":{"background-color":"var(--ast-global-color-5)","background-image":"","background-repeat":"repeat","background-position":"center center","background-size":"auto","background-attachment":"scroll","background-type":"","background-media":"","overlay-type":"","overlay-color":"","overlay-opacity":"","overlay-gradient":""}},"footnotes":""},"class_list":["post-10034","page","type-page","status-publish","hentry"],"translation":{"provider":"WPGlobus","version":"3.0.2","language":"en","enabled_languages":["de","en"],"languages":{"de":{"title":true,"content":true,"excerpt":false},"en":{"title":false,"content":false,"excerpt":false}}},"featured_image_urls_v2":{"full":"","thumbnail":"","medium":"","medium_large":"","large":"","1536x1536":"","2048x2048":""},"post_excerpt_stackable_v2":"<p>Shanghai Interbank Offered Rate Der Shibor ist ein wichtiger und viel beachteter chinesischer Geldmarktzins. Es ist der Interbankenzinssatz f\u00fcr den Interbankenmarkt in China, Shanghai und wird t\u00e4glich um 11:30 Uhr (Pekinger Zeit) berechnet. Der Shibor gilt als Referenzzinssatz f\u00fcr die Aufnahme von Geld mit einer Laufzeit von bis zu 12 Monaten, er wird jedoch auch f\u00fcr sehr kurzfristige Laufzeiten berechnet und ver\u00f6ffentlicht. Der Shibor ist somit der durchschnittliche Zinssatz, zu dem sich Banken in Shanghai Geld f\u00fcr eine bestimmte Laufzeit gegenseitig ausleihen und l\u00e4sst sich so mit dem EURIBOR vergleichen.<\/p>\n","category_list_v2":"","author_info_v2":{"name":"PrudentWater","url":"https:\/\/prudentwater.com\/en\/author\/niklas33\/"},"comments_num_v2":"0 comments","_links":{"self":[{"href":"https:\/\/prudentwater.com\/en\/wp-json\/wp\/v2\/pages\/10034","targetHints":{"allow":["GET"]}}],"collection":[{"href":"https:\/\/prudentwater.com\/en\/wp-json\/wp\/v2\/pages"}],"about":[{"href":"https:\/\/prudentwater.com\/en\/wp-json\/wp\/v2\/types\/page"}],"author":[{"embeddable":true,"href":"https:\/\/prudentwater.com\/en\/wp-json\/wp\/v2\/users\/1"}],"replies":[{"embeddable":true,"href":"https:\/\/prudentwater.com\/en\/wp-json\/wp\/v2\/comments?post=10034"}],"version-history":[{"count":0,"href":"https:\/\/prudentwater.com\/en\/wp-json\/wp\/v2\/pages\/10034\/revisions"}],"wp:attachment":[{"href":"https:\/\/prudentwater.com\/en\/wp-json\/wp\/v2\/media?parent=10034"}],"curies":[{"name":"wp","href":"https:\/\/api.w.org\/{rel}","templated":true}]}}