{"id":1008,"date":"2014-09-30T21:18:27","date_gmt":"2014-09-30T21:18:27","guid":{"rendered":"http:\/\/www.kunnskap.de\/?page_id=1008"},"modified":"2022-06-23T15:48:18","modified_gmt":"2022-06-23T13:48:18","slug":"floater","status":"publish","type":"page","link":"https:\/\/prudentwater.com\/en\/floater\/","title":{"rendered":"Floater"},"content":{"rendered":"<p>Auch <b>Variabel verzinsliche Anleihe<\/b><br \/>\nengl. <b>Floating Rate Note<\/b><\/p>\n<p>Der Floater ist eine besondere Anleiheform bei der kein fester, sondern ein variabler Zinssatz gezahlt wird. Nach jeder Zinszahlung (z.B. nach 3, 6 oder 12 Monaten) wird der Zinssatz f\u00fcr die neue kommende Zinsperiode festgelegt. Der Zinssatz f\u00fcr diese Anleihe richtet sich dabei an einen Referenzzinssatz. F\u00fcr Euro-Anleihen ist dies der EURIBOR. Die Zinsfeststellung findet immer am Anfang der jeweiligen Periode statt. Die Zahlung der Zinsen findet dann am Ende der Periode statt. Bei den Zeitintervallen handelt es sich in der Regel um 3, 6 oder 12 Monate. Nach Ablauf eines Zeitintervalls findet dann wieder eine neue Zinsfeststellung statt. Der Zinssatz wird also regelm\u00e4\u00dfig an das markt\u00fcbliche Niveau angepasst, somit schwankt der Kurs des Floaters meistens nur geringf\u00fcgig um den Nennwert von 100 %. Durch die regelm\u00e4\u00dfige Zinsanpassung ist der Floater dem Zins\u00e4nderungsrisiko deutlich geringer ausgesetzt als eine herk\u00f6mmliche Anleihe. Dank der Zinsanpassung in den festgelegten Zeitintervallen kommt es bei variabel verzinslichen Anleihen also weniger zu Kursschwankungen. Damit sind aber auch gleichzeitig die Chancen auf Kursgewinne begrenzt.<\/p>\n<h3>Zus\u00e4tzlicher Zinsaufschlag in Abh\u00e4ngigkeit zur Bonit\u00e4t des Emittenten<\/h3>\n<p>Auf den variablen Zinssatz von Floatern wird in der Regel zus\u00e4tzlich ein Aufschlag (in diesem Fall Festzinssatz) gezahlt. Dieser h\u00e4ngt jedoch von der Bonit\u00e4t des Emittenten ab. Je schlechter die Bonit\u00e4t des Emittenten, desto h\u00f6her der Zinsaufschlag auf den Referenzzinssatz. Der Aufschlag soll dann f\u00fcr den Investor das erh\u00f6hte Risiko eines Zahlungsausfalles des Schuldners ausgleichen. Der Kupon eines Floaters setzt sich somit in den meisten F\u00e4llen zusammen aus einem Festzinssatz, welcher abh\u00e4ngig von der Bonit\u00e4t des Schuldners ist und einem variablen Zinssatz, welcher abh\u00e4ngig von der Entwicklung des Referenzzinssatzes (EURIBOR) ist. Angegeben wird der Zinskupon einer variabel verzinslichen Anleihe dann beispielsweise als &#8220;<b>3M EURIBOR + 0,450%<\/b> (viertelj\u00e4hrliche Zahlung)&#8221;. Der variable Zinssatz ist dabei der 3 Monats EURIBOR und der Festzinssatz die 0,45%.<\/p>\n<h3>Vor- und Nachteile des Floater<\/h3>\n<p>F\u00fcr Emittenten k\u00f6nnen Floater schwer planbar sein. Steigen die Marktzinsen st\u00e4rker an als erwartet, m\u00fcssen die Emittenten von Floatern h\u00f6here Zinszahlungen an die Investoren leisten, als sie vielleicht urspr\u00fcnglich eingeplant haben. Gegen dieses Problem kann der Emittent sich jedoch durch einen Zinsswap absichern. F\u00fcr den Emittenten sind Floater deshalb eher interessant und profitabel, wenn die Zinsen am Markt fallen, da dann die Zinslast des Emittenten periodisch sinkt. Der K\u00e4ufer des Floaters hingegen profitiert von den steigenden Marktzinsen, da er dann \u00fcber seinen Floater in periodischen Abst\u00e4nden auch h\u00f6here Kuponzahlungen erh\u00e4lt. Floater sollten also vor allem dann gekauft werden, wenn der Anleger mittel bis langfristig von einem steigenden Zinsniveau ausgeht.<\/p>\n","protected":false},"excerpt":{"rendered":"<p>Auch Variabel verzinsliche Anleihe engl. Floating Rate Note Der Floater ist eine besondere Anleiheform bei der kein fester, sondern ein variabler Zinssatz gezahlt wird. Nach jeder Zinszahlung (z.B. nach 3, 6 oder 12 Monaten) wird der Zinssatz f\u00fcr die neue kommende Zinsperiode festgelegt. Der Zinssatz f\u00fcr diese Anleihe richtet sich dabei an einen Referenzzinssatz. F\u00fcr [&hellip;]<\/p>\n","protected":false},"author":1,"featured_media":0,"parent":0,"menu_order":0,"comment_status":"closed","ping_status":"closed","template":"","meta":{"site-sidebar-layout":"default","site-content-layout":"","ast-site-content-layout":"","site-content-style":"default","site-sidebar-style":"default","ast-global-header-display":"","ast-banner-title-visibility":"","ast-main-header-display":"","ast-hfb-above-header-display":"","ast-hfb-below-header-display":"","ast-hfb-mobile-header-display":"","site-post-title":"","ast-breadcrumbs-content":"","ast-featured-img":"","footer-sml-layout":"","theme-transparent-header-meta":"","adv-header-id-meta":"","stick-header-meta":"","header-above-stick-meta":"","header-main-stick-meta":"","header-below-stick-meta":"","astra-migrate-meta-layouts":"default","ast-page-background-enabled":"default","ast-page-background-meta":{"desktop":{"background-color":"","background-image":"","background-repeat":"repeat","background-position":"center center","background-size":"auto","background-attachment":"scroll","background-type":"","background-media":"","overlay-type":"","overlay-color":"","overlay-opacity":"","overlay-gradient":""},"tablet":{"background-color":"","background-image":"","background-repeat":"repeat","background-position":"center center","background-size":"auto","background-attachment":"scroll","background-type":"","background-media":"","overlay-type":"","overlay-color":"","overlay-opacity":"","overlay-gradient":""},"mobile":{"background-color":"","background-image":"","background-repeat":"repeat","background-position":"center center","background-size":"auto","background-attachment":"scroll","background-type":"","background-media":"","overlay-type":"","overlay-color":"","overlay-opacity":"","overlay-gradient":""}},"ast-content-background-meta":{"desktop":{"background-color":"var(--ast-global-color-5)","background-image":"","background-repeat":"repeat","background-position":"center center","background-size":"auto","background-attachment":"scroll","background-type":"","background-media":"","overlay-type":"","overlay-color":"","overlay-opacity":"","overlay-gradient":""},"tablet":{"background-color":"var(--ast-global-color-5)","background-image":"","background-repeat":"repeat","background-position":"center center","background-size":"auto","background-attachment":"scroll","background-type":"","background-media":"","overlay-type":"","overlay-color":"","overlay-opacity":"","overlay-gradient":""},"mobile":{"background-color":"var(--ast-global-color-5)","background-image":"","background-repeat":"repeat","background-position":"center center","background-size":"auto","background-attachment":"scroll","background-type":"","background-media":"","overlay-type":"","overlay-color":"","overlay-opacity":"","overlay-gradient":""}},"footnotes":""},"class_list":["post-1008","page","type-page","status-publish","hentry"],"translation":{"provider":"WPGlobus","version":"3.0.2","language":"en","enabled_languages":["de","en"],"languages":{"de":{"title":true,"content":true,"excerpt":false},"en":{"title":false,"content":false,"excerpt":false}}},"featured_image_urls_v2":{"full":"","thumbnail":"","medium":"","medium_large":"","large":"","1536x1536":"","2048x2048":""},"post_excerpt_stackable_v2":"<p>Auch Variabel verzinsliche Anleihe engl. Floating Rate Note Der Floater ist eine besondere Anleiheform bei der kein fester, sondern ein variabler Zinssatz gezahlt wird. Nach jeder Zinszahlung (z.B. nach 3, 6 oder 12 Monaten) wird der Zinssatz f\u00fcr die neue kommende Zinsperiode festgelegt. Der Zinssatz f\u00fcr diese Anleihe richtet sich dabei an einen Referenzzinssatz. F\u00fcr Euro-Anleihen ist dies der EURIBOR. Die Zinsfeststellung findet immer am Anfang der jeweiligen Periode statt. Die Zahlung der Zinsen findet dann am Ende der Periode statt. Bei den Zeitintervallen handelt es sich in der Regel um 3, 6 oder 12 Monate. Nach Ablauf eines Zeitintervalls&hellip;<\/p>\n","category_list_v2":"","author_info_v2":{"name":"PrudentWater","url":"https:\/\/prudentwater.com\/en\/author\/niklas33\/"},"comments_num_v2":"0 comments","_links":{"self":[{"href":"https:\/\/prudentwater.com\/en\/wp-json\/wp\/v2\/pages\/1008","targetHints":{"allow":["GET"]}}],"collection":[{"href":"https:\/\/prudentwater.com\/en\/wp-json\/wp\/v2\/pages"}],"about":[{"href":"https:\/\/prudentwater.com\/en\/wp-json\/wp\/v2\/types\/page"}],"author":[{"embeddable":true,"href":"https:\/\/prudentwater.com\/en\/wp-json\/wp\/v2\/users\/1"}],"replies":[{"embeddable":true,"href":"https:\/\/prudentwater.com\/en\/wp-json\/wp\/v2\/comments?post=1008"}],"version-history":[{"count":0,"href":"https:\/\/prudentwater.com\/en\/wp-json\/wp\/v2\/pages\/1008\/revisions"}],"wp:attachment":[{"href":"https:\/\/prudentwater.com\/en\/wp-json\/wp\/v2\/media?parent=1008"}],"curies":[{"name":"wp","href":"https:\/\/api.w.org\/{rel}","templated":true}]}}