{"id":10099,"date":"2017-05-31T12:12:26","date_gmt":"2017-05-31T12:12:26","guid":{"rendered":"http:\/\/www.kunnskap.de\/?page_id=10099"},"modified":"2021-06-25T12:49:02","modified_gmt":"2021-06-25T10:49:02","slug":"geldmarktzins","status":"publish","type":"page","link":"https:\/\/prudentwater.com\/en\/geldmarktzins\/","title":{"rendered":"Geldmarktzins"},"content":{"rendered":"<p>Der Geldmarktzins ist der Zinssatz f\u00fcr den Geldmarkt. Dieser wiederum ist ein nicht-lokalisierbarer Marktplatz, an dem Verbindlichkeiten mit einer Laufzeit von bis zu 12 Monaten gehandelt werden. Es existieren jedoch verschiedene Geldmarktzinss\u00e4tze, gestaffelt nach den verschiedenen Laufzeiten. Liegen die Laufzeiten der Geldanlagen jedoch \u00fcber den 12 Monaten, so gilt der Kapitalmarktzins. F\u00fcr Europa ist vor allem der EURIBOR ein wichtiger und viel beachteter Geldmarktzins, international ist es vor allem der LIBOR. In China wiederum ist der Shibor ein wichtiger Geldmarktzins. <\/p>\n","protected":false},"excerpt":{"rendered":"<p>Der Geldmarktzins ist der Zinssatz f\u00fcr den Geldmarkt. Dieser wiederum ist ein nicht-lokalisierbarer Marktplatz, an dem Verbindlichkeiten mit einer Laufzeit von bis zu 12 Monaten gehandelt werden. Es existieren jedoch verschiedene Geldmarktzinss\u00e4tze, gestaffelt nach den verschiedenen Laufzeiten. Liegen die Laufzeiten der Geldanlagen jedoch \u00fcber den 12 Monaten, so gilt der Kapitalmarktzins. F\u00fcr Europa ist vor [&hellip;]<\/p>\n","protected":false},"author":1,"featured_media":0,"parent":0,"menu_order":0,"comment_status":"closed","ping_status":"closed","template":"","meta":{"site-sidebar-layout":"default","site-content-layout":"","ast-site-content-layout":"","site-content-style":"default","site-sidebar-style":"default","ast-global-header-display":"","ast-banner-title-visibility":"","ast-main-header-display":"","ast-hfb-above-header-display":"","ast-hfb-below-header-display":"","ast-hfb-mobile-header-display":"","site-post-title":"","ast-breadcrumbs-content":"","ast-featured-img":"","footer-sml-layout":"","theme-transparent-header-meta":"","adv-header-id-meta":"","stick-header-meta":"","header-above-stick-meta":"","header-main-stick-meta":"","header-below-stick-meta":"","astra-migrate-meta-layouts":"default","ast-page-background-enabled":"default","ast-page-background-meta":{"desktop":{"background-color":"","background-image":"","background-repeat":"repeat","background-position":"center center","background-size":"auto","background-attachment":"scroll","background-type":"","background-media":"","overlay-type":"","overlay-color":"","overlay-opacity":"","overlay-gradient":""},"tablet":{"background-color":"","background-image":"","background-repeat":"repeat","background-position":"center center","background-size":"auto","background-attachment":"scroll","background-type":"","background-media":"","overlay-type":"","overlay-color":"","overlay-opacity":"","overlay-gradient":""},"mobile":{"background-color":"","background-image":"","background-repeat":"repeat","background-position":"center center","background-size":"auto","background-attachment":"scroll","background-type":"","background-media":"","overlay-type":"","overlay-color":"","overlay-opacity":"","overlay-gradient":""}},"ast-content-background-meta":{"desktop":{"background-color":"var(--ast-global-color-5)","background-image":"","background-repeat":"repeat","background-position":"center center","background-size":"auto","background-attachment":"scroll","background-type":"","background-media":"","overlay-type":"","overlay-color":"","overlay-opacity":"","overlay-gradient":""},"tablet":{"background-color":"var(--ast-global-color-5)","background-image":"","background-repeat":"repeat","background-position":"center center","background-size":"auto","background-attachment":"scroll","background-type":"","background-media":"","overlay-type":"","overlay-color":"","overlay-opacity":"","overlay-gradient":""},"mobile":{"background-color":"var(--ast-global-color-5)","background-image":"","background-repeat":"repeat","background-position":"center center","background-size":"auto","background-attachment":"scroll","background-type":"","background-media":"","overlay-type":"","overlay-color":"","overlay-opacity":"","overlay-gradient":""}},"footnotes":""},"class_list":["post-10099","page","type-page","status-publish","hentry"],"translation":{"provider":"WPGlobus","version":"3.0.2","language":"en","enabled_languages":["de","en"],"languages":{"de":{"title":true,"content":true,"excerpt":false},"en":{"title":false,"content":false,"excerpt":false}}},"featured_image_urls_v2":{"full":"","thumbnail":"","medium":"","medium_large":"","large":"","1536x1536":"","2048x2048":""},"post_excerpt_stackable_v2":"<p>Der Geldmarktzins ist der Zinssatz f\u00fcr den Geldmarkt. Dieser wiederum ist ein nicht-lokalisierbarer Marktplatz, an dem Verbindlichkeiten mit einer Laufzeit von bis zu 12 Monaten gehandelt werden. Es existieren jedoch verschiedene Geldmarktzinss\u00e4tze, gestaffelt nach den verschiedenen Laufzeiten. Liegen die Laufzeiten der Geldanlagen jedoch \u00fcber den 12 Monaten, so gilt der Kapitalmarktzins. F\u00fcr Europa ist vor allem der EURIBOR ein wichtiger und viel beachteter Geldmarktzins, international ist es vor allem der LIBOR. In China wiederum ist der Shibor ein wichtiger Geldmarktzins.<\/p>\n","category_list_v2":"","author_info_v2":{"name":"PrudentWater","url":"https:\/\/prudentwater.com\/en\/author\/niklas33\/"},"comments_num_v2":"0 comments","_links":{"self":[{"href":"https:\/\/prudentwater.com\/en\/wp-json\/wp\/v2\/pages\/10099","targetHints":{"allow":["GET"]}}],"collection":[{"href":"https:\/\/prudentwater.com\/en\/wp-json\/wp\/v2\/pages"}],"about":[{"href":"https:\/\/prudentwater.com\/en\/wp-json\/wp\/v2\/types\/page"}],"author":[{"embeddable":true,"href":"https:\/\/prudentwater.com\/en\/wp-json\/wp\/v2\/users\/1"}],"replies":[{"embeddable":true,"href":"https:\/\/prudentwater.com\/en\/wp-json\/wp\/v2\/comments?post=10099"}],"version-history":[{"count":0,"href":"https:\/\/prudentwater.com\/en\/wp-json\/wp\/v2\/pages\/10099\/revisions"}],"wp:attachment":[{"href":"https:\/\/prudentwater.com\/en\/wp-json\/wp\/v2\/media?parent=10099"}],"curies":[{"name":"wp","href":"https:\/\/api.w.org\/{rel}","templated":true}]}}