{"id":1011,"date":"2014-10-01T22:01:02","date_gmt":"2014-10-01T22:01:02","guid":{"rendered":"http:\/\/www.kunnskap.de\/?page_id=1011"},"modified":"2022-09-29T12:56:32","modified_gmt":"2022-09-29T10:56:32","slug":"ausgabepreis","status":"publish","type":"page","link":"https:\/\/prudentwater.com\/en\/ausgabepreis\/","title":{"rendered":"Ausgabepreis"},"content":{"rendered":"<p>engl.<b>Issue Price<\/b><\/p>\n<p style=\"margin-bottom: 40px;\">\n<h4>Ausgabepreis eines Fonds<\/h4>\n<p>Der Preis, der aktuell f\u00fcr den Erwerb eines Anteils an einem Investmentfonds zu zahlen ist. Er ergibt sich aus dem R\u00fccknahmepreis zuz\u00fcglich eines m\u00f6glichen Ausgabeaufschlags (Agio), welcher von der Fondsgesellschaft selbst bestimmt wird. Der Ausgabepreis eines Fonds entspricht also mindestens dem Preis, welchen der Anleger aktuell bezahlen muss, um einen Anteil am Fonds zu erwerben. Kauft der Anleger den Fonds jedoch direkt und selbstst\u00e4ndig &#8216;ganz normal&#8217; \u00fcber die B\u00f6rse, so f\u00e4llt auch kein zus\u00e4tzlicher Ausgabeaufschlag an. Dieser Ausgabeaufschlag f\u00e4llt nur dann an, wenn die Fondsanteile \u00fcber eine Bank oder einen Vermittler erworben werden.<\/p>\n<h4>Ausgabepreis bei Aktien<\/h4>\n<p>Bei neu gezeichneten Aktien w\u00e4hrend einer Kapitalerh\u00f6hung ist der Ausgabepreis der Preis, den der K\u00e4ufer pro Aktie zu bezahlen hat. Bei Aktien wird der Ausgabeaufschlag, also jener Betrag der den Nennwert der Aktie \u00fcbersteigt, als bilanzielles Eigenkapital erfasst. Bei einer erstmaligen Emission von Aktien oder Anleihen ist der Ausgabepreis der vom Emittenten au\u00dferb\u00f6rslich festgelegte erstmalige Kaufpreis der Wertpapiere. In diesem Fall ist auch vom sogenannten Emissionspreis die Rede.<\/p>\n","protected":false},"excerpt":{"rendered":"<p>engl.Issue Price Ausgabepreis eines Fonds Der Preis, der aktuell f\u00fcr den Erwerb eines Anteils an einem Investmentfonds zu zahlen ist. Er ergibt sich aus dem R\u00fccknahmepreis zuz\u00fcglich eines m\u00f6glichen Ausgabeaufschlags (Agio), welcher von der Fondsgesellschaft selbst bestimmt wird. Der Ausgabepreis eines Fonds entspricht also mindestens dem Preis, welchen der Anleger aktuell bezahlen muss, um einen [&hellip;]<\/p>\n","protected":false},"author":1,"featured_media":0,"parent":0,"menu_order":0,"comment_status":"closed","ping_status":"closed","template":"","meta":{"site-sidebar-layout":"default","site-content-layout":"","ast-site-content-layout":"","site-content-style":"default","site-sidebar-style":"default","ast-global-header-display":"","ast-banner-title-visibility":"","ast-main-header-display":"","ast-hfb-above-header-display":"","ast-hfb-below-header-display":"","ast-hfb-mobile-header-display":"","site-post-title":"","ast-breadcrumbs-content":"","ast-featured-img":"","footer-sml-layout":"","theme-transparent-header-meta":"","adv-header-id-meta":"","stick-header-meta":"","header-above-stick-meta":"","header-main-stick-meta":"","header-below-stick-meta":"","astra-migrate-meta-layouts":"default","ast-page-background-enabled":"default","ast-page-background-meta":{"desktop":{"background-color":"","background-image":"","background-repeat":"repeat","background-position":"center center","background-size":"auto","background-attachment":"scroll","background-type":"","background-media":"","overlay-type":"","overlay-color":"","overlay-opacity":"","overlay-gradient":""},"tablet":{"background-color":"","background-image":"","background-repeat":"repeat","background-position":"center center","background-size":"auto","background-attachment":"scroll","background-type":"","background-media":"","overlay-type":"","overlay-color":"","overlay-opacity":"","overlay-gradient":""},"mobile":{"background-color":"","background-image":"","background-repeat":"repeat","background-position":"center center","background-size":"auto","background-attachment":"scroll","background-type":"","background-media":"","overlay-type":"","overlay-color":"","overlay-opacity":"","overlay-gradient":""}},"ast-content-background-meta":{"desktop":{"background-color":"var(--ast-global-color-5)","background-image":"","background-repeat":"repeat","background-position":"center center","background-size":"auto","background-attachment":"scroll","background-type":"","background-media":"","overlay-type":"","overlay-color":"","overlay-opacity":"","overlay-gradient":""},"tablet":{"background-color":"var(--ast-global-color-5)","background-image":"","background-repeat":"repeat","background-position":"center center","background-size":"auto","background-attachment":"scroll","background-type":"","background-media":"","overlay-type":"","overlay-color":"","overlay-opacity":"","overlay-gradient":""},"mobile":{"background-color":"var(--ast-global-color-5)","background-image":"","background-repeat":"repeat","background-position":"center center","background-size":"auto","background-attachment":"scroll","background-type":"","background-media":"","overlay-type":"","overlay-color":"","overlay-opacity":"","overlay-gradient":""}},"footnotes":""},"class_list":["post-1011","page","type-page","status-publish","hentry"],"translation":{"provider":"WPGlobus","version":"3.0.2","language":"en","enabled_languages":["de","en"],"languages":{"de":{"title":true,"content":true,"excerpt":false},"en":{"title":false,"content":false,"excerpt":false}}},"featured_image_urls_v2":{"full":"","thumbnail":"","medium":"","medium_large":"","large":"","1536x1536":"","2048x2048":""},"post_excerpt_stackable_v2":"<p>engl.Issue Price Ausgabepreis eines Fonds Der Preis, der aktuell f\u00fcr den Erwerb eines Anteils an einem Investmentfonds zu zahlen ist. Er ergibt sich aus dem R\u00fccknahmepreis zuz\u00fcglich eines m\u00f6glichen Ausgabeaufschlags (Agio), welcher von der Fondsgesellschaft selbst bestimmt wird. Der Ausgabepreis eines Fonds entspricht also mindestens dem Preis, welchen der Anleger aktuell bezahlen muss, um einen Anteil am Fonds zu erwerben. Kauft der Anleger den Fonds jedoch direkt und selbstst\u00e4ndig &#8216;ganz normal&#8217; \u00fcber die B\u00f6rse, so f\u00e4llt auch kein zus\u00e4tzlicher Ausgabeaufschlag an. Dieser Ausgabeaufschlag f\u00e4llt nur dann an, wenn die Fondsanteile \u00fcber eine Bank oder einen Vermittler erworben werden. Ausgabepreis bei&hellip;<\/p>\n","category_list_v2":"","author_info_v2":{"name":"PrudentWater","url":"https:\/\/prudentwater.com\/en\/author\/niklas33\/"},"comments_num_v2":"0 comments","_links":{"self":[{"href":"https:\/\/prudentwater.com\/en\/wp-json\/wp\/v2\/pages\/1011","targetHints":{"allow":["GET"]}}],"collection":[{"href":"https:\/\/prudentwater.com\/en\/wp-json\/wp\/v2\/pages"}],"about":[{"href":"https:\/\/prudentwater.com\/en\/wp-json\/wp\/v2\/types\/page"}],"author":[{"embeddable":true,"href":"https:\/\/prudentwater.com\/en\/wp-json\/wp\/v2\/users\/1"}],"replies":[{"embeddable":true,"href":"https:\/\/prudentwater.com\/en\/wp-json\/wp\/v2\/comments?post=1011"}],"version-history":[{"count":0,"href":"https:\/\/prudentwater.com\/en\/wp-json\/wp\/v2\/pages\/1011\/revisions"}],"wp:attachment":[{"href":"https:\/\/prudentwater.com\/en\/wp-json\/wp\/v2\/media?parent=1011"}],"curies":[{"name":"wp","href":"https:\/\/api.w.org\/{rel}","templated":true}]}}