{"id":1013,"date":"2014-10-01T22:09:20","date_gmt":"2014-10-01T22:09:20","guid":{"rendered":"http:\/\/www.kunnskap.de\/?page_id=1013"},"modified":"2022-09-29T13:32:56","modified_gmt":"2022-09-29T11:32:56","slug":"emissionskurs","status":"publish","type":"page","link":"https:\/\/prudentwater.com\/en\/emissionskurs\/","title":{"rendered":"Emissionskurs"},"content":{"rendered":"<p>Auch <b>Emissionspreis<\/b><\/p>\n<p>Der Emissionskurs ist jener Preis, zu dem Anleger die neu ausgegebenen Aktien oder Anleihen erstmalig \u00fcber die B\u00f6rse erwerben k\u00f6nnen. Zum Emissionskurs wird der breiten \u00d6ffentlichkeit also erstmalig \u00fcber die B\u00f6rse die entsprechenden Wertpapiere angeboten. Der Emissionskurs wird entweder mittels Bookbuilding oder mittels Festpreisverfahren bestimmt. Bei dem Festpreisverfahren wird der Emissionskurs im Vorfeld der Emission ermittelt, bei dem Bookbuilding-Verfahren hingegen durch unverbindliche, vorherige Angebote von Kaufinteressenten. Letzteres Verfahren hat sich in der Vergangenheit durchgesetzt. In beiden F\u00e4llen und generell wird der Emissionskurs jedoch vor dem IPO vom Emittenten und hinzugezogenen Finanzinstituten au\u00dferb\u00f6rslich festgelegt.<\/p>\n<h4>Emissionskurs als Erfolgsmesser der Emission<\/h4>\n<p>Ist die Nachfrage gr\u00f6\u00dfer als das Angebot an Aktien, so spricht man von einer \u00dcberzeichnung der Emission. Ist das Angebot an Aktien hingegen gr\u00f6\u00dfer als die Nachfrage, so spricht man von einer Unterzeichnung. In der Regel werden Aktien zu einem Emissionskurs ausgegeben, der \u00fcber dem Nominalwert der Aktie liegt. Die Differenz zwischen Ausgabekurs und Nominalwert bezeichnet man dann auch als Agio. Es wurde somit ein Aufgeld bezahlt, um die Aktien zu erhalten. Die H\u00f6he des Agios gibt dabei gleichzeitig an, wie stark die Nachfrage war. Dieses Aufgeld ist dann Bestandteil des Eigenkapitals des Unternehmens. Ein Disagio, bei dem der Kurs unter dem Nominalwert der Aktie liegt, ist verboten. Bei Anleihen ist er jedoch erlaubt und wird genutzt, um die Attraktivit\u00e4t der Anleihen zu steigern.<\/p>\n","protected":false},"excerpt":{"rendered":"<p>Auch Emissionspreis Der Emissionskurs ist jener Preis, zu dem Anleger die neu ausgegebenen Aktien oder Anleihen erstmalig \u00fcber die B\u00f6rse erwerben k\u00f6nnen. Zum Emissionskurs wird der breiten \u00d6ffentlichkeit also erstmalig \u00fcber die B\u00f6rse die entsprechenden Wertpapiere angeboten. Der Emissionskurs wird entweder mittels Bookbuilding oder mittels Festpreisverfahren bestimmt. Bei dem Festpreisverfahren wird der Emissionskurs im Vorfeld [&hellip;]<\/p>\n","protected":false},"author":1,"featured_media":0,"parent":0,"menu_order":0,"comment_status":"closed","ping_status":"closed","template":"","meta":{"site-sidebar-layout":"default","site-content-layout":"","ast-site-content-layout":"","site-content-style":"default","site-sidebar-style":"default","ast-global-header-display":"","ast-banner-title-visibility":"","ast-main-header-display":"","ast-hfb-above-header-display":"","ast-hfb-below-header-display":"","ast-hfb-mobile-header-display":"","site-post-title":"","ast-breadcrumbs-content":"","ast-featured-img":"","footer-sml-layout":"","theme-transparent-header-meta":"","adv-header-id-meta":"","stick-header-meta":"","header-above-stick-meta":"","header-main-stick-meta":"","header-below-stick-meta":"","astra-migrate-meta-layouts":"default","ast-page-background-enabled":"default","ast-page-background-meta":{"desktop":{"background-color":"","background-image":"","background-repeat":"repeat","background-position":"center center","background-size":"auto","background-attachment":"scroll","background-type":"","background-media":"","overlay-type":"","overlay-color":"","overlay-opacity":"","overlay-gradient":""},"tablet":{"background-color":"","background-image":"","background-repeat":"repeat","background-position":"center center","background-size":"auto","background-attachment":"scroll","background-type":"","background-media":"","overlay-type":"","overlay-color":"","overlay-opacity":"","overlay-gradient":""},"mobile":{"background-color":"","background-image":"","background-repeat":"repeat","background-position":"center center","background-size":"auto","background-attachment":"scroll","background-type":"","background-media":"","overlay-type":"","overlay-color":"","overlay-opacity":"","overlay-gradient":""}},"ast-content-background-meta":{"desktop":{"background-color":"var(--ast-global-color-5)","background-image":"","background-repeat":"repeat","background-position":"center center","background-size":"auto","background-attachment":"scroll","background-type":"","background-media":"","overlay-type":"","overlay-color":"","overlay-opacity":"","overlay-gradient":""},"tablet":{"background-color":"var(--ast-global-color-5)","background-image":"","background-repeat":"repeat","background-position":"center center","background-size":"auto","background-attachment":"scroll","background-type":"","background-media":"","overlay-type":"","overlay-color":"","overlay-opacity":"","overlay-gradient":""},"mobile":{"background-color":"var(--ast-global-color-5)","background-image":"","background-repeat":"repeat","background-position":"center center","background-size":"auto","background-attachment":"scroll","background-type":"","background-media":"","overlay-type":"","overlay-color":"","overlay-opacity":"","overlay-gradient":""}},"footnotes":""},"class_list":["post-1013","page","type-page","status-publish","hentry"],"translation":{"provider":"WPGlobus","version":"3.0.2","language":"en","enabled_languages":["de","en"],"languages":{"de":{"title":true,"content":true,"excerpt":false},"en":{"title":false,"content":false,"excerpt":false}}},"featured_image_urls_v2":{"full":"","thumbnail":"","medium":"","medium_large":"","large":"","1536x1536":"","2048x2048":""},"post_excerpt_stackable_v2":"<p>Auch Emissionspreis Der Emissionskurs ist jener Preis, zu dem Anleger die neu ausgegebenen Aktien oder Anleihen erstmalig \u00fcber die B\u00f6rse erwerben k\u00f6nnen. Zum Emissionskurs wird der breiten \u00d6ffentlichkeit also erstmalig \u00fcber die B\u00f6rse die entsprechenden Wertpapiere angeboten. Der Emissionskurs wird entweder mittels Bookbuilding oder mittels Festpreisverfahren bestimmt. Bei dem Festpreisverfahren wird der Emissionskurs im Vorfeld der Emission ermittelt, bei dem Bookbuilding-Verfahren hingegen durch unverbindliche, vorherige Angebote von Kaufinteressenten. Letzteres Verfahren hat sich in der Vergangenheit durchgesetzt. In beiden F\u00e4llen und generell wird der Emissionskurs jedoch vor dem IPO vom Emittenten und hinzugezogenen Finanzinstituten au\u00dferb\u00f6rslich festgelegt. Emissionskurs als Erfolgsmesser der Emission&hellip;<\/p>\n","category_list_v2":"","author_info_v2":{"name":"PrudentWater","url":"https:\/\/prudentwater.com\/en\/author\/niklas33\/"},"comments_num_v2":"0 comments","_links":{"self":[{"href":"https:\/\/prudentwater.com\/en\/wp-json\/wp\/v2\/pages\/1013","targetHints":{"allow":["GET"]}}],"collection":[{"href":"https:\/\/prudentwater.com\/en\/wp-json\/wp\/v2\/pages"}],"about":[{"href":"https:\/\/prudentwater.com\/en\/wp-json\/wp\/v2\/types\/page"}],"author":[{"embeddable":true,"href":"https:\/\/prudentwater.com\/en\/wp-json\/wp\/v2\/users\/1"}],"replies":[{"embeddable":true,"href":"https:\/\/prudentwater.com\/en\/wp-json\/wp\/v2\/comments?post=1013"}],"version-history":[{"count":0,"href":"https:\/\/prudentwater.com\/en\/wp-json\/wp\/v2\/pages\/1013\/revisions"}],"wp:attachment":[{"href":"https:\/\/prudentwater.com\/en\/wp-json\/wp\/v2\/media?parent=1013"}],"curies":[{"name":"wp","href":"https:\/\/api.w.org\/{rel}","templated":true}]}}