{"id":10145,"date":"2017-06-11T11:23:22","date_gmt":"2017-06-11T11:23:22","guid":{"rendered":"http:\/\/www.kunnskap.de\/?page_id=10145"},"modified":"2021-06-25T12:50:11","modified_gmt":"2021-06-25T10:50:11","slug":"smart-beta-etf","status":"publish","type":"page","link":"https:\/\/prudentwater.com\/en\/smart-beta-etf\/","title":{"rendered":"Smart Beta ETF"},"content":{"rendered":"<p>Ein sogenannter Smart Beta ETF ist eine spezielle Art eines Exchange Trades Fonds, welcher versucht strategisch &#8220;mitzudenken&#8221; und nicht lediglich einen bestimmten Index abbildet. Ein herk\u00f6mmlicher ETF versucht einen Index wie den DAX oder den S&#038;P 500 m\u00f6glichst genau abzubilden, sodass der ETF beinahe 1:1 die Wertentwicklung des jeweiligen Index nachbildet. Ein Smart Beta ETF hingegen versucht nun die Rendite des ETF zu verbessern, indem er \u00fcber das blo\u00dfe Abbilden des Index hinausgeht und eine eigene Strategie entwickelt. Daf\u00fcr sind jedoch wieder Fondsmanager n\u00f6tig, wodurch ein Smart Beta ETF leicht teurer ist als ein herk\u00f6mmlicher ETF. Eine oft genutzte Strategie von Smart Beta ETFs ist es dabei, die Zusammensetzung des ETFs anders zu gewichten, als sie im Index vorliegt. So k\u00f6nnen beispielsweise dividendenstarke Aktien eine h\u00f6here Gewichtung im ETF erhalten, als sie eigentlich im nachzubildenden Index vorliegt. Der Smart Beta ETF bildet weiterhin einen bestimmten Index ab, jedoch nimmt er Anpassungen vor und entwickelt eine eigene Strategie, mit dem Ziel, so die Performance zu verbessern. <\/p>\n","protected":false},"excerpt":{"rendered":"<p>Ein sogenannter Smart Beta ETF ist eine spezielle Art eines Exchange Trades Fonds, welcher versucht strategisch &#8220;mitzudenken&#8221; und nicht lediglich einen bestimmten Index abbildet. Ein herk\u00f6mmlicher ETF versucht einen Index wie den DAX oder den S&#038;P 500 m\u00f6glichst genau abzubilden, sodass der ETF beinahe 1:1 die Wertentwicklung des jeweiligen Index nachbildet. Ein Smart Beta ETF [&hellip;]<\/p>\n","protected":false},"author":1,"featured_media":0,"parent":0,"menu_order":0,"comment_status":"closed","ping_status":"closed","template":"","meta":{"site-sidebar-layout":"default","site-content-layout":"","ast-site-content-layout":"","site-content-style":"default","site-sidebar-style":"default","ast-global-header-display":"","ast-banner-title-visibility":"","ast-main-header-display":"","ast-hfb-above-header-display":"","ast-hfb-below-header-display":"","ast-hfb-mobile-header-display":"","site-post-title":"","ast-breadcrumbs-content":"","ast-featured-img":"","footer-sml-layout":"","theme-transparent-header-meta":"","adv-header-id-meta":"","stick-header-meta":"","header-above-stick-meta":"","header-main-stick-meta":"","header-below-stick-meta":"","astra-migrate-meta-layouts":"default","ast-page-background-enabled":"default","ast-page-background-meta":{"desktop":{"background-color":"","background-image":"","background-repeat":"repeat","background-position":"center center","background-size":"auto","background-attachment":"scroll","background-type":"","background-media":"","overlay-type":"","overlay-color":"","overlay-opacity":"","overlay-gradient":""},"tablet":{"background-color":"","background-image":"","background-repeat":"repeat","background-position":"center center","background-size":"auto","background-attachment":"scroll","background-type":"","background-media":"","overlay-type":"","overlay-color":"","overlay-opacity":"","overlay-gradient":""},"mobile":{"background-color":"","background-image":"","background-repeat":"repeat","background-position":"center center","background-size":"auto","background-attachment":"scroll","background-type":"","background-media":"","overlay-type":"","overlay-color":"","overlay-opacity":"","overlay-gradient":""}},"ast-content-background-meta":{"desktop":{"background-color":"var(--ast-global-color-5)","background-image":"","background-repeat":"repeat","background-position":"center center","background-size":"auto","background-attachment":"scroll","background-type":"","background-media":"","overlay-type":"","overlay-color":"","overlay-opacity":"","overlay-gradient":""},"tablet":{"background-color":"var(--ast-global-color-5)","background-image":"","background-repeat":"repeat","background-position":"center center","background-size":"auto","background-attachment":"scroll","background-type":"","background-media":"","overlay-type":"","overlay-color":"","overlay-opacity":"","overlay-gradient":""},"mobile":{"background-color":"var(--ast-global-color-5)","background-image":"","background-repeat":"repeat","background-position":"center center","background-size":"auto","background-attachment":"scroll","background-type":"","background-media":"","overlay-type":"","overlay-color":"","overlay-opacity":"","overlay-gradient":""}},"footnotes":""},"class_list":["post-10145","page","type-page","status-publish","hentry"],"translation":{"provider":"WPGlobus","version":"3.0.2","language":"en","enabled_languages":["de","en"],"languages":{"de":{"title":true,"content":true,"excerpt":false},"en":{"title":false,"content":false,"excerpt":false}}},"featured_image_urls_v2":{"full":"","thumbnail":"","medium":"","medium_large":"","large":"","1536x1536":"","2048x2048":""},"post_excerpt_stackable_v2":"<p>Ein sogenannter Smart Beta ETF ist eine spezielle Art eines Exchange Trades Fonds, welcher versucht strategisch &#8220;mitzudenken&#8221; und nicht lediglich einen bestimmten Index abbildet. Ein herk\u00f6mmlicher ETF versucht einen Index wie den DAX oder den S&#038;P 500 m\u00f6glichst genau abzubilden, sodass der ETF beinahe 1:1 die Wertentwicklung des jeweiligen Index nachbildet. Ein Smart Beta ETF hingegen versucht nun die Rendite des ETF zu verbessern, indem er \u00fcber das blo\u00dfe Abbilden des Index hinausgeht und eine eigene Strategie entwickelt. Daf\u00fcr sind jedoch wieder Fondsmanager n\u00f6tig, wodurch ein Smart Beta ETF leicht teurer ist als ein herk\u00f6mmlicher ETF. Eine oft genutzte Strategie&hellip;<\/p>\n","category_list_v2":"","author_info_v2":{"name":"PrudentWater","url":"https:\/\/prudentwater.com\/en\/author\/niklas33\/"},"comments_num_v2":"0 comments","_links":{"self":[{"href":"https:\/\/prudentwater.com\/en\/wp-json\/wp\/v2\/pages\/10145","targetHints":{"allow":["GET"]}}],"collection":[{"href":"https:\/\/prudentwater.com\/en\/wp-json\/wp\/v2\/pages"}],"about":[{"href":"https:\/\/prudentwater.com\/en\/wp-json\/wp\/v2\/types\/page"}],"author":[{"embeddable":true,"href":"https:\/\/prudentwater.com\/en\/wp-json\/wp\/v2\/users\/1"}],"replies":[{"embeddable":true,"href":"https:\/\/prudentwater.com\/en\/wp-json\/wp\/v2\/comments?post=10145"}],"version-history":[{"count":0,"href":"https:\/\/prudentwater.com\/en\/wp-json\/wp\/v2\/pages\/10145\/revisions"}],"wp:attachment":[{"href":"https:\/\/prudentwater.com\/en\/wp-json\/wp\/v2\/media?parent=10145"}],"curies":[{"name":"wp","href":"https:\/\/api.w.org\/{rel}","templated":true}]}}