{"id":1018,"date":"2014-10-02T20:35:45","date_gmt":"2014-10-02T20:35:45","guid":{"rendered":"http:\/\/www.kunnskap.de\/?page_id=1018"},"modified":"2021-06-25T12:48:19","modified_gmt":"2021-06-25T10:48:19","slug":"ausgabeaufschlag","status":"publish","type":"page","link":"https:\/\/prudentwater.com\/en\/ausgabeaufschlag\/","title":{"rendered":"Ausgabeaufschlag"},"content":{"rendered":"<p>engl. <strong>Asset Based Fees<\/strong><\/p>\n<hr>\n<h4>Augabeaufschlag bei Fonds<\/h4>\n<p>Bei dem Ausgabeaufschlag f\u00fcr einen Fonds handelt es sich um eine Art Geb\u00fchr, die der K\u00e4ufer an die Bank, den Vermittler oder an die Kapitalanlagegesellschaft einmalig zahlen muss. Der Ausgabeaufschlag ist somit nicht Teil des angelegten Kapitals. Verkauft der Anleger seine Fondsteilen wieder, bekommt der Investor den Ausgabeaufschlag nicht zur\u00fcck. Er dient den Kapitalgesellschaften haupts\u00e4chlich dazu, die Vertriebskosten zu decken. Der Ausgabeaufschlag f\u00e4llt einmalig an.<\/p>\n<hr>\n<h6>Berechnung:<\/h6>\n<p><center><img loading=\"lazy\" decoding=\"async\" src=\"https:\/\/prudentwater.com\/wp-content\/uploads\/2021\/05\/Ausgabeaufschlag.png\" alt=\"Ausgabeaufschlag\" class=\"alignnone size-full wp-image-8710\" width=\"621\" height=\"55\" title=\"\"><\/center><\/p>\n<hr>\n<p>Der Ausgabeaufschlag liegt in der Regel zwischen 1 % bis 5 %. Der Ausgabeaufschlag eines Fonds ist die Differenz (Spread) zwischen Ausgabepreis und R\u00fccknahmepreis, welcher von der Fondsgesellschaft b\u00f6rsent\u00e4glich gestellt wird. Je nachdem wor\u00fcber der Fonds gekauft wird, kann der Ausgabeaufschlag reduziert werden. Rabatte auf den Ausgabeaufschlag gibt es bei Fondsvermittlern bzw. Fondsdiscountern. Kauft der Anleger jedoch den Fonds \u00fcber die B\u00f6rse, so f\u00e4llt kein Ausgabeaufschlag an. Beim Kauf eines Fonds \u00fcber die B\u00f6rse f\u00e4llt in Bezug auf die Kosten der Spread &#8211; also die Spanne zwischen An- und Verkaufskurs eines Fondsanteils &#8211; die Ordergeb\u00fchren des Brokers sowie die Courtage an. Deshalb sollten Anleger Fondsanteile stets selbstst\u00e4ndig \u00fcber die B\u00f6rse kaufen, da dann kein Ausgabeaufschlag anf\u00e4llt.<\/p>\n<hr>\n<h4>Augabeaufschlag bei Aktien<\/h4>\n<p>Bei Aktien ist der Ausgabeaufschlag (auch Agio genannt) jener Betrag, der bei der Emission den Nennwert je Aktie \u00fcbersteigt. Bei Aktien wird das Agio von der Aktiengesellschaft als bilanzielles Eigenkapital erfasst. Je h\u00f6her der Bezugspreis bei einer Emission von Aktien, desto gr\u00f6\u00dfer auch das Agio.<\/p>\n","protected":false},"excerpt":{"rendered":"<p>engl. Asset Based Fees Augabeaufschlag bei Fonds Bei dem Ausgabeaufschlag f\u00fcr einen Fonds handelt es sich um eine Art Geb\u00fchr, die der K\u00e4ufer an die Bank, den Vermittler oder an die Kapitalanlagegesellschaft einmalig zahlen muss. Der Ausgabeaufschlag ist somit nicht Teil des angelegten Kapitals. Verkauft der Anleger seine Fondsteilen wieder, bekommt der Investor den Ausgabeaufschlag [&hellip;]<\/p>\n","protected":false},"author":1,"featured_media":0,"parent":0,"menu_order":0,"comment_status":"closed","ping_status":"closed","template":"","meta":{"site-sidebar-layout":"default","site-content-layout":"","ast-site-content-layout":"","site-content-style":"default","site-sidebar-style":"default","ast-global-header-display":"","ast-banner-title-visibility":"","ast-main-header-display":"","ast-hfb-above-header-display":"","ast-hfb-below-header-display":"","ast-hfb-mobile-header-display":"","site-post-title":"","ast-breadcrumbs-content":"","ast-featured-img":"","footer-sml-layout":"","theme-transparent-header-meta":"","adv-header-id-meta":"","stick-header-meta":"","header-above-stick-meta":"","header-main-stick-meta":"","header-below-stick-meta":"","astra-migrate-meta-layouts":"default","ast-page-background-enabled":"default","ast-page-background-meta":{"desktop":{"background-color":"","background-image":"","background-repeat":"repeat","background-position":"center center","background-size":"auto","background-attachment":"scroll","background-type":"","background-media":"","overlay-type":"","overlay-color":"","overlay-opacity":"","overlay-gradient":""},"tablet":{"background-color":"","background-image":"","background-repeat":"repeat","background-position":"center center","background-size":"auto","background-attachment":"scroll","background-type":"","background-media":"","overlay-type":"","overlay-color":"","overlay-opacity":"","overlay-gradient":""},"mobile":{"background-color":"","background-image":"","background-repeat":"repeat","background-position":"center center","background-size":"auto","background-attachment":"scroll","background-type":"","background-media":"","overlay-type":"","overlay-color":"","overlay-opacity":"","overlay-gradient":""}},"ast-content-background-meta":{"desktop":{"background-color":"var(--ast-global-color-5)","background-image":"","background-repeat":"repeat","background-position":"center center","background-size":"auto","background-attachment":"scroll","background-type":"","background-media":"","overlay-type":"","overlay-color":"","overlay-opacity":"","overlay-gradient":""},"tablet":{"background-color":"var(--ast-global-color-5)","background-image":"","background-repeat":"repeat","background-position":"center center","background-size":"auto","background-attachment":"scroll","background-type":"","background-media":"","overlay-type":"","overlay-color":"","overlay-opacity":"","overlay-gradient":""},"mobile":{"background-color":"var(--ast-global-color-5)","background-image":"","background-repeat":"repeat","background-position":"center center","background-size":"auto","background-attachment":"scroll","background-type":"","background-media":"","overlay-type":"","overlay-color":"","overlay-opacity":"","overlay-gradient":""}},"footnotes":""},"class_list":["post-1018","page","type-page","status-publish","hentry"],"translation":{"provider":"WPGlobus","version":"3.0.2","language":"en","enabled_languages":["de","en"],"languages":{"de":{"title":true,"content":true,"excerpt":false},"en":{"title":false,"content":false,"excerpt":false}}},"featured_image_urls_v2":{"full":"","thumbnail":"","medium":"","medium_large":"","large":"","1536x1536":"","2048x2048":""},"post_excerpt_stackable_v2":"<p>engl. Asset Based Fees Augabeaufschlag bei Fonds Bei dem Ausgabeaufschlag f\u00fcr einen Fonds handelt es sich um eine Art Geb\u00fchr, die der K\u00e4ufer an die Bank, den Vermittler oder an die Kapitalanlagegesellschaft einmalig zahlen muss. Der Ausgabeaufschlag ist somit nicht Teil des angelegten Kapitals. Verkauft der Anleger seine Fondsteilen wieder, bekommt der Investor den Ausgabeaufschlag nicht zur\u00fcck. Er dient den Kapitalgesellschaften haupts\u00e4chlich dazu, die Vertriebskosten zu decken. Der Ausgabeaufschlag f\u00e4llt einmalig an. Berechnung: Der Ausgabeaufschlag liegt in der Regel zwischen 1 % bis 5 %. Der Ausgabeaufschlag eines Fonds ist die Differenz (Spread) zwischen Ausgabepreis und R\u00fccknahmepreis, welcher von der&hellip;<\/p>\n","category_list_v2":"","author_info_v2":{"name":"PrudentWater","url":"https:\/\/prudentwater.com\/en\/author\/niklas33\/"},"comments_num_v2":"0 comments","_links":{"self":[{"href":"https:\/\/prudentwater.com\/en\/wp-json\/wp\/v2\/pages\/1018","targetHints":{"allow":["GET"]}}],"collection":[{"href":"https:\/\/prudentwater.com\/en\/wp-json\/wp\/v2\/pages"}],"about":[{"href":"https:\/\/prudentwater.com\/en\/wp-json\/wp\/v2\/types\/page"}],"author":[{"embeddable":true,"href":"https:\/\/prudentwater.com\/en\/wp-json\/wp\/v2\/users\/1"}],"replies":[{"embeddable":true,"href":"https:\/\/prudentwater.com\/en\/wp-json\/wp\/v2\/comments?post=1018"}],"version-history":[{"count":0,"href":"https:\/\/prudentwater.com\/en\/wp-json\/wp\/v2\/pages\/1018\/revisions"}],"wp:attachment":[{"href":"https:\/\/prudentwater.com\/en\/wp-json\/wp\/v2\/media?parent=1018"}],"curies":[{"name":"wp","href":"https:\/\/api.w.org\/{rel}","templated":true}]}}