{"id":10211,"date":"2017-06-23T10:26:43","date_gmt":"2017-06-23T10:26:43","guid":{"rendered":"http:\/\/www.kunnskap.de\/?page_id=10211"},"modified":"2021-06-25T12:48:25","modified_gmt":"2021-06-25T10:48:25","slug":"delist","status":"publish","type":"page","link":"https:\/\/prudentwater.com\/en\/delist\/","title":{"rendered":"Delisting"},"content":{"rendered":"<p>Bei einem Delisting wird eine Aktiengesellschaft von der B\u00f6rse entfernt. Die Aktien sind anschlie\u00dfend nicht mehr an der B\u00f6rse handelbar. Dabei kann es sich um einen kompletten B\u00f6rsenabzug handeln oder aber die Aktie wird nur an einer bestimmten B\u00f6rse nicht mehr gehandelt. Eine deutsche Aktiengesellschaft, die in Frankfurt und an der New York Stock Exchange gelistet ist, kann ein Delisting f\u00fcr New York beantragen und vornehmen. Die Aktie ist somit jedoch weiterhin in Frankfurt gelistet und dort handelbar. Handelt es sich jedoch um einen kompletten B\u00f6rsenabzug, ist der Grund oftmals ein Going Private, sprich, das Unternehmen wird anschlie\u00dfend privat weitergef\u00fchrt. Oft tritt ein Delisting auch dann ein, wenn die noch Aktiengesellschaft von einem anderen Unternehmen komplett \u00fcbernommen wird, es also zu einer Akquisition kommt.<\/p>\n","protected":false},"excerpt":{"rendered":"<p>Bei einem Delisting wird eine Aktiengesellschaft von der B\u00f6rse entfernt. Die Aktien sind anschlie\u00dfend nicht mehr an der B\u00f6rse handelbar. Dabei kann es sich um einen kompletten B\u00f6rsenabzug handeln oder aber die Aktie wird nur an einer bestimmten B\u00f6rse nicht mehr gehandelt. Eine deutsche Aktiengesellschaft, die in Frankfurt und an der New York Stock Exchange [&hellip;]<\/p>\n","protected":false},"author":1,"featured_media":0,"parent":0,"menu_order":0,"comment_status":"closed","ping_status":"closed","template":"","meta":{"site-sidebar-layout":"default","site-content-layout":"","ast-site-content-layout":"","site-content-style":"default","site-sidebar-style":"default","ast-global-header-display":"","ast-banner-title-visibility":"","ast-main-header-display":"","ast-hfb-above-header-display":"","ast-hfb-below-header-display":"","ast-hfb-mobile-header-display":"","site-post-title":"","ast-breadcrumbs-content":"","ast-featured-img":"","footer-sml-layout":"","theme-transparent-header-meta":"","adv-header-id-meta":"","stick-header-meta":"","header-above-stick-meta":"","header-main-stick-meta":"","header-below-stick-meta":"","astra-migrate-meta-layouts":"default","ast-page-background-enabled":"default","ast-page-background-meta":{"desktop":{"background-color":"","background-image":"","background-repeat":"repeat","background-position":"center center","background-size":"auto","background-attachment":"scroll","background-type":"","background-media":"","overlay-type":"","overlay-color":"","overlay-opacity":"","overlay-gradient":""},"tablet":{"background-color":"","background-image":"","background-repeat":"repeat","background-position":"center center","background-size":"auto","background-attachment":"scroll","background-type":"","background-media":"","overlay-type":"","overlay-color":"","overlay-opacity":"","overlay-gradient":""},"mobile":{"background-color":"","background-image":"","background-repeat":"repeat","background-position":"center center","background-size":"auto","background-attachment":"scroll","background-type":"","background-media":"","overlay-type":"","overlay-color":"","overlay-opacity":"","overlay-gradient":""}},"ast-content-background-meta":{"desktop":{"background-color":"var(--ast-global-color-5)","background-image":"","background-repeat":"repeat","background-position":"center center","background-size":"auto","background-attachment":"scroll","background-type":"","background-media":"","overlay-type":"","overlay-color":"","overlay-opacity":"","overlay-gradient":""},"tablet":{"background-color":"var(--ast-global-color-5)","background-image":"","background-repeat":"repeat","background-position":"center center","background-size":"auto","background-attachment":"scroll","background-type":"","background-media":"","overlay-type":"","overlay-color":"","overlay-opacity":"","overlay-gradient":""},"mobile":{"background-color":"var(--ast-global-color-5)","background-image":"","background-repeat":"repeat","background-position":"center center","background-size":"auto","background-attachment":"scroll","background-type":"","background-media":"","overlay-type":"","overlay-color":"","overlay-opacity":"","overlay-gradient":""}},"footnotes":""},"class_list":["post-10211","page","type-page","status-publish","hentry"],"translation":{"provider":"WPGlobus","version":"3.0.2","language":"en","enabled_languages":["de","en"],"languages":{"de":{"title":true,"content":true,"excerpt":false},"en":{"title":false,"content":false,"excerpt":false}}},"featured_image_urls_v2":{"full":"","thumbnail":"","medium":"","medium_large":"","large":"","1536x1536":"","2048x2048":""},"post_excerpt_stackable_v2":"<p>Bei einem Delisting wird eine Aktiengesellschaft von der B\u00f6rse entfernt. Die Aktien sind anschlie\u00dfend nicht mehr an der B\u00f6rse handelbar. Dabei kann es sich um einen kompletten B\u00f6rsenabzug handeln oder aber die Aktie wird nur an einer bestimmten B\u00f6rse nicht mehr gehandelt. Eine deutsche Aktiengesellschaft, die in Frankfurt und an der New York Stock Exchange gelistet ist, kann ein Delisting f\u00fcr New York beantragen und vornehmen. Die Aktie ist somit jedoch weiterhin in Frankfurt gelistet und dort handelbar. Handelt es sich jedoch um einen kompletten B\u00f6rsenabzug, ist der Grund oftmals ein Going Private, sprich, das Unternehmen wird anschlie\u00dfend privat weitergef\u00fchrt.&hellip;<\/p>\n","category_list_v2":"","author_info_v2":{"name":"PrudentWater","url":"https:\/\/prudentwater.com\/en\/author\/niklas33\/"},"comments_num_v2":"0 comments","_links":{"self":[{"href":"https:\/\/prudentwater.com\/en\/wp-json\/wp\/v2\/pages\/10211","targetHints":{"allow":["GET"]}}],"collection":[{"href":"https:\/\/prudentwater.com\/en\/wp-json\/wp\/v2\/pages"}],"about":[{"href":"https:\/\/prudentwater.com\/en\/wp-json\/wp\/v2\/types\/page"}],"author":[{"embeddable":true,"href":"https:\/\/prudentwater.com\/en\/wp-json\/wp\/v2\/users\/1"}],"replies":[{"embeddable":true,"href":"https:\/\/prudentwater.com\/en\/wp-json\/wp\/v2\/comments?post=10211"}],"version-history":[{"count":0,"href":"https:\/\/prudentwater.com\/en\/wp-json\/wp\/v2\/pages\/10211\/revisions"}],"wp:attachment":[{"href":"https:\/\/prudentwater.com\/en\/wp-json\/wp\/v2\/media?parent=10211"}],"curies":[{"name":"wp","href":"https:\/\/api.w.org\/{rel}","templated":true}]}}