{"id":1042,"date":"2014-10-06T19:48:14","date_gmt":"2014-10-06T19:48:14","guid":{"rendered":"http:\/\/www.kunnskap.de\/?page_id=1042"},"modified":"2021-06-25T12:50:41","modified_gmt":"2021-06-25T10:50:41","slug":"zweitmarkt-fur-geschlossene-fonds","status":"publish","type":"page","link":"https:\/\/prudentwater.com\/en\/zweitmarkt-fur-geschlossene-fonds\/","title":{"rendered":"Zweitmarkt f\u00fcr geschlossene Fonds"},"content":{"rendered":"<p>Der Zweitmarkt f\u00fcr geschlossene Fonds ist ein Sekund\u00e4rmarkt, an dem Anteile an bestehenden geschlossenen Fonds vor dem Laufzeitende gehandelt werden. Da Anteile von geschlossenen Fonds nicht w\u00e4hrend der Laufzeit von den Emittenten zur\u00fcckgenommen werden, hat sich ein Markt bzw. eine Plattform gebildet, wo der Kauf und Verkauf dieser Anteile erm\u00f6glicht wird. Der Preis dieser Anteile richtet sich an Angebot und Nachfrage. Dieser Handel findet jedoch nicht \u00fcber die B\u00f6rse statt, sondern \u00fcber private Plattformen.<br \/>\nDer Zweitmarkt f\u00fcr geschlossene Fonds unterliegt jedoch keiner staatlichen Kontrolle. Diese M\u00e4rkte verf\u00fcgen meistens \u00fcber keine ausreichende Liquidit\u00e4t, um ein sicheres und planbares Handeln zu garantieren.<\/p>\n","protected":false},"excerpt":{"rendered":"<p>Der Zweitmarkt f\u00fcr geschlossene Fonds ist ein Sekund\u00e4rmarkt, an dem Anteile an bestehenden geschlossenen Fonds vor dem Laufzeitende gehandelt werden. Da Anteile von geschlossenen Fonds nicht w\u00e4hrend der Laufzeit von den Emittenten zur\u00fcckgenommen werden, hat sich ein Markt bzw. eine Plattform gebildet, wo der Kauf und Verkauf dieser Anteile erm\u00f6glicht wird. Der Preis dieser Anteile [&hellip;]<\/p>\n","protected":false},"author":1,"featured_media":0,"parent":0,"menu_order":0,"comment_status":"closed","ping_status":"closed","template":"","meta":{"site-sidebar-layout":"default","site-content-layout":"","ast-site-content-layout":"","site-content-style":"default","site-sidebar-style":"default","ast-global-header-display":"","ast-banner-title-visibility":"","ast-main-header-display":"","ast-hfb-above-header-display":"","ast-hfb-below-header-display":"","ast-hfb-mobile-header-display":"","site-post-title":"","ast-breadcrumbs-content":"","ast-featured-img":"","footer-sml-layout":"","theme-transparent-header-meta":"","adv-header-id-meta":"","stick-header-meta":"","header-above-stick-meta":"","header-main-stick-meta":"","header-below-stick-meta":"","astra-migrate-meta-layouts":"default","ast-page-background-enabled":"default","ast-page-background-meta":{"desktop":{"background-color":"","background-image":"","background-repeat":"repeat","background-position":"center center","background-size":"auto","background-attachment":"scroll","background-type":"","background-media":"","overlay-type":"","overlay-color":"","overlay-opacity":"","overlay-gradient":""},"tablet":{"background-color":"","background-image":"","background-repeat":"repeat","background-position":"center center","background-size":"auto","background-attachment":"scroll","background-type":"","background-media":"","overlay-type":"","overlay-color":"","overlay-opacity":"","overlay-gradient":""},"mobile":{"background-color":"","background-image":"","background-repeat":"repeat","background-position":"center center","background-size":"auto","background-attachment":"scroll","background-type":"","background-media":"","overlay-type":"","overlay-color":"","overlay-opacity":"","overlay-gradient":""}},"ast-content-background-meta":{"desktop":{"background-color":"var(--ast-global-color-5)","background-image":"","background-repeat":"repeat","background-position":"center center","background-size":"auto","background-attachment":"scroll","background-type":"","background-media":"","overlay-type":"","overlay-color":"","overlay-opacity":"","overlay-gradient":""},"tablet":{"background-color":"var(--ast-global-color-5)","background-image":"","background-repeat":"repeat","background-position":"center center","background-size":"auto","background-attachment":"scroll","background-type":"","background-media":"","overlay-type":"","overlay-color":"","overlay-opacity":"","overlay-gradient":""},"mobile":{"background-color":"var(--ast-global-color-5)","background-image":"","background-repeat":"repeat","background-position":"center center","background-size":"auto","background-attachment":"scroll","background-type":"","background-media":"","overlay-type":"","overlay-color":"","overlay-opacity":"","overlay-gradient":""}},"footnotes":""},"class_list":["post-1042","page","type-page","status-publish","hentry"],"translation":{"provider":"WPGlobus","version":"3.0.2","language":"en","enabled_languages":["de","en"],"languages":{"de":{"title":true,"content":true,"excerpt":false},"en":{"title":false,"content":false,"excerpt":false}}},"featured_image_urls_v2":{"full":"","thumbnail":"","medium":"","medium_large":"","large":"","1536x1536":"","2048x2048":""},"post_excerpt_stackable_v2":"<p>Der Zweitmarkt f\u00fcr geschlossene Fonds ist ein Sekund\u00e4rmarkt, an dem Anteile an bestehenden geschlossenen Fonds vor dem Laufzeitende gehandelt werden. Da Anteile von geschlossenen Fonds nicht w\u00e4hrend der Laufzeit von den Emittenten zur\u00fcckgenommen werden, hat sich ein Markt bzw. eine Plattform gebildet, wo der Kauf und Verkauf dieser Anteile erm\u00f6glicht wird. Der Preis dieser Anteile richtet sich an Angebot und Nachfrage. Dieser Handel findet jedoch nicht \u00fcber die B\u00f6rse statt, sondern \u00fcber private Plattformen. Der Zweitmarkt f\u00fcr geschlossene Fonds unterliegt jedoch keiner staatlichen Kontrolle. Diese M\u00e4rkte verf\u00fcgen meistens \u00fcber keine ausreichende Liquidit\u00e4t, um ein sicheres und planbares Handeln zu garantieren.<\/p>\n","category_list_v2":"","author_info_v2":{"name":"PrudentWater","url":"https:\/\/prudentwater.com\/en\/author\/niklas33\/"},"comments_num_v2":"0 comments","_links":{"self":[{"href":"https:\/\/prudentwater.com\/en\/wp-json\/wp\/v2\/pages\/1042","targetHints":{"allow":["GET"]}}],"collection":[{"href":"https:\/\/prudentwater.com\/en\/wp-json\/wp\/v2\/pages"}],"about":[{"href":"https:\/\/prudentwater.com\/en\/wp-json\/wp\/v2\/types\/page"}],"author":[{"embeddable":true,"href":"https:\/\/prudentwater.com\/en\/wp-json\/wp\/v2\/users\/1"}],"replies":[{"embeddable":true,"href":"https:\/\/prudentwater.com\/en\/wp-json\/wp\/v2\/comments?post=1042"}],"version-history":[{"count":0,"href":"https:\/\/prudentwater.com\/en\/wp-json\/wp\/v2\/pages\/1042\/revisions"}],"wp:attachment":[{"href":"https:\/\/prudentwater.com\/en\/wp-json\/wp\/v2\/media?parent=1042"}],"curies":[{"name":"wp","href":"https:\/\/api.w.org\/{rel}","templated":true}]}}