{"id":10453,"date":"2017-08-21T08:52:26","date_gmt":"2017-08-21T08:52:26","guid":{"rendered":"http:\/\/www.kunnskap.de\/?page_id=10453"},"modified":"2021-06-25T12:50:13","modified_gmt":"2021-06-25T10:50:13","slug":"supranationale-anleihe","status":"publish","type":"page","link":"https:\/\/prudentwater.com\/en\/supranationale-anleihe\/","title":{"rendered":"Supranationale Anleihe"},"content":{"rendered":"<p>Auch <strong>Quasi-Staatsanleihe<\/strong><\/p>\n<p>Eine supranationale Anleihe ist ein festverzinsliches Wertpapier, welches von l\u00e4nder\u00fcbergreifenden Einrichtungen wie der Europ\u00e4ischen Investitionsbank, der Afrikanischen Entwicklungsbank oder der Internationalen Bank f\u00fcr Wiederaufbau und Entwicklung emittiert wurde. Anteilseigner dieser Einrichtungen sind mehrere verschiedene L\u00e4nder, darunter auch westliche Industrienationen, welche im Falle einer Zahlungsunf\u00e4higkeit der Einrichtung als Geldgeber &#8216;einspringen&#8217; m\u00fcssten. Dadurch besitzen supranationale Anleihe oftmals eine ausgezeichnete Bonit\u00e4t, sprich, das h\u00f6chstm\u00f6gliche Rating. <\/p>\n","protected":false},"excerpt":{"rendered":"<p>Auch Quasi-Staatsanleihe Eine supranationale Anleihe ist ein festverzinsliches Wertpapier, welches von l\u00e4nder\u00fcbergreifenden Einrichtungen wie der Europ\u00e4ischen Investitionsbank, der Afrikanischen Entwicklungsbank oder der Internationalen Bank f\u00fcr Wiederaufbau und Entwicklung emittiert wurde. Anteilseigner dieser Einrichtungen sind mehrere verschiedene L\u00e4nder, darunter auch westliche Industrienationen, welche im Falle einer Zahlungsunf\u00e4higkeit der Einrichtung als Geldgeber &#8216;einspringen&#8217; m\u00fcssten. Dadurch besitzen supranationale [&hellip;]<\/p>\n","protected":false},"author":1,"featured_media":0,"parent":0,"menu_order":0,"comment_status":"closed","ping_status":"closed","template":"","meta":{"site-sidebar-layout":"default","site-content-layout":"","ast-site-content-layout":"","site-content-style":"default","site-sidebar-style":"default","ast-global-header-display":"","ast-banner-title-visibility":"","ast-main-header-display":"","ast-hfb-above-header-display":"","ast-hfb-below-header-display":"","ast-hfb-mobile-header-display":"","site-post-title":"","ast-breadcrumbs-content":"","ast-featured-img":"","footer-sml-layout":"","theme-transparent-header-meta":"","adv-header-id-meta":"","stick-header-meta":"","header-above-stick-meta":"","header-main-stick-meta":"","header-below-stick-meta":"","astra-migrate-meta-layouts":"default","ast-page-background-enabled":"default","ast-page-background-meta":{"desktop":{"background-color":"","background-image":"","background-repeat":"repeat","background-position":"center center","background-size":"auto","background-attachment":"scroll","background-type":"","background-media":"","overlay-type":"","overlay-color":"","overlay-opacity":"","overlay-gradient":""},"tablet":{"background-color":"","background-image":"","background-repeat":"repeat","background-position":"center center","background-size":"auto","background-attachment":"scroll","background-type":"","background-media":"","overlay-type":"","overlay-color":"","overlay-opacity":"","overlay-gradient":""},"mobile":{"background-color":"","background-image":"","background-repeat":"repeat","background-position":"center center","background-size":"auto","background-attachment":"scroll","background-type":"","background-media":"","overlay-type":"","overlay-color":"","overlay-opacity":"","overlay-gradient":""}},"ast-content-background-meta":{"desktop":{"background-color":"var(--ast-global-color-5)","background-image":"","background-repeat":"repeat","background-position":"center center","background-size":"auto","background-attachment":"scroll","background-type":"","background-media":"","overlay-type":"","overlay-color":"","overlay-opacity":"","overlay-gradient":""},"tablet":{"background-color":"var(--ast-global-color-5)","background-image":"","background-repeat":"repeat","background-position":"center center","background-size":"auto","background-attachment":"scroll","background-type":"","background-media":"","overlay-type":"","overlay-color":"","overlay-opacity":"","overlay-gradient":""},"mobile":{"background-color":"var(--ast-global-color-5)","background-image":"","background-repeat":"repeat","background-position":"center center","background-size":"auto","background-attachment":"scroll","background-type":"","background-media":"","overlay-type":"","overlay-color":"","overlay-opacity":"","overlay-gradient":""}},"footnotes":""},"class_list":["post-10453","page","type-page","status-publish","hentry"],"translation":{"provider":"WPGlobus","version":"3.0.2","language":"en","enabled_languages":["de","en"],"languages":{"de":{"title":true,"content":true,"excerpt":false},"en":{"title":false,"content":false,"excerpt":false}}},"featured_image_urls_v2":{"full":"","thumbnail":"","medium":"","medium_large":"","large":"","1536x1536":"","2048x2048":""},"post_excerpt_stackable_v2":"<p>Auch Quasi-Staatsanleihe Eine supranationale Anleihe ist ein festverzinsliches Wertpapier, welches von l\u00e4nder\u00fcbergreifenden Einrichtungen wie der Europ\u00e4ischen Investitionsbank, der Afrikanischen Entwicklungsbank oder der Internationalen Bank f\u00fcr Wiederaufbau und Entwicklung emittiert wurde. Anteilseigner dieser Einrichtungen sind mehrere verschiedene L\u00e4nder, darunter auch westliche Industrienationen, welche im Falle einer Zahlungsunf\u00e4higkeit der Einrichtung als Geldgeber &#8216;einspringen&#8217; m\u00fcssten. Dadurch besitzen supranationale Anleihe oftmals eine ausgezeichnete Bonit\u00e4t, sprich, das h\u00f6chstm\u00f6gliche Rating.<\/p>\n","category_list_v2":"","author_info_v2":{"name":"PrudentWater","url":"https:\/\/prudentwater.com\/en\/author\/niklas33\/"},"comments_num_v2":"0 comments","_links":{"self":[{"href":"https:\/\/prudentwater.com\/en\/wp-json\/wp\/v2\/pages\/10453","targetHints":{"allow":["GET"]}}],"collection":[{"href":"https:\/\/prudentwater.com\/en\/wp-json\/wp\/v2\/pages"}],"about":[{"href":"https:\/\/prudentwater.com\/en\/wp-json\/wp\/v2\/types\/page"}],"author":[{"embeddable":true,"href":"https:\/\/prudentwater.com\/en\/wp-json\/wp\/v2\/users\/1"}],"replies":[{"embeddable":true,"href":"https:\/\/prudentwater.com\/en\/wp-json\/wp\/v2\/comments?post=10453"}],"version-history":[{"count":0,"href":"https:\/\/prudentwater.com\/en\/wp-json\/wp\/v2\/pages\/10453\/revisions"}],"wp:attachment":[{"href":"https:\/\/prudentwater.com\/en\/wp-json\/wp\/v2\/media?parent=10453"}],"curies":[{"name":"wp","href":"https:\/\/api.w.org\/{rel}","templated":true}]}}