{"id":1047,"date":"2014-10-07T19:28:55","date_gmt":"2014-10-07T19:28:55","guid":{"rendered":"http:\/\/www.kunnskap.de\/?page_id=1047"},"modified":"2021-06-25T12:50:13","modified_gmt":"2021-06-25T10:50:13","slug":"synergieeffekte","status":"publish","type":"page","link":"https:\/\/prudentwater.com\/en\/synergieeffekte\/","title":{"rendered":"Synergieeffekte"},"content":{"rendered":"<p>engl. <strong>Synergy Effects<\/strong><\/p>\n<p>Mit dem Begriff &#8216;Synergieeffekte&#8217; werden in der Wirtschaft die Auswirkungen bezeichnet, die sich ergeben, wenn sich zwei oder mehrere Unternehmen zusammenschlie\u00dfen. Dabei kann es sich um positive, negative oder neutrale Effekte handeln.<br \/>\nMeist sind damit jedoch positive Effekte gemeint. Kommt es zu einem Zusammenschluss von zwei oder mehreren Unternehmen, k\u00f6nnen zum Beispiel Kosten eingespart werden, neue M\u00e4rkte k\u00f6nnen erschlossen werden, Vertriebskan\u00e4le k\u00f6nnen gemeinsam genutzt werden und die Arbeit sowie der Ablauf kann effizienter strukturiert werden. Diese Auswirkungen werden als Synergieeffekte bezeichnet und dienen letztendlich dazu, profitabler zu werden.<\/p>\n","protected":false},"excerpt":{"rendered":"<p>engl. Synergy Effects Mit dem Begriff &#8216;Synergieeffekte&#8217; werden in der Wirtschaft die Auswirkungen bezeichnet, die sich ergeben, wenn sich zwei oder mehrere Unternehmen zusammenschlie\u00dfen. Dabei kann es sich um positive, negative oder neutrale Effekte handeln. Meist sind damit jedoch positive Effekte gemeint. Kommt es zu einem Zusammenschluss von zwei oder mehreren Unternehmen, k\u00f6nnen zum Beispiel [&hellip;]<\/p>\n","protected":false},"author":1,"featured_media":0,"parent":0,"menu_order":0,"comment_status":"closed","ping_status":"closed","template":"","meta":{"site-sidebar-layout":"default","site-content-layout":"","ast-site-content-layout":"","site-content-style":"default","site-sidebar-style":"default","ast-global-header-display":"","ast-banner-title-visibility":"","ast-main-header-display":"","ast-hfb-above-header-display":"","ast-hfb-below-header-display":"","ast-hfb-mobile-header-display":"","site-post-title":"","ast-breadcrumbs-content":"","ast-featured-img":"","footer-sml-layout":"","theme-transparent-header-meta":"","adv-header-id-meta":"","stick-header-meta":"","header-above-stick-meta":"","header-main-stick-meta":"","header-below-stick-meta":"","astra-migrate-meta-layouts":"default","ast-page-background-enabled":"default","ast-page-background-meta":{"desktop":{"background-color":"","background-image":"","background-repeat":"repeat","background-position":"center center","background-size":"auto","background-attachment":"scroll","background-type":"","background-media":"","overlay-type":"","overlay-color":"","overlay-opacity":"","overlay-gradient":""},"tablet":{"background-color":"","background-image":"","background-repeat":"repeat","background-position":"center center","background-size":"auto","background-attachment":"scroll","background-type":"","background-media":"","overlay-type":"","overlay-color":"","overlay-opacity":"","overlay-gradient":""},"mobile":{"background-color":"","background-image":"","background-repeat":"repeat","background-position":"center center","background-size":"auto","background-attachment":"scroll","background-type":"","background-media":"","overlay-type":"","overlay-color":"","overlay-opacity":"","overlay-gradient":""}},"ast-content-background-meta":{"desktop":{"background-color":"var(--ast-global-color-5)","background-image":"","background-repeat":"repeat","background-position":"center center","background-size":"auto","background-attachment":"scroll","background-type":"","background-media":"","overlay-type":"","overlay-color":"","overlay-opacity":"","overlay-gradient":""},"tablet":{"background-color":"var(--ast-global-color-5)","background-image":"","background-repeat":"repeat","background-position":"center center","background-size":"auto","background-attachment":"scroll","background-type":"","background-media":"","overlay-type":"","overlay-color":"","overlay-opacity":"","overlay-gradient":""},"mobile":{"background-color":"var(--ast-global-color-5)","background-image":"","background-repeat":"repeat","background-position":"center center","background-size":"auto","background-attachment":"scroll","background-type":"","background-media":"","overlay-type":"","overlay-color":"","overlay-opacity":"","overlay-gradient":""}},"footnotes":""},"class_list":["post-1047","page","type-page","status-publish","hentry"],"translation":{"provider":"WPGlobus","version":"3.0.2","language":"en","enabled_languages":["de","en"],"languages":{"de":{"title":true,"content":true,"excerpt":false},"en":{"title":false,"content":false,"excerpt":false}}},"featured_image_urls_v2":{"full":"","thumbnail":"","medium":"","medium_large":"","large":"","1536x1536":"","2048x2048":""},"post_excerpt_stackable_v2":"<p>engl. Synergy Effects Mit dem Begriff &#8216;Synergieeffekte&#8217; werden in der Wirtschaft die Auswirkungen bezeichnet, die sich ergeben, wenn sich zwei oder mehrere Unternehmen zusammenschlie\u00dfen. Dabei kann es sich um positive, negative oder neutrale Effekte handeln. Meist sind damit jedoch positive Effekte gemeint. Kommt es zu einem Zusammenschluss von zwei oder mehreren Unternehmen, k\u00f6nnen zum Beispiel Kosten eingespart werden, neue M\u00e4rkte k\u00f6nnen erschlossen werden, Vertriebskan\u00e4le k\u00f6nnen gemeinsam genutzt werden und die Arbeit sowie der Ablauf kann effizienter strukturiert werden. Diese Auswirkungen werden als Synergieeffekte bezeichnet und dienen letztendlich dazu, profitabler zu werden.<\/p>\n","category_list_v2":"","author_info_v2":{"name":"PrudentWater","url":"https:\/\/prudentwater.com\/en\/author\/niklas33\/"},"comments_num_v2":"0 comments","_links":{"self":[{"href":"https:\/\/prudentwater.com\/en\/wp-json\/wp\/v2\/pages\/1047","targetHints":{"allow":["GET"]}}],"collection":[{"href":"https:\/\/prudentwater.com\/en\/wp-json\/wp\/v2\/pages"}],"about":[{"href":"https:\/\/prudentwater.com\/en\/wp-json\/wp\/v2\/types\/page"}],"author":[{"embeddable":true,"href":"https:\/\/prudentwater.com\/en\/wp-json\/wp\/v2\/users\/1"}],"replies":[{"embeddable":true,"href":"https:\/\/prudentwater.com\/en\/wp-json\/wp\/v2\/comments?post=1047"}],"version-history":[{"count":0,"href":"https:\/\/prudentwater.com\/en\/wp-json\/wp\/v2\/pages\/1047\/revisions"}],"wp:attachment":[{"href":"https:\/\/prudentwater.com\/en\/wp-json\/wp\/v2\/media?parent=1047"}],"curies":[{"name":"wp","href":"https:\/\/api.w.org\/{rel}","templated":true}]}}