{"id":1052,"date":"2014-10-07T20:27:59","date_gmt":"2014-10-07T20:27:59","guid":{"rendered":"http:\/\/www.kunnskap.de\/?page_id=1052"},"modified":"2021-06-25T12:49:40","modified_gmt":"2021-06-25T10:49:40","slug":"prime-standard","status":"publish","type":"page","link":"https:\/\/prudentwater.com\/en\/prime-standard\/","title":{"rendered":"Prime Standard"},"content":{"rendered":"<p>Der Prime Standard ist in Deutschland das B\u00f6rsensegment mit den h\u00f6chstm\u00f6glichen Transparenzstandards und zeitgleich ein Teilbereich des regulierten Marktes. Auch der General Standard ist Teil des regulierten Marktes, der Prime Standard hat jedoch noch h\u00f6here Zulassungspflichten und Anforderungen. Der Prime Standard ist vor allem f\u00fcr Unternehmen geeignet, die internationale Investoren anziehen m\u00f6chten. In erster Linie sind sogenannte Blue Chip-Unternehmen im Prime Standard vertreten. Zus\u00e4tzlich zu den Anforderungen des General Standards m\u00fcssen Unternehmen im Prime Standard weitere Anforderungen erf\u00fcllen. Dazu geh\u00f6rt die Ver\u00f6ffentlichung quartalsweiser Gesch\u00e4ftsberichte in deutscher und englischer Sprache, die Anwendung der IFRS oder US GAAP bez\u00fcglich Rechnungslegungsstandards, die Ver\u00f6ffentlichung eines Unternehmenskalenders sowie von Ad hoc Mitteilungen in englischer Sprache. Au\u00dferdem muss mindestens eine Analystenkonferenz pro Jahr stattfinden. Will ein Unternehmen in den DAX, MDAX, TecDAX oder in den SDAX aufgenommen werden, muss es bereits zum Prime Standard zugelassen sein. Eine Aufnahme in den Prime Standard setzt immer eine Zulassung f\u00fcr den regulierten Markt voraus.<\/p>\n","protected":false},"excerpt":{"rendered":"<p>Der Prime Standard ist in Deutschland das B\u00f6rsensegment mit den h\u00f6chstm\u00f6glichen Transparenzstandards und zeitgleich ein Teilbereich des regulierten Marktes. Auch der General Standard ist Teil des regulierten Marktes, der Prime Standard hat jedoch noch h\u00f6here Zulassungspflichten und Anforderungen. Der Prime Standard ist vor allem f\u00fcr Unternehmen geeignet, die internationale Investoren anziehen m\u00f6chten. In erster Linie [&hellip;]<\/p>\n","protected":false},"author":1,"featured_media":0,"parent":0,"menu_order":0,"comment_status":"closed","ping_status":"closed","template":"","meta":{"site-sidebar-layout":"default","site-content-layout":"","ast-site-content-layout":"","site-content-style":"default","site-sidebar-style":"default","ast-global-header-display":"","ast-banner-title-visibility":"","ast-main-header-display":"","ast-hfb-above-header-display":"","ast-hfb-below-header-display":"","ast-hfb-mobile-header-display":"","site-post-title":"","ast-breadcrumbs-content":"","ast-featured-img":"","footer-sml-layout":"","theme-transparent-header-meta":"","adv-header-id-meta":"","stick-header-meta":"","header-above-stick-meta":"","header-main-stick-meta":"","header-below-stick-meta":"","astra-migrate-meta-layouts":"default","ast-page-background-enabled":"default","ast-page-background-meta":{"desktop":{"background-color":"","background-image":"","background-repeat":"repeat","background-position":"center center","background-size":"auto","background-attachment":"scroll","background-type":"","background-media":"","overlay-type":"","overlay-color":"","overlay-opacity":"","overlay-gradient":""},"tablet":{"background-color":"","background-image":"","background-repeat":"repeat","background-position":"center center","background-size":"auto","background-attachment":"scroll","background-type":"","background-media":"","overlay-type":"","overlay-color":"","overlay-opacity":"","overlay-gradient":""},"mobile":{"background-color":"","background-image":"","background-repeat":"repeat","background-position":"center center","background-size":"auto","background-attachment":"scroll","background-type":"","background-media":"","overlay-type":"","overlay-color":"","overlay-opacity":"","overlay-gradient":""}},"ast-content-background-meta":{"desktop":{"background-color":"var(--ast-global-color-5)","background-image":"","background-repeat":"repeat","background-position":"center center","background-size":"auto","background-attachment":"scroll","background-type":"","background-media":"","overlay-type":"","overlay-color":"","overlay-opacity":"","overlay-gradient":""},"tablet":{"background-color":"var(--ast-global-color-5)","background-image":"","background-repeat":"repeat","background-position":"center center","background-size":"auto","background-attachment":"scroll","background-type":"","background-media":"","overlay-type":"","overlay-color":"","overlay-opacity":"","overlay-gradient":""},"mobile":{"background-color":"var(--ast-global-color-5)","background-image":"","background-repeat":"repeat","background-position":"center center","background-size":"auto","background-attachment":"scroll","background-type":"","background-media":"","overlay-type":"","overlay-color":"","overlay-opacity":"","overlay-gradient":""}},"footnotes":""},"class_list":["post-1052","page","type-page","status-publish","hentry"],"translation":{"provider":"WPGlobus","version":"3.0.2","language":"en","enabled_languages":["de","en"],"languages":{"de":{"title":true,"content":true,"excerpt":false},"en":{"title":false,"content":false,"excerpt":false}}},"featured_image_urls_v2":{"full":"","thumbnail":"","medium":"","medium_large":"","large":"","1536x1536":"","2048x2048":""},"post_excerpt_stackable_v2":"<p>Der Prime Standard ist in Deutschland das B\u00f6rsensegment mit den h\u00f6chstm\u00f6glichen Transparenzstandards und zeitgleich ein Teilbereich des regulierten Marktes. Auch der General Standard ist Teil des regulierten Marktes, der Prime Standard hat jedoch noch h\u00f6here Zulassungspflichten und Anforderungen. Der Prime Standard ist vor allem f\u00fcr Unternehmen geeignet, die internationale Investoren anziehen m\u00f6chten. In erster Linie sind sogenannte Blue Chip-Unternehmen im Prime Standard vertreten. Zus\u00e4tzlich zu den Anforderungen des General Standards m\u00fcssen Unternehmen im Prime Standard weitere Anforderungen erf\u00fcllen. Dazu geh\u00f6rt die Ver\u00f6ffentlichung quartalsweiser Gesch\u00e4ftsberichte in deutscher und englischer Sprache, die Anwendung der IFRS oder US GAAP bez\u00fcglich Rechnungslegungsstandards, die Ver\u00f6ffentlichung&hellip;<\/p>\n","category_list_v2":"","author_info_v2":{"name":"PrudentWater","url":"https:\/\/prudentwater.com\/en\/author\/niklas33\/"},"comments_num_v2":"0 comments","_links":{"self":[{"href":"https:\/\/prudentwater.com\/en\/wp-json\/wp\/v2\/pages\/1052","targetHints":{"allow":["GET"]}}],"collection":[{"href":"https:\/\/prudentwater.com\/en\/wp-json\/wp\/v2\/pages"}],"about":[{"href":"https:\/\/prudentwater.com\/en\/wp-json\/wp\/v2\/types\/page"}],"author":[{"embeddable":true,"href":"https:\/\/prudentwater.com\/en\/wp-json\/wp\/v2\/users\/1"}],"replies":[{"embeddable":true,"href":"https:\/\/prudentwater.com\/en\/wp-json\/wp\/v2\/comments?post=1052"}],"version-history":[{"count":0,"href":"https:\/\/prudentwater.com\/en\/wp-json\/wp\/v2\/pages\/1052\/revisions"}],"wp:attachment":[{"href":"https:\/\/prudentwater.com\/en\/wp-json\/wp\/v2\/media?parent=1052"}],"curies":[{"name":"wp","href":"https:\/\/api.w.org\/{rel}","templated":true}]}}