{"id":1057,"date":"2014-10-08T20:15:24","date_gmt":"2014-10-08T20:15:24","guid":{"rendered":"http:\/\/www.kunnskap.de\/?page_id=1057"},"modified":"2021-06-25T12:49:02","modified_gmt":"2021-06-25T10:49:02","slug":"general-standard","status":"publish","type":"page","link":"https:\/\/prudentwater.com\/en\/general-standard\/","title":{"rendered":"General Standard"},"content":{"rendered":"<p>Der General Standard ist ein B\u00f6rsensegment und Teilbereich des regulierten Marktes. Die Anforderungen des General Standards entsprechen den Mindestanforderungen des regulierten Marktes.<\/p>\n<hr style=\"height:2px;border-top:1px solid #000000\">\n<ul>\n<h5>Zulassungsanforderungen zur Aufnahme<\/h5>\n<p>Unternehmen, die zum General Standard zugelassen werden m\u00f6chten, m\u00fcssen bestimmte Anforderungen erf\u00fcllen. Dazu geh\u00f6rt die Anwendung der IFRS\/IAS oder US GAAP bez\u00fcglich den Rechnungslegungsstandards, der Ver\u00f6ffentlichung von Ad hoc-Mitteilungen sowie eines Zwischenberichts + Halbjahresfinanzberichts + Jahresabschlusses. Zudem m\u00fcssen Zwischenmitteilungen zum 1. und 3. Quartal erfolgen. Au\u00dferdem gelten bestimmte Zulassungsanforderungen f\u00fcr eine Erstzulassung. Dazu muss der Streubesitz der Aktien bei mindestens 25% liegen, das Unternehmen muss seit mindestens 3 Jahren bestehen, es m\u00fcssen mindestens 10.000 Aktien emittiert werden und der voraussichtliche Kurswert der emittierten Aktien muss mindestens 1,25 Millionen Euro betragen<\/ul>\n<hr style=\"height:2px;border-top:1px solid #000000\">\n<p>Der General Standard ist gesetzlich geregelt. Er hat weiterhin hohe Transparenzanforderungen, jedoch insgesamt niedrigere Anforderungen als der Prime Standard &#8211; daf\u00fcr jedoch h\u00f6here Mindestanforderungen als der Entry Standard. Wechselt ein Unternehmen vom Prime Standard in den General Standard, liegen die Gr\u00fcnde daf\u00fcr oftmals in der Kostenreduzierung der B\u00f6rsennotierung. Au\u00dferdem entfallen dann bestimmte Berichts- und Ver\u00f6ffentlichungsanforderungen.<\/p>\n","protected":false},"excerpt":{"rendered":"<p>Der General Standard ist ein B\u00f6rsensegment und Teilbereich des regulierten Marktes. Die Anforderungen des General Standards entsprechen den Mindestanforderungen des regulierten Marktes. Zulassungsanforderungen zur Aufnahme Unternehmen, die zum General Standard zugelassen werden m\u00f6chten, m\u00fcssen bestimmte Anforderungen erf\u00fcllen. Dazu geh\u00f6rt die Anwendung der IFRS\/IAS oder US GAAP bez\u00fcglich den Rechnungslegungsstandards, der Ver\u00f6ffentlichung von Ad hoc-Mitteilungen sowie [&hellip;]<\/p>\n","protected":false},"author":1,"featured_media":0,"parent":0,"menu_order":0,"comment_status":"closed","ping_status":"closed","template":"","meta":{"site-sidebar-layout":"default","site-content-layout":"","ast-site-content-layout":"","site-content-style":"default","site-sidebar-style":"default","ast-global-header-display":"","ast-banner-title-visibility":"","ast-main-header-display":"","ast-hfb-above-header-display":"","ast-hfb-below-header-display":"","ast-hfb-mobile-header-display":"","site-post-title":"","ast-breadcrumbs-content":"","ast-featured-img":"","footer-sml-layout":"","theme-transparent-header-meta":"","adv-header-id-meta":"","stick-header-meta":"","header-above-stick-meta":"","header-main-stick-meta":"","header-below-stick-meta":"","astra-migrate-meta-layouts":"default","ast-page-background-enabled":"default","ast-page-background-meta":{"desktop":{"background-color":"","background-image":"","background-repeat":"repeat","background-position":"center center","background-size":"auto","background-attachment":"scroll","background-type":"","background-media":"","overlay-type":"","overlay-color":"","overlay-opacity":"","overlay-gradient":""},"tablet":{"background-color":"","background-image":"","background-repeat":"repeat","background-position":"center center","background-size":"auto","background-attachment":"scroll","background-type":"","background-media":"","overlay-type":"","overlay-color":"","overlay-opacity":"","overlay-gradient":""},"mobile":{"background-color":"","background-image":"","background-repeat":"repeat","background-position":"center center","background-size":"auto","background-attachment":"scroll","background-type":"","background-media":"","overlay-type":"","overlay-color":"","overlay-opacity":"","overlay-gradient":""}},"ast-content-background-meta":{"desktop":{"background-color":"var(--ast-global-color-5)","background-image":"","background-repeat":"repeat","background-position":"center center","background-size":"auto","background-attachment":"scroll","background-type":"","background-media":"","overlay-type":"","overlay-color":"","overlay-opacity":"","overlay-gradient":""},"tablet":{"background-color":"var(--ast-global-color-5)","background-image":"","background-repeat":"repeat","background-position":"center center","background-size":"auto","background-attachment":"scroll","background-type":"","background-media":"","overlay-type":"","overlay-color":"","overlay-opacity":"","overlay-gradient":""},"mobile":{"background-color":"var(--ast-global-color-5)","background-image":"","background-repeat":"repeat","background-position":"center center","background-size":"auto","background-attachment":"scroll","background-type":"","background-media":"","overlay-type":"","overlay-color":"","overlay-opacity":"","overlay-gradient":""}},"footnotes":""},"class_list":["post-1057","page","type-page","status-publish","hentry"],"translation":{"provider":"WPGlobus","version":"3.0.2","language":"en","enabled_languages":["de","en"],"languages":{"de":{"title":true,"content":true,"excerpt":false},"en":{"title":false,"content":false,"excerpt":false}}},"featured_image_urls_v2":{"full":"","thumbnail":"","medium":"","medium_large":"","large":"","1536x1536":"","2048x2048":""},"post_excerpt_stackable_v2":"<p>Der General Standard ist ein B\u00f6rsensegment und Teilbereich des regulierten Marktes. Die Anforderungen des General Standards entsprechen den Mindestanforderungen des regulierten Marktes. Zulassungsanforderungen zur Aufnahme Unternehmen, die zum General Standard zugelassen werden m\u00f6chten, m\u00fcssen bestimmte Anforderungen erf\u00fcllen. Dazu geh\u00f6rt die Anwendung der IFRS\/IAS oder US GAAP bez\u00fcglich den Rechnungslegungsstandards, der Ver\u00f6ffentlichung von Ad hoc-Mitteilungen sowie eines Zwischenberichts + Halbjahresfinanzberichts + Jahresabschlusses. Zudem m\u00fcssen Zwischenmitteilungen zum 1. und 3. Quartal erfolgen. Au\u00dferdem gelten bestimmte Zulassungsanforderungen f\u00fcr eine Erstzulassung. Dazu muss der Streubesitz der Aktien bei mindestens 25% liegen, das Unternehmen muss seit mindestens 3 Jahren bestehen, es m\u00fcssen mindestens 10.000 Aktien&hellip;<\/p>\n","category_list_v2":"","author_info_v2":{"name":"PrudentWater","url":"https:\/\/prudentwater.com\/en\/author\/niklas33\/"},"comments_num_v2":"0 comments","_links":{"self":[{"href":"https:\/\/prudentwater.com\/en\/wp-json\/wp\/v2\/pages\/1057","targetHints":{"allow":["GET"]}}],"collection":[{"href":"https:\/\/prudentwater.com\/en\/wp-json\/wp\/v2\/pages"}],"about":[{"href":"https:\/\/prudentwater.com\/en\/wp-json\/wp\/v2\/types\/page"}],"author":[{"embeddable":true,"href":"https:\/\/prudentwater.com\/en\/wp-json\/wp\/v2\/users\/1"}],"replies":[{"embeddable":true,"href":"https:\/\/prudentwater.com\/en\/wp-json\/wp\/v2\/comments?post=1057"}],"version-history":[{"count":0,"href":"https:\/\/prudentwater.com\/en\/wp-json\/wp\/v2\/pages\/1057\/revisions"}],"wp:attachment":[{"href":"https:\/\/prudentwater.com\/en\/wp-json\/wp\/v2\/media?parent=1057"}],"curies":[{"name":"wp","href":"https:\/\/api.w.org\/{rel}","templated":true}]}}