{"id":10656,"date":"2017-10-25T20:45:56","date_gmt":"2017-10-25T20:45:56","guid":{"rendered":"http:\/\/www.kunnskap.de\/?page_id=10656"},"modified":"2022-08-08T23:06:20","modified_gmt":"2022-08-08T21:06:20","slug":"zinsmarge","status":"publish","type":"page","link":"https:\/\/prudentwater.com\/en\/zinsmarge\/","title":{"rendered":"Zinsmarge"},"content":{"rendered":"<p>Auch <strong>Zinsspanne<\/strong><br \/>\nengl. <strong>Net Interest Margin (NIM)<\/strong><\/p>\n<p>Die Zinsmarge ist die prozentuale Differenz zwischen Zinsertrag und Zinsaufwand und gilt als wichtige Profitabilit\u00e4tskennzahl f\u00fcr Kreditinstitute. Zur Berechnung wird der jeweilige durchschnittliche Zinssatz f\u00fcr Zinsertrag und Zinsaufwendung herangezogen.<\/p>\n<hr>\n<p><b><small>Berechnung:<\/small><\/b><\/p>\n<p><img loading=\"lazy\" decoding=\"async\" src=\"https:\/\/prudentwater.com\/wp-content\/uploads\/2020\/03\/Zinsmarge.png\" alt=\"\" class=\"aligncenter size-full wp-image-10823\" width=\"973\" height=\"32\" title=\"\"><\/p>\n<hr>\n<p>Im Vergleich zum Zins\u00fcberschuss handelt es sich bei der Zinsmarge nicht um eine absolute Zahl, sondern um eine in Prozent ausgedr\u00fcckte Zahl. Beide Kennzahlen verweisen jedoch im Endeffekt auf dasselbe Ergebnis. Innerhalb der Bankenbilanzanalyse wird die Zinsmarge oftmals als Gradmesser des Erfolges genutzt. Allerdings sollte dann bei der Betrachtung der Kennzahl auch ber\u00fccksichtigt werden, unter welchem Risikoeinsatz die Zinsmarge erzielt wurde. Dazu ist vor allem das Bonit\u00e4tsrisiko als auch das Risiko der Fristentransformation in Verbindung mit der Zinsmarge f\u00fcr Banken zu untersuchen. Die Zinsmarge einer Bank korreliert au\u00dferdem stark mit dem aktuellen Zinsniveau. Steigt der allgemeine Marktzins an, so erh\u00f6ht sich in der Regel auch die Zinsmarge f\u00fcr die Banken. Dies auch vor allem deshalb, weil Zinsen f\u00fcr neu vergebene Kredite schneller ansteigen als jenen Zinsen, welche Banken selbst auf die Einlagen ihrer Kunden zahlen m\u00fcssen. F\u00e4llt hingegen das allgemeine Zinsniveau, so ist auch die Zinsmarge von Banken r\u00fcckl\u00e4ufig.<\/p>\n","protected":false},"excerpt":{"rendered":"<p>Auch Zinsspanne engl. Net Interest Margin (NIM) Die Zinsmarge ist die prozentuale Differenz zwischen Zinsertrag und Zinsaufwand und gilt als wichtige Profitabilit\u00e4tskennzahl f\u00fcr Kreditinstitute. Zur Berechnung wird der jeweilige durchschnittliche Zinssatz f\u00fcr Zinsertrag und Zinsaufwendung herangezogen. Berechnung: Im Vergleich zum Zins\u00fcberschuss handelt es sich bei der Zinsmarge nicht um eine absolute Zahl, sondern um eine [&hellip;]<\/p>\n","protected":false},"author":1,"featured_media":0,"parent":0,"menu_order":0,"comment_status":"closed","ping_status":"closed","template":"","meta":{"site-sidebar-layout":"default","site-content-layout":"","ast-site-content-layout":"","site-content-style":"default","site-sidebar-style":"default","ast-global-header-display":"","ast-banner-title-visibility":"","ast-main-header-display":"","ast-hfb-above-header-display":"","ast-hfb-below-header-display":"","ast-hfb-mobile-header-display":"","site-post-title":"","ast-breadcrumbs-content":"","ast-featured-img":"","footer-sml-layout":"","theme-transparent-header-meta":"","adv-header-id-meta":"","stick-header-meta":"","header-above-stick-meta":"","header-main-stick-meta":"","header-below-stick-meta":"","astra-migrate-meta-layouts":"default","ast-page-background-enabled":"default","ast-page-background-meta":{"desktop":{"background-color":"","background-image":"","background-repeat":"repeat","background-position":"center center","background-size":"auto","background-attachment":"scroll","background-type":"","background-media":"","overlay-type":"","overlay-color":"","overlay-opacity":"","overlay-gradient":""},"tablet":{"background-color":"","background-image":"","background-repeat":"repeat","background-position":"center center","background-size":"auto","background-attachment":"scroll","background-type":"","background-media":"","overlay-type":"","overlay-color":"","overlay-opacity":"","overlay-gradient":""},"mobile":{"background-color":"","background-image":"","background-repeat":"repeat","background-position":"center center","background-size":"auto","background-attachment":"scroll","background-type":"","background-media":"","overlay-type":"","overlay-color":"","overlay-opacity":"","overlay-gradient":""}},"ast-content-background-meta":{"desktop":{"background-color":"var(--ast-global-color-5)","background-image":"","background-repeat":"repeat","background-position":"center center","background-size":"auto","background-attachment":"scroll","background-type":"","background-media":"","overlay-type":"","overlay-color":"","overlay-opacity":"","overlay-gradient":""},"tablet":{"background-color":"var(--ast-global-color-5)","background-image":"","background-repeat":"repeat","background-position":"center center","background-size":"auto","background-attachment":"scroll","background-type":"","background-media":"","overlay-type":"","overlay-color":"","overlay-opacity":"","overlay-gradient":""},"mobile":{"background-color":"var(--ast-global-color-5)","background-image":"","background-repeat":"repeat","background-position":"center center","background-size":"auto","background-attachment":"scroll","background-type":"","background-media":"","overlay-type":"","overlay-color":"","overlay-opacity":"","overlay-gradient":""}},"footnotes":""},"class_list":["post-10656","page","type-page","status-publish","hentry"],"translation":{"provider":"WPGlobus","version":"3.0.2","language":"en","enabled_languages":["de","en"],"languages":{"de":{"title":true,"content":true,"excerpt":false},"en":{"title":false,"content":false,"excerpt":false}}},"featured_image_urls_v2":{"full":"","thumbnail":"","medium":"","medium_large":"","large":"","1536x1536":"","2048x2048":""},"post_excerpt_stackable_v2":"<p>Auch Zinsspanne engl. Net Interest Margin (NIM) Die Zinsmarge ist die prozentuale Differenz zwischen Zinsertrag und Zinsaufwand und gilt als wichtige Profitabilit\u00e4tskennzahl f\u00fcr Kreditinstitute. Zur Berechnung wird der jeweilige durchschnittliche Zinssatz f\u00fcr Zinsertrag und Zinsaufwendung herangezogen. Berechnung: Im Vergleich zum Zins\u00fcberschuss handelt es sich bei der Zinsmarge nicht um eine absolute Zahl, sondern um eine in Prozent ausgedr\u00fcckte Zahl. Beide Kennzahlen verweisen jedoch im Endeffekt auf dasselbe Ergebnis. Innerhalb der Bankenbilanzanalyse wird die Zinsmarge oftmals als Gradmesser des Erfolges genutzt. Allerdings sollte dann bei der Betrachtung der Kennzahl auch ber\u00fccksichtigt werden, unter welchem Risikoeinsatz die Zinsmarge erzielt wurde. Dazu ist&hellip;<\/p>\n","category_list_v2":"","author_info_v2":{"name":"PrudentWater","url":"https:\/\/prudentwater.com\/en\/author\/niklas33\/"},"comments_num_v2":"0 comments","_links":{"self":[{"href":"https:\/\/prudentwater.com\/en\/wp-json\/wp\/v2\/pages\/10656","targetHints":{"allow":["GET"]}}],"collection":[{"href":"https:\/\/prudentwater.com\/en\/wp-json\/wp\/v2\/pages"}],"about":[{"href":"https:\/\/prudentwater.com\/en\/wp-json\/wp\/v2\/types\/page"}],"author":[{"embeddable":true,"href":"https:\/\/prudentwater.com\/en\/wp-json\/wp\/v2\/users\/1"}],"replies":[{"embeddable":true,"href":"https:\/\/prudentwater.com\/en\/wp-json\/wp\/v2\/comments?post=10656"}],"version-history":[{"count":0,"href":"https:\/\/prudentwater.com\/en\/wp-json\/wp\/v2\/pages\/10656\/revisions"}],"wp:attachment":[{"href":"https:\/\/prudentwater.com\/en\/wp-json\/wp\/v2\/media?parent=10656"}],"curies":[{"name":"wp","href":"https:\/\/api.w.org\/{rel}","templated":true}]}}