{"id":10760,"date":"2017-11-21T19:55:19","date_gmt":"2017-11-21T19:55:19","guid":{"rendered":"http:\/\/www.kunnskap.de\/?page_id=10760"},"modified":"2021-06-25T12:48:22","modified_gmt":"2021-06-25T10:48:22","slug":"boersenoeffnungszeiten","status":"publish","type":"page","link":"https:\/\/prudentwater.com\/en\/boersenoeffnungszeiten\/","title":{"rendered":"B\u00f6rsen\u00f6ffnungszeiten"},"content":{"rendered":"<p>Folgende B\u00f6rsen\u00f6ffnungszeiten gelten aktuell f\u00fcr die jeweilige B\u00f6rse. Die Angaben sind in Mitteleurop\u00e4ischer Zeit (MEZ).<br \/>\n<center><img decoding=\"async\" src=\"https:\/\/prudentwater.com\/wp-content\/uploads\/2021\/05\/Boersenoeffnungszeiten.png\" alt=\"b\u00f6rsen\u00f6ffnungszeiten\" class=\"alignnone size-full wp-image-6845\" width=\"100%\" height=\"44\" title=\"\"><\/center><\/p>\n<hr>\n<p>Der wichtigste Handelsplatz in Deutschland ist Xetra, dabei handelt es sich um die elektronische Plattform der Deutschen B\u00f6rse AG. Aufgrund der Zeitverschiebung ist irgendwo auf der Welt jedoch immer eine wichtige B\u00f6rse ge\u00f6ffnet. Beispielsweise ist die Tokyo Stock Exchange ge\u00f6ffnet, wenn in Deutschland Nacht ist. Bevor die B\u00f6rse in Deutschland aufmacht, k\u00f6nnen Anleger so nachschauen, wie sich die B\u00f6rse in Tokio \u00fcber Nacht entwickelt hat, um einen ersten Eindruck \u00fcber die m\u00f6gliche Tagesentwicklung in Deutschland zu erhalten. Au\u00dferhalb der B\u00f6rsen\u00f6ffnungszeiten k\u00f6nnen Anleger zudem \u00fcber den au\u00dferb\u00f6rslichen Handel Aktien kaufen bzw. verkaufen. Dort werden die Kurse dann \u00fcber Market Maker gebildet. Dadurch ist jedoch auch der Spread, also die Spanne zwischen Geldkurs und Briefkurs h\u00f6her, was letztendlich h\u00f6here Kosten f\u00fcr den Anleger bedeutet. Das Handelsvolumen ist allgemein zu Beginn sowie zum Ende der B\u00f6rsen\u00f6ffnungszeiten oftmals am h\u00f6chsten, da in den ersten Minuten des Handels die neu eingetretenen News verarbeitet werden und zum Schluss des Tages verst\u00e4rkt noch offene Positionen geschlossen werden. Der Devisenmarkt hingegen ist unter der Woche 24 Stunden am Tag ge\u00f6ffnet, da der Devisenhandel nicht zentral organisiert wird, sondern vollst\u00e4ndig au\u00dferb\u00f6rslich stattfindet. Devisenspekulanten k\u00f6nnen somit unter der Woche rund um die Uhr mittels zum Beispiel CFDs die weiltweiten W\u00e4hrungen handeln.<\/p>\n","protected":false},"excerpt":{"rendered":"<p>Folgende B\u00f6rsen\u00f6ffnungszeiten gelten aktuell f\u00fcr die jeweilige B\u00f6rse. Die Angaben sind in Mitteleurop\u00e4ischer Zeit (MEZ). Der wichtigste Handelsplatz in Deutschland ist Xetra, dabei handelt es sich um die elektronische Plattform der Deutschen B\u00f6rse AG. Aufgrund der Zeitverschiebung ist irgendwo auf der Welt jedoch immer eine wichtige B\u00f6rse ge\u00f6ffnet. Beispielsweise ist die Tokyo Stock Exchange ge\u00f6ffnet, [&hellip;]<\/p>\n","protected":false},"author":1,"featured_media":0,"parent":0,"menu_order":0,"comment_status":"closed","ping_status":"closed","template":"","meta":{"site-sidebar-layout":"default","site-content-layout":"","ast-site-content-layout":"","site-content-style":"default","site-sidebar-style":"default","ast-global-header-display":"","ast-banner-title-visibility":"","ast-main-header-display":"","ast-hfb-above-header-display":"","ast-hfb-below-header-display":"","ast-hfb-mobile-header-display":"","site-post-title":"","ast-breadcrumbs-content":"","ast-featured-img":"","footer-sml-layout":"","theme-transparent-header-meta":"","adv-header-id-meta":"","stick-header-meta":"","header-above-stick-meta":"","header-main-stick-meta":"","header-below-stick-meta":"","astra-migrate-meta-layouts":"default","ast-page-background-enabled":"default","ast-page-background-meta":{"desktop":{"background-color":"","background-image":"","background-repeat":"repeat","background-position":"center center","background-size":"auto","background-attachment":"scroll","background-type":"","background-media":"","overlay-type":"","overlay-color":"","overlay-opacity":"","overlay-gradient":""},"tablet":{"background-color":"","background-image":"","background-repeat":"repeat","background-position":"center center","background-size":"auto","background-attachment":"scroll","background-type":"","background-media":"","overlay-type":"","overlay-color":"","overlay-opacity":"","overlay-gradient":""},"mobile":{"background-color":"","background-image":"","background-repeat":"repeat","background-position":"center center","background-size":"auto","background-attachment":"scroll","background-type":"","background-media":"","overlay-type":"","overlay-color":"","overlay-opacity":"","overlay-gradient":""}},"ast-content-background-meta":{"desktop":{"background-color":"var(--ast-global-color-5)","background-image":"","background-repeat":"repeat","background-position":"center center","background-size":"auto","background-attachment":"scroll","background-type":"","background-media":"","overlay-type":"","overlay-color":"","overlay-opacity":"","overlay-gradient":""},"tablet":{"background-color":"var(--ast-global-color-5)","background-image":"","background-repeat":"repeat","background-position":"center center","background-size":"auto","background-attachment":"scroll","background-type":"","background-media":"","overlay-type":"","overlay-color":"","overlay-opacity":"","overlay-gradient":""},"mobile":{"background-color":"var(--ast-global-color-5)","background-image":"","background-repeat":"repeat","background-position":"center center","background-size":"auto","background-attachment":"scroll","background-type":"","background-media":"","overlay-type":"","overlay-color":"","overlay-opacity":"","overlay-gradient":""}},"footnotes":""},"class_list":["post-10760","page","type-page","status-publish","hentry"],"translation":{"provider":"WPGlobus","version":"3.0.2","language":"en","enabled_languages":["de","en"],"languages":{"de":{"title":true,"content":true,"excerpt":false},"en":{"title":false,"content":false,"excerpt":false}}},"featured_image_urls_v2":{"full":"","thumbnail":"","medium":"","medium_large":"","large":"","1536x1536":"","2048x2048":""},"post_excerpt_stackable_v2":"<p>Folgende B\u00f6rsen\u00f6ffnungszeiten gelten aktuell f\u00fcr die jeweilige B\u00f6rse. Die Angaben sind in Mitteleurop\u00e4ischer Zeit (MEZ). Der wichtigste Handelsplatz in Deutschland ist Xetra, dabei handelt es sich um die elektronische Plattform der Deutschen B\u00f6rse AG. Aufgrund der Zeitverschiebung ist irgendwo auf der Welt jedoch immer eine wichtige B\u00f6rse ge\u00f6ffnet. Beispielsweise ist die Tokyo Stock Exchange ge\u00f6ffnet, wenn in Deutschland Nacht ist. Bevor die B\u00f6rse in Deutschland aufmacht, k\u00f6nnen Anleger so nachschauen, wie sich die B\u00f6rse in Tokio \u00fcber Nacht entwickelt hat, um einen ersten Eindruck \u00fcber die m\u00f6gliche Tagesentwicklung in Deutschland zu erhalten. Au\u00dferhalb der B\u00f6rsen\u00f6ffnungszeiten k\u00f6nnen Anleger zudem \u00fcber den&hellip;<\/p>\n","category_list_v2":"","author_info_v2":{"name":"PrudentWater","url":"https:\/\/prudentwater.com\/en\/author\/niklas33\/"},"comments_num_v2":"0 comments","_links":{"self":[{"href":"https:\/\/prudentwater.com\/en\/wp-json\/wp\/v2\/pages\/10760","targetHints":{"allow":["GET"]}}],"collection":[{"href":"https:\/\/prudentwater.com\/en\/wp-json\/wp\/v2\/pages"}],"about":[{"href":"https:\/\/prudentwater.com\/en\/wp-json\/wp\/v2\/types\/page"}],"author":[{"embeddable":true,"href":"https:\/\/prudentwater.com\/en\/wp-json\/wp\/v2\/users\/1"}],"replies":[{"embeddable":true,"href":"https:\/\/prudentwater.com\/en\/wp-json\/wp\/v2\/comments?post=10760"}],"version-history":[{"count":0,"href":"https:\/\/prudentwater.com\/en\/wp-json\/wp\/v2\/pages\/10760\/revisions"}],"wp:attachment":[{"href":"https:\/\/prudentwater.com\/en\/wp-json\/wp\/v2\/media?parent=10760"}],"curies":[{"name":"wp","href":"https:\/\/api.w.org\/{rel}","templated":true}]}}