{"id":10771,"date":"2017-11-22T15:37:59","date_gmt":"2017-11-22T15:37:59","guid":{"rendered":"http:\/\/www.kunnskap.de\/?page_id=10771"},"modified":"2022-08-08T12:53:10","modified_gmt":"2022-08-08T10:53:10","slug":"volumen-kumuliert","status":"publish","type":"page","link":"https:\/\/prudentwater.com\/en\/volumen-kumuliert\/","title":{"rendered":"Volumen \/ Kumuliert"},"content":{"rendered":"<p>Will man \u00fcber seinen Broker eine bestimmte Aktie handeln, so erscheint neben dem Aktiennamen in einer separaten Spalte die Bezeichnung &#8216;Volumen \/ Kumuliert&#8217;. Bei der ersten Zahl &#8216;Volumen&#8217; handelt es sich um die St\u00fcckzahl der Aktien, die ausschlie\u00dflich beim letzten Gesch\u00e4ftsabschluss zwischen K\u00e4ufer und Verk\u00e4ufer \u00fcber die jeweilige B\u00f6rse umgesetzt wurden. &#8216;Kumuliert&#8217; hingegen zeigt das gesamte Handelsvolumen der Aktie f\u00fcr den jeweiligen Tag \u00fcber die B\u00f6rse an. Die Kennziffer &#8216;Volumen&#8217; repr\u00e4sentiert also nur die St\u00fcckzahl des einzelnen letzten Trades, wohingegen &#8216;Kumuliert&#8217; das angeh\u00e4ufte Volumen des gesamten Tages anzeigt.<\/p>\n<h2>Aussagekraft von Volumen \/ Kumuliert<\/h2>\n<p>Je h\u00f6her das kumulierte Volumen, desto h\u00f6her f\u00fcr den Anleger auch die Chancen, dass seine Kauforder bzw. Verkaufsorder zum gew\u00fcnschten Kurs ausgef\u00fchrt wird. Folglich, je h\u00f6her das kumulierte Volumen, desto h\u00f6her ist die Liquidit\u00e4t des Wertpapieres an dieser B\u00f6rse, da dann umso mehr Marktteilnehmer diese Aktie an diesem Tag handeln. Au\u00dferdem gilt, dass je h\u00f6her das kumulierte Volumen, desto geringer der Spread, also die Spanne zwischen Geldkurs und Briefkurs. F\u00fcr den Anleger bedeutet ein geringer Spread letztendlich geringere Kosten.<\/p>\n","protected":false},"excerpt":{"rendered":"<p>Will man \u00fcber seinen Broker eine bestimmte Aktie handeln, so erscheint neben dem Aktiennamen in einer separaten Spalte die Bezeichnung &#8216;Volumen \/ Kumuliert&#8217;. Bei der ersten Zahl &#8216;Volumen&#8217; handelt es sich um die St\u00fcckzahl der Aktien, die ausschlie\u00dflich beim letzten Gesch\u00e4ftsabschluss zwischen K\u00e4ufer und Verk\u00e4ufer \u00fcber die jeweilige B\u00f6rse umgesetzt wurden. &#8216;Kumuliert&#8217; hingegen zeigt das [&hellip;]<\/p>\n","protected":false},"author":1,"featured_media":0,"parent":0,"menu_order":0,"comment_status":"closed","ping_status":"closed","template":"","meta":{"site-sidebar-layout":"default","site-content-layout":"","ast-site-content-layout":"","site-content-style":"default","site-sidebar-style":"default","ast-global-header-display":"","ast-banner-title-visibility":"","ast-main-header-display":"","ast-hfb-above-header-display":"","ast-hfb-below-header-display":"","ast-hfb-mobile-header-display":"","site-post-title":"","ast-breadcrumbs-content":"","ast-featured-img":"","footer-sml-layout":"","theme-transparent-header-meta":"","adv-header-id-meta":"","stick-header-meta":"","header-above-stick-meta":"","header-main-stick-meta":"","header-below-stick-meta":"","astra-migrate-meta-layouts":"default","ast-page-background-enabled":"default","ast-page-background-meta":{"desktop":{"background-color":"","background-image":"","background-repeat":"repeat","background-position":"center center","background-size":"auto","background-attachment":"scroll","background-type":"","background-media":"","overlay-type":"","overlay-color":"","overlay-opacity":"","overlay-gradient":""},"tablet":{"background-color":"","background-image":"","background-repeat":"repeat","background-position":"center center","background-size":"auto","background-attachment":"scroll","background-type":"","background-media":"","overlay-type":"","overlay-color":"","overlay-opacity":"","overlay-gradient":""},"mobile":{"background-color":"","background-image":"","background-repeat":"repeat","background-position":"center center","background-size":"auto","background-attachment":"scroll","background-type":"","background-media":"","overlay-type":"","overlay-color":"","overlay-opacity":"","overlay-gradient":""}},"ast-content-background-meta":{"desktop":{"background-color":"var(--ast-global-color-5)","background-image":"","background-repeat":"repeat","background-position":"center center","background-size":"auto","background-attachment":"scroll","background-type":"","background-media":"","overlay-type":"","overlay-color":"","overlay-opacity":"","overlay-gradient":""},"tablet":{"background-color":"var(--ast-global-color-5)","background-image":"","background-repeat":"repeat","background-position":"center center","background-size":"auto","background-attachment":"scroll","background-type":"","background-media":"","overlay-type":"","overlay-color":"","overlay-opacity":"","overlay-gradient":""},"mobile":{"background-color":"var(--ast-global-color-5)","background-image":"","background-repeat":"repeat","background-position":"center center","background-size":"auto","background-attachment":"scroll","background-type":"","background-media":"","overlay-type":"","overlay-color":"","overlay-opacity":"","overlay-gradient":""}},"footnotes":""},"class_list":["post-10771","page","type-page","status-publish","hentry"],"translation":{"provider":"WPGlobus","version":"3.0.2","language":"en","enabled_languages":["de","en"],"languages":{"de":{"title":true,"content":true,"excerpt":false},"en":{"title":false,"content":false,"excerpt":false}}},"featured_image_urls_v2":{"full":"","thumbnail":"","medium":"","medium_large":"","large":"","1536x1536":"","2048x2048":""},"post_excerpt_stackable_v2":"<p>Will man \u00fcber seinen Broker eine bestimmte Aktie handeln, so erscheint neben dem Aktiennamen in einer separaten Spalte die Bezeichnung &#8216;Volumen \/ Kumuliert&#8217;. Bei der ersten Zahl &#8216;Volumen&#8217; handelt es sich um die St\u00fcckzahl der Aktien, die ausschlie\u00dflich beim letzten Gesch\u00e4ftsabschluss zwischen K\u00e4ufer und Verk\u00e4ufer \u00fcber die jeweilige B\u00f6rse umgesetzt wurden. &#8216;Kumuliert&#8217; hingegen zeigt das gesamte Handelsvolumen der Aktie f\u00fcr den jeweiligen Tag \u00fcber die B\u00f6rse an. Die Kennziffer &#8216;Volumen&#8217; repr\u00e4sentiert also nur die St\u00fcckzahl des einzelnen letzten Trades, wohingegen &#8216;Kumuliert&#8217; das angeh\u00e4ufte Volumen des gesamten Tages anzeigt. Aussagekraft von Volumen \/ Kumuliert Je h\u00f6her das kumulierte Volumen, desto h\u00f6her&hellip;<\/p>\n","category_list_v2":"","author_info_v2":{"name":"PrudentWater","url":"https:\/\/prudentwater.com\/en\/author\/niklas33\/"},"comments_num_v2":"0 comments","_links":{"self":[{"href":"https:\/\/prudentwater.com\/en\/wp-json\/wp\/v2\/pages\/10771","targetHints":{"allow":["GET"]}}],"collection":[{"href":"https:\/\/prudentwater.com\/en\/wp-json\/wp\/v2\/pages"}],"about":[{"href":"https:\/\/prudentwater.com\/en\/wp-json\/wp\/v2\/types\/page"}],"author":[{"embeddable":true,"href":"https:\/\/prudentwater.com\/en\/wp-json\/wp\/v2\/users\/1"}],"replies":[{"embeddable":true,"href":"https:\/\/prudentwater.com\/en\/wp-json\/wp\/v2\/comments?post=10771"}],"version-history":[{"count":0,"href":"https:\/\/prudentwater.com\/en\/wp-json\/wp\/v2\/pages\/10771\/revisions"}],"wp:attachment":[{"href":"https:\/\/prudentwater.com\/en\/wp-json\/wp\/v2\/media?parent=10771"}],"curies":[{"name":"wp","href":"https:\/\/api.w.org\/{rel}","templated":true}]}}