{"id":10833,"date":"2017-12-05T12:40:45","date_gmt":"2017-12-05T12:40:45","guid":{"rendered":"http:\/\/www.kunnskap.de\/?page_id=10833"},"modified":"2023-03-15T23:09:17","modified_gmt":"2023-03-15T22:09:17","slug":"yoy","status":"publish","type":"page","link":"https:\/\/prudentwater.com\/en\/yoy\/","title":{"rendered":"YOY"},"content":{"rendered":"<p>engl. <b>Year-over-Year<\/b><\/p>\n<p>Die englische Abk\u00fcrzung <b>YOY<\/b> steht f\u00fcr year-over-year und wird oftmals in Gesch\u00e4ftsberichten oder Pressemitteilungen von Aktiengesellschaften genutzt. Mit YOY wird ein Jahresvergleich eines bestimmten Wertes f\u00fcr einen jeweiligen Zeitraum hergestellt. Es handelt sich um eine in Prozent ausgedr\u00fcckte Wachstumsgr\u00f6\u00dfe bezogen auf den Umsatz, den Nettogewinn oder auch das EBIT. Hei\u00dft es beispielsweise, dass im 3. Quartal 2022 der Umsatz um 3,5 % YOY angestiegen ist, so bedeutet dies, dass im Vergleich zum 3. Quartal 2021, der Umsatz um 3,5 % gestiegen ist. Bei der YOY-Betrachtung wird also nur der Umsatz ber\u00fccksichtigt, der auch im jeweiligen Zeitraum stattgefunden hat. In diesem Fall der Umsatz, der jeweils im 3. Quartal 2021 und im 3. Quartal 2022 erwirtschaftet wurde, woraus dann letztendlich die YOY-Wachstumsrate abgeleitet wird. Lag der Umsatz im 3. Quartal 2021 bei 100 000 Euro und im 3. Quartal 2022 bei 103 5000 Euro, so ergibt sich ein YOY-Umsatzwachstum von 3,5 %.<\/p>\n<h2>YOY in Bezug auf die Inflationsrate<\/h2>\n<p>Inflationsdaten werden meistens auf YOY-Basis angegeben. Dies bedeutet, dass die Ver\u00e4nderung des Verbraucherpreisindex zum Vorjahresmonat angegeben wird. Wird also die Inflationsrate in Deutschland im Januar 2023 mit 3 % angegeben, so bedeutet dies, dass die Preise in Deutschland vom Ausgangszeitpunkt Januar 2022 bis Endzeitpunkt Januar 2023 um durchschnittlich 3 % gestiegen sind. Die Preise haben sich somit im Durchschnitt innerhalb dieser 12 Monate um 3 % erh\u00f6ht.<\/p>\n","protected":false},"excerpt":{"rendered":"<p>engl. Year-over-Year Die englische Abk\u00fcrzung YOY steht f\u00fcr year-over-year und wird oftmals in Gesch\u00e4ftsberichten oder Pressemitteilungen von Aktiengesellschaften genutzt. Mit YOY wird ein Jahresvergleich eines bestimmten Wertes f\u00fcr einen jeweiligen Zeitraum hergestellt. Es handelt sich um eine in Prozent ausgedr\u00fcckte Wachstumsgr\u00f6\u00dfe bezogen auf den Umsatz, den Nettogewinn oder auch das EBIT. Hei\u00dft es beispielsweise, dass [&hellip;]<\/p>\n","protected":false},"author":1,"featured_media":0,"parent":0,"menu_order":0,"comment_status":"closed","ping_status":"closed","template":"","meta":{"site-sidebar-layout":"default","site-content-layout":"","ast-site-content-layout":"","site-content-style":"default","site-sidebar-style":"default","ast-global-header-display":"","ast-banner-title-visibility":"","ast-main-header-display":"","ast-hfb-above-header-display":"","ast-hfb-below-header-display":"","ast-hfb-mobile-header-display":"","site-post-title":"","ast-breadcrumbs-content":"","ast-featured-img":"","footer-sml-layout":"","theme-transparent-header-meta":"","adv-header-id-meta":"","stick-header-meta":"","header-above-stick-meta":"","header-main-stick-meta":"","header-below-stick-meta":"","astra-migrate-meta-layouts":"default","ast-page-background-enabled":"default","ast-page-background-meta":{"desktop":{"background-color":"","background-image":"","background-repeat":"repeat","background-position":"center center","background-size":"auto","background-attachment":"scroll","background-type":"","background-media":"","overlay-type":"","overlay-color":"","overlay-opacity":"","overlay-gradient":""},"tablet":{"background-color":"","background-image":"","background-repeat":"repeat","background-position":"center center","background-size":"auto","background-attachment":"scroll","background-type":"","background-media":"","overlay-type":"","overlay-color":"","overlay-opacity":"","overlay-gradient":""},"mobile":{"background-color":"","background-image":"","background-repeat":"repeat","background-position":"center center","background-size":"auto","background-attachment":"scroll","background-type":"","background-media":"","overlay-type":"","overlay-color":"","overlay-opacity":"","overlay-gradient":""}},"ast-content-background-meta":{"desktop":{"background-color":"var(--ast-global-color-5)","background-image":"","background-repeat":"repeat","background-position":"center center","background-size":"auto","background-attachment":"scroll","background-type":"","background-media":"","overlay-type":"","overlay-color":"","overlay-opacity":"","overlay-gradient":""},"tablet":{"background-color":"var(--ast-global-color-5)","background-image":"","background-repeat":"repeat","background-position":"center center","background-size":"auto","background-attachment":"scroll","background-type":"","background-media":"","overlay-type":"","overlay-color":"","overlay-opacity":"","overlay-gradient":""},"mobile":{"background-color":"var(--ast-global-color-5)","background-image":"","background-repeat":"repeat","background-position":"center center","background-size":"auto","background-attachment":"scroll","background-type":"","background-media":"","overlay-type":"","overlay-color":"","overlay-opacity":"","overlay-gradient":""}},"footnotes":""},"class_list":["post-10833","page","type-page","status-publish","hentry"],"translation":{"provider":"WPGlobus","version":"3.0.2","language":"en","enabled_languages":["de","en"],"languages":{"de":{"title":true,"content":true,"excerpt":false},"en":{"title":false,"content":false,"excerpt":false}}},"featured_image_urls_v2":{"full":"","thumbnail":"","medium":"","medium_large":"","large":"","1536x1536":"","2048x2048":""},"post_excerpt_stackable_v2":"<p>engl. Year-over-Year Die englische Abk\u00fcrzung YOY steht f\u00fcr year-over-year und wird oftmals in Gesch\u00e4ftsberichten oder Pressemitteilungen von Aktiengesellschaften genutzt. Mit YOY wird ein Jahresvergleich eines bestimmten Wertes f\u00fcr einen jeweiligen Zeitraum hergestellt. Es handelt sich um eine in Prozent ausgedr\u00fcckte Wachstumsgr\u00f6\u00dfe bezogen auf den Umsatz, den Nettogewinn oder auch das EBIT. Hei\u00dft es beispielsweise, dass im 3. Quartal 2022 der Umsatz um 3,5 % YOY angestiegen ist, so bedeutet dies, dass im Vergleich zum 3. Quartal 2021, der Umsatz um 3,5 % gestiegen ist. Bei der YOY-Betrachtung wird also nur der Umsatz ber\u00fccksichtigt, der auch im jeweiligen Zeitraum stattgefunden hat.&hellip;<\/p>\n","category_list_v2":"","author_info_v2":{"name":"PrudentWater","url":"https:\/\/prudentwater.com\/en\/author\/niklas33\/"},"comments_num_v2":"0 comments","_links":{"self":[{"href":"https:\/\/prudentwater.com\/en\/wp-json\/wp\/v2\/pages\/10833","targetHints":{"allow":["GET"]}}],"collection":[{"href":"https:\/\/prudentwater.com\/en\/wp-json\/wp\/v2\/pages"}],"about":[{"href":"https:\/\/prudentwater.com\/en\/wp-json\/wp\/v2\/types\/page"}],"author":[{"embeddable":true,"href":"https:\/\/prudentwater.com\/en\/wp-json\/wp\/v2\/users\/1"}],"replies":[{"embeddable":true,"href":"https:\/\/prudentwater.com\/en\/wp-json\/wp\/v2\/comments?post=10833"}],"version-history":[{"count":0,"href":"https:\/\/prudentwater.com\/en\/wp-json\/wp\/v2\/pages\/10833\/revisions"}],"wp:attachment":[{"href":"https:\/\/prudentwater.com\/en\/wp-json\/wp\/v2\/media?parent=10833"}],"curies":[{"name":"wp","href":"https:\/\/api.w.org\/{rel}","templated":true}]}}