{"id":1086,"date":"2014-10-11T17:55:13","date_gmt":"2014-10-11T17:55:13","guid":{"rendered":"http:\/\/www.kunnskap.de\/?page_id=1086"},"modified":"2021-06-25T12:50:13","modified_gmt":"2021-06-25T10:50:13","slug":"terminmarkt","status":"publish","type":"page","link":"https:\/\/prudentwater.com\/en\/terminmarkt\/","title":{"rendered":"Terminmarkt"},"content":{"rendered":"<p>engl. <strong>Forward Market<\/strong><\/p>\n<p>Der Terminmarkt ist ein nicht-lokalisierbarer Ort, an dem das Termingesch\u00e4ft abgewickelt wird. Das Termingesch\u00e4ft kennzeichnet sich dadurch aus, dass es f\u00fcr die Erf\u00fcllung nach Vertragsabschluss mehr als zwei Tage ben\u00f6tigt. Dauert der Abschluss eines Gesch\u00e4ftes also mehr als zwei Werktage, so findet es am Terminmarkt statt. Am Kassamarkt hingegen sind die Gesch\u00e4fte innerhalb von zwei Tagen nach Vertragsabschluss zu erf\u00fcllen.<br \/>\nDas Besondere am Terminmarkt ist, das dort das Termingesch\u00e4ft abgeschlossen wird, die Erf\u00fcllung des Gesch\u00e4ftes jedoch in die Zukunft verschoben wird. So muss weder der K\u00e4ufer bei Vertragsabschluss die finanziellen Mittel leisten, noch muss der Verk\u00e4ufer bei Vertragsabschluss die verkauften G\u00fcter besitzen. Die Erf\u00fcllung des Gesch\u00e4fts findet erst sp\u00e4ter statt, der Zeitpunkt, zu dem das Gesch\u00e4ft erf\u00fcllt werden muss, ist dabei jedoch bereits festgelegt, ebenso wie der Preis der zu bezahlen ist sowie die Menge der G\u00fcter. Am Terminmarkt werden haupts\u00e4chlich Optionen und Futures gehandelt. Genutzt wird der Terminmarkt in erster Linie, um sich gegen Preisschwankungen abzusichern. Die EUREX ist eine der gr\u00f6\u00dften Terminb\u00f6rsen.<br \/>\nGeldkurse und Briefkurse werden am Terminmarkt notiert, allerdings nicht komplett ausgeschrieben. Es wird lediglich der Auf- bzw. Abschlag auf den Kassakurs quotiert. Dieser Auf- oder Abschlag wird Swapsatz genannt. <\/p>\n","protected":false},"excerpt":{"rendered":"<p>engl. Forward Market Der Terminmarkt ist ein nicht-lokalisierbarer Ort, an dem das Termingesch\u00e4ft abgewickelt wird. Das Termingesch\u00e4ft kennzeichnet sich dadurch aus, dass es f\u00fcr die Erf\u00fcllung nach Vertragsabschluss mehr als zwei Tage ben\u00f6tigt. Dauert der Abschluss eines Gesch\u00e4ftes also mehr als zwei Werktage, so findet es am Terminmarkt statt. Am Kassamarkt hingegen sind die Gesch\u00e4fte [&hellip;]<\/p>\n","protected":false},"author":1,"featured_media":0,"parent":0,"menu_order":0,"comment_status":"closed","ping_status":"closed","template":"","meta":{"site-sidebar-layout":"default","site-content-layout":"","ast-site-content-layout":"","site-content-style":"default","site-sidebar-style":"default","ast-global-header-display":"","ast-banner-title-visibility":"","ast-main-header-display":"","ast-hfb-above-header-display":"","ast-hfb-below-header-display":"","ast-hfb-mobile-header-display":"","site-post-title":"","ast-breadcrumbs-content":"","ast-featured-img":"","footer-sml-layout":"","theme-transparent-header-meta":"","adv-header-id-meta":"","stick-header-meta":"","header-above-stick-meta":"","header-main-stick-meta":"","header-below-stick-meta":"","astra-migrate-meta-layouts":"default","ast-page-background-enabled":"default","ast-page-background-meta":{"desktop":{"background-color":"","background-image":"","background-repeat":"repeat","background-position":"center center","background-size":"auto","background-attachment":"scroll","background-type":"","background-media":"","overlay-type":"","overlay-color":"","overlay-opacity":"","overlay-gradient":""},"tablet":{"background-color":"","background-image":"","background-repeat":"repeat","background-position":"center center","background-size":"auto","background-attachment":"scroll","background-type":"","background-media":"","overlay-type":"","overlay-color":"","overlay-opacity":"","overlay-gradient":""},"mobile":{"background-color":"","background-image":"","background-repeat":"repeat","background-position":"center center","background-size":"auto","background-attachment":"scroll","background-type":"","background-media":"","overlay-type":"","overlay-color":"","overlay-opacity":"","overlay-gradient":""}},"ast-content-background-meta":{"desktop":{"background-color":"var(--ast-global-color-5)","background-image":"","background-repeat":"repeat","background-position":"center center","background-size":"auto","background-attachment":"scroll","background-type":"","background-media":"","overlay-type":"","overlay-color":"","overlay-opacity":"","overlay-gradient":""},"tablet":{"background-color":"var(--ast-global-color-5)","background-image":"","background-repeat":"repeat","background-position":"center center","background-size":"auto","background-attachment":"scroll","background-type":"","background-media":"","overlay-type":"","overlay-color":"","overlay-opacity":"","overlay-gradient":""},"mobile":{"background-color":"var(--ast-global-color-5)","background-image":"","background-repeat":"repeat","background-position":"center center","background-size":"auto","background-attachment":"scroll","background-type":"","background-media":"","overlay-type":"","overlay-color":"","overlay-opacity":"","overlay-gradient":""}},"footnotes":""},"class_list":["post-1086","page","type-page","status-publish","hentry"],"translation":{"provider":"WPGlobus","version":"3.0.2","language":"en","enabled_languages":["de","en"],"languages":{"de":{"title":true,"content":true,"excerpt":false},"en":{"title":false,"content":false,"excerpt":false}}},"featured_image_urls_v2":{"full":"","thumbnail":"","medium":"","medium_large":"","large":"","1536x1536":"","2048x2048":""},"post_excerpt_stackable_v2":"<p>engl. Forward Market Der Terminmarkt ist ein nicht-lokalisierbarer Ort, an dem das Termingesch\u00e4ft abgewickelt wird. Das Termingesch\u00e4ft kennzeichnet sich dadurch aus, dass es f\u00fcr die Erf\u00fcllung nach Vertragsabschluss mehr als zwei Tage ben\u00f6tigt. Dauert der Abschluss eines Gesch\u00e4ftes also mehr als zwei Werktage, so findet es am Terminmarkt statt. Am Kassamarkt hingegen sind die Gesch\u00e4fte innerhalb von zwei Tagen nach Vertragsabschluss zu erf\u00fcllen. Das Besondere am Terminmarkt ist, das dort das Termingesch\u00e4ft abgeschlossen wird, die Erf\u00fcllung des Gesch\u00e4ftes jedoch in die Zukunft verschoben wird. So muss weder der K\u00e4ufer bei Vertragsabschluss die finanziellen Mittel leisten, noch muss der Verk\u00e4ufer bei&hellip;<\/p>\n","category_list_v2":"","author_info_v2":{"name":"PrudentWater","url":"https:\/\/prudentwater.com\/en\/author\/niklas33\/"},"comments_num_v2":"0 comments","_links":{"self":[{"href":"https:\/\/prudentwater.com\/en\/wp-json\/wp\/v2\/pages\/1086","targetHints":{"allow":["GET"]}}],"collection":[{"href":"https:\/\/prudentwater.com\/en\/wp-json\/wp\/v2\/pages"}],"about":[{"href":"https:\/\/prudentwater.com\/en\/wp-json\/wp\/v2\/types\/page"}],"author":[{"embeddable":true,"href":"https:\/\/prudentwater.com\/en\/wp-json\/wp\/v2\/users\/1"}],"replies":[{"embeddable":true,"href":"https:\/\/prudentwater.com\/en\/wp-json\/wp\/v2\/comments?post=1086"}],"version-history":[{"count":0,"href":"https:\/\/prudentwater.com\/en\/wp-json\/wp\/v2\/pages\/1086\/revisions"}],"wp:attachment":[{"href":"https:\/\/prudentwater.com\/en\/wp-json\/wp\/v2\/media?parent=1086"}],"curies":[{"name":"wp","href":"https:\/\/api.w.org\/{rel}","templated":true}]}}