{"id":1090,"date":"2014-10-11T21:25:21","date_gmt":"2014-10-11T21:25:21","guid":{"rendered":"http:\/\/www.kunnskap.de\/?page_id=1090"},"modified":"2021-06-25T12:50:13","modified_gmt":"2021-06-25T10:50:13","slug":"termingeschaft","status":"publish","type":"page","link":"https:\/\/prudentwater.com\/en\/termingeschaft\/","title":{"rendered":"Termingesch\u00e4ft"},"content":{"rendered":"<p>Auch <strong>Zeitgesch\u00e4ft<\/strong><br \/>\nengl. <strong>Forward Deal<\/strong><\/p>\n<p>Bei einem Termingesch\u00e4ft schlie\u00dfen zwei Parteien (K\u00e4ufer und Verk\u00e4ufer) in der Gegenwart eine vertragliche Vereinbarung \u00fcber ein zugrunde liegendes Gesch\u00e4ft ab, dessen Ausf\u00fchrung wird dabei jedoch in die Zukunft verschoben. Die Erf\u00fcllung, also die Ausf\u00fchrung des Vertrages, bei der der K\u00e4ufer das Geld zu bezahlen hat und der Verk\u00e4ufer die vereinbarten G\u00fcter liefern muss, wird in die Zukunft verschoben. So muss weder der K\u00e4ufer bei Vertragsabschluss die finanziellen Mittel leisten, noch muss der Verk\u00e4ufer bei Vertragsabschluss die verkauften G\u00fcter besitzen. Das Erf\u00fcllen des Gesch\u00e4fts findet erst sp\u00e4ter statt, der Zeitpunkt, zu dem das Gesch\u00e4ft erf\u00fcllt werden muss, ist dabei jedoch bereits festgelegt, ebenso wie der Preis und die genaue Menge des Basiswertes. Sinn des Termingesch\u00e4ftes ist es, sich bereits heute einen Preis f\u00fcr ein Gut in der Zukunft zu sichern und Kurs- sowie Preisschwankungen dabei auszuschalten. Durchgef\u00fchrt wird das Termingesch\u00e4ft mittels Derivaten wie Futures und Forwards. Es gibt jedoch verschiedene Varianten des Termingesch\u00e4ftes. So gibt es einmal ein bedingtes Termingesch\u00e4ft und einmal ein unbedingtes Termingesch\u00e4ft.<\/p>\n<h5>Tats\u00e4chlicher Sinn des Termingesch\u00e4ftes<\/h5>\n<p>Das Termingesch\u00e4ft wird heutzutage im Jahre 2026 anteilsm\u00e4\u00dfig am h\u00e4ufigsten f\u00fcr spekulative Zwecke genutzt, allerdings besteht auch ein grundlegender Sinn hinter dieser Art von Gesch\u00e4ft. Ein Lieferant, welcher einen Geldbetrag in einer fremden W\u00e4hrung in beispielsweise drei Monaten erwartet, kann durch das Termingesch\u00e4ft heute schon diesen Betrag absichern und somit das Wechselkursrisiko ausschalten. Dieses besteht n\u00e4mlich darin, dass die Fremdw\u00e4hrung, in die der Geldbetrag notiert, gegen\u00fcber seiner Heimatw\u00e4hrung abwertet und er somit in drei Monaten durch die Wechselkursver\u00e4nderungen einen geringeren Betrag in heimischer W\u00e4hrung erh\u00e4lt. Das Termingesch\u00e4ft erm\u00f6glicht ihm nun, schon heute den Fremdw\u00e4hrungsbetrag per drei Monate zu einem festen Wechselkurs gegen\u00fcber seiner Heimatw\u00e4hrung zu verkaufen. Die tats\u00e4chliche Durchf\u00fchrung des Gesch\u00e4ftes findet dann auch erst wieder in drei Monaten statt, der Lieferant kann jetzt allerdings bereits mit einem festen Geldbetrag in heimischer W\u00e4hrung kalkulieren.<\/p>\n","protected":false},"excerpt":{"rendered":"<p>Auch Zeitgesch\u00e4ft engl. Forward Deal Bei einem Termingesch\u00e4ft schlie\u00dfen zwei Parteien (K\u00e4ufer und Verk\u00e4ufer) in der Gegenwart eine vertragliche Vereinbarung \u00fcber ein zugrunde liegendes Gesch\u00e4ft ab, dessen Ausf\u00fchrung wird dabei jedoch in die Zukunft verschoben. Die Erf\u00fcllung, also die Ausf\u00fchrung des Vertrages, bei der der K\u00e4ufer das Geld zu bezahlen hat und der Verk\u00e4ufer die [&hellip;]<\/p>\n","protected":false},"author":1,"featured_media":0,"parent":0,"menu_order":0,"comment_status":"closed","ping_status":"closed","template":"","meta":{"site-sidebar-layout":"default","site-content-layout":"","ast-site-content-layout":"","site-content-style":"default","site-sidebar-style":"default","ast-global-header-display":"","ast-banner-title-visibility":"","ast-main-header-display":"","ast-hfb-above-header-display":"","ast-hfb-below-header-display":"","ast-hfb-mobile-header-display":"","site-post-title":"","ast-breadcrumbs-content":"","ast-featured-img":"","footer-sml-layout":"","theme-transparent-header-meta":"","adv-header-id-meta":"","stick-header-meta":"","header-above-stick-meta":"","header-main-stick-meta":"","header-below-stick-meta":"","astra-migrate-meta-layouts":"default","ast-page-background-enabled":"default","ast-page-background-meta":{"desktop":{"background-color":"","background-image":"","background-repeat":"repeat","background-position":"center center","background-size":"auto","background-attachment":"scroll","background-type":"","background-media":"","overlay-type":"","overlay-color":"","overlay-opacity":"","overlay-gradient":""},"tablet":{"background-color":"","background-image":"","background-repeat":"repeat","background-position":"center center","background-size":"auto","background-attachment":"scroll","background-type":"","background-media":"","overlay-type":"","overlay-color":"","overlay-opacity":"","overlay-gradient":""},"mobile":{"background-color":"","background-image":"","background-repeat":"repeat","background-position":"center center","background-size":"auto","background-attachment":"scroll","background-type":"","background-media":"","overlay-type":"","overlay-color":"","overlay-opacity":"","overlay-gradient":""}},"ast-content-background-meta":{"desktop":{"background-color":"var(--ast-global-color-5)","background-image":"","background-repeat":"repeat","background-position":"center center","background-size":"auto","background-attachment":"scroll","background-type":"","background-media":"","overlay-type":"","overlay-color":"","overlay-opacity":"","overlay-gradient":""},"tablet":{"background-color":"var(--ast-global-color-5)","background-image":"","background-repeat":"repeat","background-position":"center center","background-size":"auto","background-attachment":"scroll","background-type":"","background-media":"","overlay-type":"","overlay-color":"","overlay-opacity":"","overlay-gradient":""},"mobile":{"background-color":"var(--ast-global-color-5)","background-image":"","background-repeat":"repeat","background-position":"center center","background-size":"auto","background-attachment":"scroll","background-type":"","background-media":"","overlay-type":"","overlay-color":"","overlay-opacity":"","overlay-gradient":""}},"footnotes":""},"class_list":["post-1090","page","type-page","status-publish","hentry"],"translation":{"provider":"WPGlobus","version":"3.0.2","language":"en","enabled_languages":["de","en"],"languages":{"de":{"title":true,"content":true,"excerpt":false},"en":{"title":false,"content":false,"excerpt":false}}},"featured_image_urls_v2":{"full":"","thumbnail":"","medium":"","medium_large":"","large":"","1536x1536":"","2048x2048":""},"post_excerpt_stackable_v2":"<p>Auch Zeitgesch\u00e4ft engl. Forward Deal Bei einem Termingesch\u00e4ft schlie\u00dfen zwei Parteien (K\u00e4ufer und Verk\u00e4ufer) in der Gegenwart eine vertragliche Vereinbarung \u00fcber ein zugrunde liegendes Gesch\u00e4ft ab, dessen Ausf\u00fchrung wird dabei jedoch in die Zukunft verschoben. Die Erf\u00fcllung, also die Ausf\u00fchrung des Vertrages, bei der der K\u00e4ufer das Geld zu bezahlen hat und der Verk\u00e4ufer die vereinbarten G\u00fcter liefern muss, wird in die Zukunft verschoben. So muss weder der K\u00e4ufer bei Vertragsabschluss die finanziellen Mittel leisten, noch muss der Verk\u00e4ufer bei Vertragsabschluss die verkauften G\u00fcter besitzen. Das Erf\u00fcllen des Gesch\u00e4fts findet erst sp\u00e4ter statt, der Zeitpunkt, zu dem das Gesch\u00e4ft erf\u00fcllt&hellip;<\/p>\n","category_list_v2":"","author_info_v2":{"name":"PrudentWater","url":"https:\/\/prudentwater.com\/en\/author\/niklas33\/"},"comments_num_v2":"0 comments","_links":{"self":[{"href":"https:\/\/prudentwater.com\/en\/wp-json\/wp\/v2\/pages\/1090","targetHints":{"allow":["GET"]}}],"collection":[{"href":"https:\/\/prudentwater.com\/en\/wp-json\/wp\/v2\/pages"}],"about":[{"href":"https:\/\/prudentwater.com\/en\/wp-json\/wp\/v2\/types\/page"}],"author":[{"embeddable":true,"href":"https:\/\/prudentwater.com\/en\/wp-json\/wp\/v2\/users\/1"}],"replies":[{"embeddable":true,"href":"https:\/\/prudentwater.com\/en\/wp-json\/wp\/v2\/comments?post=1090"}],"version-history":[{"count":0,"href":"https:\/\/prudentwater.com\/en\/wp-json\/wp\/v2\/pages\/1090\/revisions"}],"wp:attachment":[{"href":"https:\/\/prudentwater.com\/en\/wp-json\/wp\/v2\/media?parent=1090"}],"curies":[{"name":"wp","href":"https:\/\/api.w.org\/{rel}","templated":true}]}}