{"id":10980,"date":"2018-01-04T16:14:49","date_gmt":"2018-01-04T16:14:49","guid":{"rendered":"http:\/\/www.kunnskap.de\/?page_id=10980"},"modified":"2021-06-25T12:49:03","modified_gmt":"2021-06-25T10:49:03","slug":"gleichgewichteter-index","status":"publish","type":"page","link":"https:\/\/prudentwater.com\/en\/gleichgewichteter-index\/","title":{"rendered":"Gleichgewichteter Index"},"content":{"rendered":"<p>engl. <strong>Equal Weighted Index<\/strong><\/p>\n<p>Bei einem gleichgewichteten Index ist jeder Aktientitel im Index mit der gleichen prozentualen Gewichtung vertreten. Alle Indexmitglieder erhalten somit denselben Anteil. So gibt es beispielsweise den S&amp;P 500 &#8211; welcher normalerweise ein kapitalisierungsgewichteter Index ist &#8211; auch als gleichgewichteten Index. Jedes Unternehmen im S&amp;P 500 Equal Weight Index erh\u00e4lt dann eine Gewichtung von 0,2 Prozent. Dabei bezieht sich die Gewichtung immer auf die Marktkapitalisierung.<br \/>\nBeim gleichgewichteten Index findet in zeitlichen Abst\u00e4nden eine Rebalancierung der enthaltenen Aktien und deren Gewichtungen in Index statt. Aktien, die im Preis gestiegen sind und jene, die im Kurs gefallen sind werden somit wieder gleich gewichtet. Bei Aktien, die seit der letzten Anpassung im Kurs gestiegen sind, wird die Gewichtung wieder zur\u00fcckgestuft, bei Aktien, die seit der letzten Anpassung im Kurs gefallen sind, wird die Gewichtung hochgestuft. Der Vorteil eines gleichgewichteten Index liegt in der Vermeidung des sogennanten Klumpenrisikos, der Nachteil jedoch darin, dass Small Caps und &#8216;angeschlagene&#8217; Unternehmen eventuell einen zu gro\u00dfen Einfluss auf die Indexentwicklung haben. Im Endeffekt ist der Tag der Rebalancierung auch der einzige Tag, an dem alle Indexmitglieder auch tats\u00e4chlich gleichgewichtet sind. Sobald sich die Kurse der Aktien wieder \u00e4ndern, \u00e4ndert sich auch der Gewichtungen im Index.<\/p>\n","protected":false},"excerpt":{"rendered":"<p>engl. Equal Weighted Index Bei einem gleichgewichteten Index ist jeder Aktientitel im Index mit der gleichen prozentualen Gewichtung vertreten. Alle Indexmitglieder erhalten somit denselben Anteil. So gibt es beispielsweise den S&amp;P 500 &#8211; welcher normalerweise ein kapitalisierungsgewichteter Index ist &#8211; auch als gleichgewichteten Index. Jedes Unternehmen im S&amp;P 500 Equal Weight Index erh\u00e4lt dann eine [&hellip;]<\/p>\n","protected":false},"author":1,"featured_media":0,"parent":0,"menu_order":0,"comment_status":"closed","ping_status":"closed","template":"","meta":{"site-sidebar-layout":"default","site-content-layout":"","ast-site-content-layout":"","site-content-style":"default","site-sidebar-style":"default","ast-global-header-display":"","ast-banner-title-visibility":"","ast-main-header-display":"","ast-hfb-above-header-display":"","ast-hfb-below-header-display":"","ast-hfb-mobile-header-display":"","site-post-title":"","ast-breadcrumbs-content":"","ast-featured-img":"","footer-sml-layout":"","theme-transparent-header-meta":"","adv-header-id-meta":"","stick-header-meta":"","header-above-stick-meta":"","header-main-stick-meta":"","header-below-stick-meta":"","astra-migrate-meta-layouts":"default","ast-page-background-enabled":"default","ast-page-background-meta":{"desktop":{"background-color":"","background-image":"","background-repeat":"repeat","background-position":"center center","background-size":"auto","background-attachment":"scroll","background-type":"","background-media":"","overlay-type":"","overlay-color":"","overlay-opacity":"","overlay-gradient":""},"tablet":{"background-color":"","background-image":"","background-repeat":"repeat","background-position":"center center","background-size":"auto","background-attachment":"scroll","background-type":"","background-media":"","overlay-type":"","overlay-color":"","overlay-opacity":"","overlay-gradient":""},"mobile":{"background-color":"","background-image":"","background-repeat":"repeat","background-position":"center center","background-size":"auto","background-attachment":"scroll","background-type":"","background-media":"","overlay-type":"","overlay-color":"","overlay-opacity":"","overlay-gradient":""}},"ast-content-background-meta":{"desktop":{"background-color":"var(--ast-global-color-5)","background-image":"","background-repeat":"repeat","background-position":"center center","background-size":"auto","background-attachment":"scroll","background-type":"","background-media":"","overlay-type":"","overlay-color":"","overlay-opacity":"","overlay-gradient":""},"tablet":{"background-color":"var(--ast-global-color-5)","background-image":"","background-repeat":"repeat","background-position":"center center","background-size":"auto","background-attachment":"scroll","background-type":"","background-media":"","overlay-type":"","overlay-color":"","overlay-opacity":"","overlay-gradient":""},"mobile":{"background-color":"var(--ast-global-color-5)","background-image":"","background-repeat":"repeat","background-position":"center center","background-size":"auto","background-attachment":"scroll","background-type":"","background-media":"","overlay-type":"","overlay-color":"","overlay-opacity":"","overlay-gradient":""}},"footnotes":""},"class_list":["post-10980","page","type-page","status-publish","hentry"],"translation":{"provider":"WPGlobus","version":"3.0.2","language":"en","enabled_languages":["de","en"],"languages":{"de":{"title":true,"content":true,"excerpt":false},"en":{"title":false,"content":false,"excerpt":false}}},"featured_image_urls_v2":{"full":"","thumbnail":"","medium":"","medium_large":"","large":"","1536x1536":"","2048x2048":""},"post_excerpt_stackable_v2":"<p>engl. Equal Weighted Index Bei einem gleichgewichteten Index ist jeder Aktientitel im Index mit der gleichen prozentualen Gewichtung vertreten. Alle Indexmitglieder erhalten somit denselben Anteil. So gibt es beispielsweise den S&amp;P 500 &#8211; welcher normalerweise ein kapitalisierungsgewichteter Index ist &#8211; auch als gleichgewichteten Index. Jedes Unternehmen im S&amp;P 500 Equal Weight Index erh\u00e4lt dann eine Gewichtung von 0,2 Prozent. Dabei bezieht sich die Gewichtung immer auf die Marktkapitalisierung. Beim gleichgewichteten Index findet in zeitlichen Abst\u00e4nden eine Rebalancierung der enthaltenen Aktien und deren Gewichtungen in Index statt. Aktien, die im Preis gestiegen sind und jene, die im Kurs gefallen sind werden&hellip;<\/p>\n","category_list_v2":"","author_info_v2":{"name":"PrudentWater","url":"https:\/\/prudentwater.com\/en\/author\/niklas33\/"},"comments_num_v2":"0 comments","_links":{"self":[{"href":"https:\/\/prudentwater.com\/en\/wp-json\/wp\/v2\/pages\/10980","targetHints":{"allow":["GET"]}}],"collection":[{"href":"https:\/\/prudentwater.com\/en\/wp-json\/wp\/v2\/pages"}],"about":[{"href":"https:\/\/prudentwater.com\/en\/wp-json\/wp\/v2\/types\/page"}],"author":[{"embeddable":true,"href":"https:\/\/prudentwater.com\/en\/wp-json\/wp\/v2\/users\/1"}],"replies":[{"embeddable":true,"href":"https:\/\/prudentwater.com\/en\/wp-json\/wp\/v2\/comments?post=10980"}],"version-history":[{"count":0,"href":"https:\/\/prudentwater.com\/en\/wp-json\/wp\/v2\/pages\/10980\/revisions"}],"wp:attachment":[{"href":"https:\/\/prudentwater.com\/en\/wp-json\/wp\/v2\/media?parent=10980"}],"curies":[{"name":"wp","href":"https:\/\/api.w.org\/{rel}","templated":true}]}}