{"id":1104,"date":"2014-10-11T23:45:56","date_gmt":"2014-10-11T23:45:56","guid":{"rendered":"http:\/\/www.kunnskap.de\/?page_id=1104"},"modified":"2021-06-25T12:49:38","modified_gmt":"2021-06-25T10:49:38","slug":"optionspreis","status":"publish","type":"page","link":"https:\/\/prudentwater.com\/en\/optionspreis\/","title":{"rendered":"Optionspreis"},"content":{"rendered":"<p>Auch <strong>Optionspr\u00e4mie<\/strong><br \/>\nengl. <strong>Option Premium<\/strong><\/p>\n<p>Der Optionspreis ist der Preis, den der K\u00e4ufer an den Verk\u00e4ufer f\u00fcr eine Option bezahlen muss. Er ist somit schlicht der Preis, der an der B\u00f6rse f\u00fcr eine Option zu bezahlen ist. Der Optionspreis wird auch Optionspr\u00e4mie bezeichnet, da der K\u00e4ufer mit dem Kauf der Optionen das Recht erh\u00e4lt, die Option auszu\u00fcben. F\u00fcr dieses Recht muss er dem Verk\u00e4ufer eine Pr\u00e4mie zahlen, die er jedoch nicht zur\u00fcckerh\u00e4lt, unabh\u00e4ngig davon, ob die Option ausgef\u00fchrt wird oder am Ende der Laufzeit verf\u00e4llt. Der Verk\u00e4ufer (Stillhalter) der Option erh\u00e4lt die Pr\u00e4mie, also den Optionspreis, verpflichtet sich aber im Gegenzug dazu, die vereinbarte Menge des Basiswertes zum vereinbarten Preis (Basispreis) entweder an den Besitzer der Option zu verkaufen (Call-Option) oder vom Besitzer der Option zu kaufen (Put-Option). Dies tritt ein, wenn der Besitzer der Option die Aus\u00fcbung durchf\u00fchrt. Eine Option gilt dann als fair bewertet, wenn der innere Wert identisch mit dem Optionspreis ist. Ob der Schein beim Kauf tats\u00e4chlich fair bewertet war, l\u00e4sst sich dann jedoch erst final am Aus\u00fcbungstag feststellen.<\/p>\n<hr>\n<h6>Berechnung:<\/h6>\n<p><center><img loading=\"lazy\" decoding=\"async\" src=\"https:\/\/prudentwater.com\/wp-content\/uploads\/2020\/03\/Optionspreis.bmp\" alt=\"Optionspreis\" class=\"alignnone size-full wp-image-6501\" width=\"365\" height=\"35\" title=\"\"><\/center><\/p>\n<p>Der innere Wert ist jener Wert, den ein Anleger bei sofortiger Aus\u00fcbung der Option erhalten w\u00fcrde. Es ist die Differenz zwischen dem aktuellen Kurs des Basiswertes und dem Basispreis. Der Zeitwert einer Option hingegen h\u00e4ngt ma\u00dfgeblich von der Volatilit\u00e4t des Basiswertes ab und dr\u00fcckt das Risiko sowie die M\u00f6glichkeit aus, mit verbleibender Zeit des Scheines Gewinne als auch Verluste zu realisieren. Bestimmt wird der Optionspreis durch die Kursentwicklung des zugrunde liegenden Basiswertes, der Moneyness, der impliziten Volatilit\u00e4t (Schwankungsintensit\u00e4t des Basiswertes) sowie der Cost of Carry (Finanzierungskosten f\u00fcr das Bereitstellen des Basiswertes). Die tats\u00e4chliche Aus\u00fcbung einer Option, bei der der Basiswert auch geliefert wird, ist jedoch eher un\u00fcblich. In der Regel wird nur die Differenz zwischen Basispreis und aktuellem Marktwert des Basiswertes ausgezahlt (Barausgleich). In jedem Fall muss der K\u00e4ufer dem Stillhalter die Pr\u00e4mie f\u00fcr das Optionsrecht zahlen, unabh\u00e4ngig davon, ob er sein Recht aus\u00fcbt oder nicht.<\/p>\n","protected":false},"excerpt":{"rendered":"<p>Auch Optionspr\u00e4mie engl. Option Premium Der Optionspreis ist der Preis, den der K\u00e4ufer an den Verk\u00e4ufer f\u00fcr eine Option bezahlen muss. Er ist somit schlicht der Preis, der an der B\u00f6rse f\u00fcr eine Option zu bezahlen ist. Der Optionspreis wird auch Optionspr\u00e4mie bezeichnet, da der K\u00e4ufer mit dem Kauf der Optionen das Recht erh\u00e4lt, die [&hellip;]<\/p>\n","protected":false},"author":1,"featured_media":0,"parent":0,"menu_order":0,"comment_status":"closed","ping_status":"closed","template":"","meta":{"site-sidebar-layout":"default","site-content-layout":"","ast-site-content-layout":"","site-content-style":"default","site-sidebar-style":"default","ast-global-header-display":"","ast-banner-title-visibility":"","ast-main-header-display":"","ast-hfb-above-header-display":"","ast-hfb-below-header-display":"","ast-hfb-mobile-header-display":"","site-post-title":"","ast-breadcrumbs-content":"","ast-featured-img":"","footer-sml-layout":"","theme-transparent-header-meta":"","adv-header-id-meta":"","stick-header-meta":"","header-above-stick-meta":"","header-main-stick-meta":"","header-below-stick-meta":"","astra-migrate-meta-layouts":"default","ast-page-background-enabled":"default","ast-page-background-meta":{"desktop":{"background-color":"","background-image":"","background-repeat":"repeat","background-position":"center center","background-size":"auto","background-attachment":"scroll","background-type":"","background-media":"","overlay-type":"","overlay-color":"","overlay-opacity":"","overlay-gradient":""},"tablet":{"background-color":"","background-image":"","background-repeat":"repeat","background-position":"center center","background-size":"auto","background-attachment":"scroll","background-type":"","background-media":"","overlay-type":"","overlay-color":"","overlay-opacity":"","overlay-gradient":""},"mobile":{"background-color":"","background-image":"","background-repeat":"repeat","background-position":"center center","background-size":"auto","background-attachment":"scroll","background-type":"","background-media":"","overlay-type":"","overlay-color":"","overlay-opacity":"","overlay-gradient":""}},"ast-content-background-meta":{"desktop":{"background-color":"var(--ast-global-color-5)","background-image":"","background-repeat":"repeat","background-position":"center center","background-size":"auto","background-attachment":"scroll","background-type":"","background-media":"","overlay-type":"","overlay-color":"","overlay-opacity":"","overlay-gradient":""},"tablet":{"background-color":"var(--ast-global-color-5)","background-image":"","background-repeat":"repeat","background-position":"center center","background-size":"auto","background-attachment":"scroll","background-type":"","background-media":"","overlay-type":"","overlay-color":"","overlay-opacity":"","overlay-gradient":""},"mobile":{"background-color":"var(--ast-global-color-5)","background-image":"","background-repeat":"repeat","background-position":"center center","background-size":"auto","background-attachment":"scroll","background-type":"","background-media":"","overlay-type":"","overlay-color":"","overlay-opacity":"","overlay-gradient":""}},"footnotes":""},"class_list":["post-1104","page","type-page","status-publish","hentry"],"translation":{"provider":"WPGlobus","version":"3.0.2","language":"en","enabled_languages":["de","en"],"languages":{"de":{"title":true,"content":true,"excerpt":false},"en":{"title":false,"content":false,"excerpt":false}}},"featured_image_urls_v2":{"full":"","thumbnail":"","medium":"","medium_large":"","large":"","1536x1536":"","2048x2048":""},"post_excerpt_stackable_v2":"<p>Auch Optionspr\u00e4mie engl. Option Premium Der Optionspreis ist der Preis, den der K\u00e4ufer an den Verk\u00e4ufer f\u00fcr eine Option bezahlen muss. Er ist somit schlicht der Preis, der an der B\u00f6rse f\u00fcr eine Option zu bezahlen ist. Der Optionspreis wird auch Optionspr\u00e4mie bezeichnet, da der K\u00e4ufer mit dem Kauf der Optionen das Recht erh\u00e4lt, die Option auszu\u00fcben. F\u00fcr dieses Recht muss er dem Verk\u00e4ufer eine Pr\u00e4mie zahlen, die er jedoch nicht zur\u00fcckerh\u00e4lt, unabh\u00e4ngig davon, ob die Option ausgef\u00fchrt wird oder am Ende der Laufzeit verf\u00e4llt. Der Verk\u00e4ufer (Stillhalter) der Option erh\u00e4lt die Pr\u00e4mie, also den Optionspreis, verpflichtet sich aber im&hellip;<\/p>\n","category_list_v2":"","author_info_v2":{"name":"PrudentWater","url":"https:\/\/prudentwater.com\/en\/author\/niklas33\/"},"comments_num_v2":"0 comments","_links":{"self":[{"href":"https:\/\/prudentwater.com\/en\/wp-json\/wp\/v2\/pages\/1104","targetHints":{"allow":["GET"]}}],"collection":[{"href":"https:\/\/prudentwater.com\/en\/wp-json\/wp\/v2\/pages"}],"about":[{"href":"https:\/\/prudentwater.com\/en\/wp-json\/wp\/v2\/types\/page"}],"author":[{"embeddable":true,"href":"https:\/\/prudentwater.com\/en\/wp-json\/wp\/v2\/users\/1"}],"replies":[{"embeddable":true,"href":"https:\/\/prudentwater.com\/en\/wp-json\/wp\/v2\/comments?post=1104"}],"version-history":[{"count":0,"href":"https:\/\/prudentwater.com\/en\/wp-json\/wp\/v2\/pages\/1104\/revisions"}],"wp:attachment":[{"href":"https:\/\/prudentwater.com\/en\/wp-json\/wp\/v2\/media?parent=1104"}],"curies":[{"name":"wp","href":"https:\/\/api.w.org\/{rel}","templated":true}]}}