{"id":11040,"date":"2018-01-18T09:20:40","date_gmt":"2018-01-18T09:20:40","guid":{"rendered":"http:\/\/www.kunnskap.de\/?page_id=11040"},"modified":"2021-06-25T12:48:25","modified_gmt":"2021-06-25T10:48:25","slug":"die-ruecknahme-von-fondsanteilen","status":"publish","type":"page","link":"https:\/\/prudentwater.com\/en\/die-ruecknahme-von-fondsanteilen\/","title":{"rendered":"Die R\u00fccknahme von Fondsanteilen"},"content":{"rendered":"<p>Eine Kapitalanlagegesellschaft ist jenes Unternehmen, welche den jeweiligen Fonds aufgelegt hat und auch verwaltet. Sie ist grunds\u00e4tzlich jederzeit dazu verpflichtet, Fondsanteilen an einem Bankarbeitstag zur\u00fcckzunehmen. Dies ist auch der Grund, warum ein offener Fonds stets \u00fcber eine Mindestliquidit\u00e4t verf\u00fcgen muss. Die R\u00fccknahme der Fondsanteile durch die Kapitalanlagegesellschaft kann jedoch unter bestimmten Voraussetzungen ausgesetzt werden, beispielsweise dann, wenn die Liquidit\u00e4t des Fonds trotzdem nicht ausreichend ist oder aber dann wenn auftretende wirtschaftliche oder oftmals politische Ereignisse zu stark erh\u00f6hter Volatilit\u00e4t an den M\u00e4rkten f\u00fchrt. Die R\u00fccknahme der Fondsanteile kann so bis zu einem Jahr ausgesetzt werden. Allerdings kann der Anleger jederzeit seine Fondsanteile \u00fcber die B\u00f6rse verkaufen, denn vorher Erw\u00e4hntes gilt n\u00e4mlich nur f\u00fcr die R\u00fccknahme der Fondsanteile durch die Kapitalanlagegesellschaft. An den B\u00f6rsenpl\u00e4tzen k\u00f6nnen die Anteile jedoch weiterhin ge- und verkauft werden. Setzt die KAG jedoch die R\u00fccknahme aus, so f\u00e4llt in der Regel der Kurs des Fonds an den B\u00f6rsen teilweise stark, sodass der Anleger, wenn er seine Anteile unbedingt verkaufen m\u00f6chte, oft hohe Kursabschl\u00e4ge hinnehmen muss. Dar\u00fcber hinaus ist ohnehin zu empfehlen, dass schon bereits der Kauf der Fondsanteile \u00fcber die B\u00f6rse stattfindet und nicht \u00fcber die Kaptalanlagegesellschaft bzw. \u00fcber den Bankberater, da dann ein zus\u00e4tzlicher Ausgabeaufschlag in H\u00f6he von 3 &#8211; 5 % f\u00e4llig wird. Verkauft der Anleger hingegen seine Fondsanteile, so f\u00e4llt weder \u00fcber die B\u00f6rse noch \u00fcber die KAG ein Ausgabeaufschlag an.<\/p>\n","protected":false},"excerpt":{"rendered":"<p>Eine Kapitalanlagegesellschaft ist jenes Unternehmen, welche den jeweiligen Fonds aufgelegt hat und auch verwaltet. Sie ist grunds\u00e4tzlich jederzeit dazu verpflichtet, Fondsanteilen an einem Bankarbeitstag zur\u00fcckzunehmen. Dies ist auch der Grund, warum ein offener Fonds stets \u00fcber eine Mindestliquidit\u00e4t verf\u00fcgen muss. Die R\u00fccknahme der Fondsanteile durch die Kapitalanlagegesellschaft kann jedoch unter bestimmten Voraussetzungen ausgesetzt werden, beispielsweise [&hellip;]<\/p>\n","protected":false},"author":1,"featured_media":0,"parent":0,"menu_order":0,"comment_status":"closed","ping_status":"closed","template":"","meta":{"site-sidebar-layout":"default","site-content-layout":"","ast-site-content-layout":"","site-content-style":"default","site-sidebar-style":"default","ast-global-header-display":"","ast-banner-title-visibility":"","ast-main-header-display":"","ast-hfb-above-header-display":"","ast-hfb-below-header-display":"","ast-hfb-mobile-header-display":"","site-post-title":"","ast-breadcrumbs-content":"","ast-featured-img":"","footer-sml-layout":"","theme-transparent-header-meta":"","adv-header-id-meta":"","stick-header-meta":"","header-above-stick-meta":"","header-main-stick-meta":"","header-below-stick-meta":"","astra-migrate-meta-layouts":"default","ast-page-background-enabled":"default","ast-page-background-meta":{"desktop":{"background-color":"","background-image":"","background-repeat":"repeat","background-position":"center center","background-size":"auto","background-attachment":"scroll","background-type":"","background-media":"","overlay-type":"","overlay-color":"","overlay-opacity":"","overlay-gradient":""},"tablet":{"background-color":"","background-image":"","background-repeat":"repeat","background-position":"center center","background-size":"auto","background-attachment":"scroll","background-type":"","background-media":"","overlay-type":"","overlay-color":"","overlay-opacity":"","overlay-gradient":""},"mobile":{"background-color":"","background-image":"","background-repeat":"repeat","background-position":"center center","background-size":"auto","background-attachment":"scroll","background-type":"","background-media":"","overlay-type":"","overlay-color":"","overlay-opacity":"","overlay-gradient":""}},"ast-content-background-meta":{"desktop":{"background-color":"var(--ast-global-color-5)","background-image":"","background-repeat":"repeat","background-position":"center center","background-size":"auto","background-attachment":"scroll","background-type":"","background-media":"","overlay-type":"","overlay-color":"","overlay-opacity":"","overlay-gradient":""},"tablet":{"background-color":"var(--ast-global-color-5)","background-image":"","background-repeat":"repeat","background-position":"center center","background-size":"auto","background-attachment":"scroll","background-type":"","background-media":"","overlay-type":"","overlay-color":"","overlay-opacity":"","overlay-gradient":""},"mobile":{"background-color":"var(--ast-global-color-5)","background-image":"","background-repeat":"repeat","background-position":"center center","background-size":"auto","background-attachment":"scroll","background-type":"","background-media":"","overlay-type":"","overlay-color":"","overlay-opacity":"","overlay-gradient":""}},"footnotes":""},"class_list":["post-11040","page","type-page","status-publish","hentry"],"translation":{"provider":"WPGlobus","version":"3.0.2","language":"en","enabled_languages":["de","en"],"languages":{"de":{"title":true,"content":true,"excerpt":false},"en":{"title":false,"content":false,"excerpt":false}}},"featured_image_urls_v2":{"full":"","thumbnail":"","medium":"","medium_large":"","large":"","1536x1536":"","2048x2048":""},"post_excerpt_stackable_v2":"<p>Eine Kapitalanlagegesellschaft ist jenes Unternehmen, welche den jeweiligen Fonds aufgelegt hat und auch verwaltet. Sie ist grunds\u00e4tzlich jederzeit dazu verpflichtet, Fondsanteilen an einem Bankarbeitstag zur\u00fcckzunehmen. Dies ist auch der Grund, warum ein offener Fonds stets \u00fcber eine Mindestliquidit\u00e4t verf\u00fcgen muss. Die R\u00fccknahme der Fondsanteile durch die Kapitalanlagegesellschaft kann jedoch unter bestimmten Voraussetzungen ausgesetzt werden, beispielsweise dann, wenn die Liquidit\u00e4t des Fonds trotzdem nicht ausreichend ist oder aber dann wenn auftretende wirtschaftliche oder oftmals politische Ereignisse zu stark erh\u00f6hter Volatilit\u00e4t an den M\u00e4rkten f\u00fchrt. Die R\u00fccknahme der Fondsanteile kann so bis zu einem Jahr ausgesetzt werden. Allerdings kann der Anleger jederzeit&hellip;<\/p>\n","category_list_v2":"","author_info_v2":{"name":"PrudentWater","url":"https:\/\/prudentwater.com\/en\/author\/niklas33\/"},"comments_num_v2":"0 comments","_links":{"self":[{"href":"https:\/\/prudentwater.com\/en\/wp-json\/wp\/v2\/pages\/11040","targetHints":{"allow":["GET"]}}],"collection":[{"href":"https:\/\/prudentwater.com\/en\/wp-json\/wp\/v2\/pages"}],"about":[{"href":"https:\/\/prudentwater.com\/en\/wp-json\/wp\/v2\/types\/page"}],"author":[{"embeddable":true,"href":"https:\/\/prudentwater.com\/en\/wp-json\/wp\/v2\/users\/1"}],"replies":[{"embeddable":true,"href":"https:\/\/prudentwater.com\/en\/wp-json\/wp\/v2\/comments?post=11040"}],"version-history":[{"count":0,"href":"https:\/\/prudentwater.com\/en\/wp-json\/wp\/v2\/pages\/11040\/revisions"}],"wp:attachment":[{"href":"https:\/\/prudentwater.com\/en\/wp-json\/wp\/v2\/media?parent=11040"}],"curies":[{"name":"wp","href":"https:\/\/api.w.org\/{rel}","templated":true}]}}