{"id":11081,"date":"2018-01-22T14:26:34","date_gmt":"2018-01-22T14:26:34","guid":{"rendered":"http:\/\/www.kunnskap.de\/?page_id=11081"},"modified":"2021-06-25T12:49:02","modified_gmt":"2021-06-25T10:49:02","slug":"geschlossener-immobilienfonds","status":"publish","type":"page","link":"https:\/\/prudentwater.com\/en\/geschlossener-immobilienfonds\/","title":{"rendered":"Geschlossener Immobilienfonds"},"content":{"rendered":"<p>Ein geschlossener Immobilienfonds investiert das Geld der Anleger in einzelne, wenige Immobilien oder gar in nur eine einzelne Immobilie. Dabei kann es sich um Wohnh\u00e4user, B\u00fcrokomplexe, Flugh\u00e4fen oder Einkaufszentren handeln. Deshalb richtet sich der geschlossene Immobilienfonds vor allem auch an Anleger, die gezielt in ein bestimmtes Projekt oder in eine bestimmte Immobilie investieren m\u00f6chten.<br \/>\nDie Anteile an einem geschlossenen Immobilienfonds k\u00f6nnen w\u00e4hrend der Laufzeit des Fonds nicht an die Gesellschaft bzw. an das Fondsmanagement zur\u00fcckgegeben werden, wie es der Fall bei offenen Immobilienfonds ist. Ein Weiterverkauf der Anteile ist auch nicht mehr \u00fcber die B\u00f6rse m\u00f6glich, da von vorneherein Anteile an einem geschlossenen Immobilienfonds nicht \u00fcber die B\u00f6rse gehandelt werden. Ein Verkauf ist theoretisch \u00fcber den sogenannten Zweitmarkt f\u00fcr geschlossene Fonds m\u00f6glich, dies ist f\u00fcr den Privatanleger jedoch umst\u00e4ndlich und mit Kosten verbunden.<br \/>\nDer geschlossene Immobilienfonds investiert lediglich in einzelne Projekte. Sobald die daf\u00fcr ben\u00f6tigte Summe eingesammelt wurde, wird kein weiteres Geld mehr angenommen. Die Mindesteinlage liegt oftmals bei ca. 10 000 Euro und ist f\u00fcr mehrere Jahre gebunden. Die Laufzeit eines geschlossenen Immobilienfonds ist begrenzt und liegt im Durchschnitt bei ca. 10 Jahren. <\/p>\n","protected":false},"excerpt":{"rendered":"<p>Ein geschlossener Immobilienfonds investiert das Geld der Anleger in einzelne, wenige Immobilien oder gar in nur eine einzelne Immobilie. Dabei kann es sich um Wohnh\u00e4user, B\u00fcrokomplexe, Flugh\u00e4fen oder Einkaufszentren handeln. Deshalb richtet sich der geschlossene Immobilienfonds vor allem auch an Anleger, die gezielt in ein bestimmtes Projekt oder in eine bestimmte Immobilie investieren m\u00f6chten. Die [&hellip;]<\/p>\n","protected":false},"author":1,"featured_media":0,"parent":0,"menu_order":0,"comment_status":"closed","ping_status":"closed","template":"","meta":{"site-sidebar-layout":"default","site-content-layout":"","ast-site-content-layout":"","site-content-style":"default","site-sidebar-style":"default","ast-global-header-display":"","ast-banner-title-visibility":"","ast-main-header-display":"","ast-hfb-above-header-display":"","ast-hfb-below-header-display":"","ast-hfb-mobile-header-display":"","site-post-title":"","ast-breadcrumbs-content":"","ast-featured-img":"","footer-sml-layout":"","theme-transparent-header-meta":"","adv-header-id-meta":"","stick-header-meta":"","header-above-stick-meta":"","header-main-stick-meta":"","header-below-stick-meta":"","astra-migrate-meta-layouts":"default","ast-page-background-enabled":"default","ast-page-background-meta":{"desktop":{"background-color":"","background-image":"","background-repeat":"repeat","background-position":"center center","background-size":"auto","background-attachment":"scroll","background-type":"","background-media":"","overlay-type":"","overlay-color":"","overlay-opacity":"","overlay-gradient":""},"tablet":{"background-color":"","background-image":"","background-repeat":"repeat","background-position":"center center","background-size":"auto","background-attachment":"scroll","background-type":"","background-media":"","overlay-type":"","overlay-color":"","overlay-opacity":"","overlay-gradient":""},"mobile":{"background-color":"","background-image":"","background-repeat":"repeat","background-position":"center center","background-size":"auto","background-attachment":"scroll","background-type":"","background-media":"","overlay-type":"","overlay-color":"","overlay-opacity":"","overlay-gradient":""}},"ast-content-background-meta":{"desktop":{"background-color":"var(--ast-global-color-5)","background-image":"","background-repeat":"repeat","background-position":"center center","background-size":"auto","background-attachment":"scroll","background-type":"","background-media":"","overlay-type":"","overlay-color":"","overlay-opacity":"","overlay-gradient":""},"tablet":{"background-color":"var(--ast-global-color-5)","background-image":"","background-repeat":"repeat","background-position":"center center","background-size":"auto","background-attachment":"scroll","background-type":"","background-media":"","overlay-type":"","overlay-color":"","overlay-opacity":"","overlay-gradient":""},"mobile":{"background-color":"var(--ast-global-color-5)","background-image":"","background-repeat":"repeat","background-position":"center center","background-size":"auto","background-attachment":"scroll","background-type":"","background-media":"","overlay-type":"","overlay-color":"","overlay-opacity":"","overlay-gradient":""}},"footnotes":""},"class_list":["post-11081","page","type-page","status-publish","hentry"],"translation":{"provider":"WPGlobus","version":"3.0.2","language":"en","enabled_languages":["de","en"],"languages":{"de":{"title":true,"content":true,"excerpt":false},"en":{"title":false,"content":false,"excerpt":false}}},"featured_image_urls_v2":{"full":"","thumbnail":"","medium":"","medium_large":"","large":"","1536x1536":"","2048x2048":""},"post_excerpt_stackable_v2":"<p>Ein geschlossener Immobilienfonds investiert das Geld der Anleger in einzelne, wenige Immobilien oder gar in nur eine einzelne Immobilie. Dabei kann es sich um Wohnh\u00e4user, B\u00fcrokomplexe, Flugh\u00e4fen oder Einkaufszentren handeln. Deshalb richtet sich der geschlossene Immobilienfonds vor allem auch an Anleger, die gezielt in ein bestimmtes Projekt oder in eine bestimmte Immobilie investieren m\u00f6chten. Die Anteile an einem geschlossenen Immobilienfonds k\u00f6nnen w\u00e4hrend der Laufzeit des Fonds nicht an die Gesellschaft bzw. an das Fondsmanagement zur\u00fcckgegeben werden, wie es der Fall bei offenen Immobilienfonds ist. Ein Weiterverkauf der Anteile ist auch nicht mehr \u00fcber die B\u00f6rse m\u00f6glich, da von vorneherein Anteile&hellip;<\/p>\n","category_list_v2":"","author_info_v2":{"name":"PrudentWater","url":"https:\/\/prudentwater.com\/en\/author\/niklas33\/"},"comments_num_v2":"0 comments","_links":{"self":[{"href":"https:\/\/prudentwater.com\/en\/wp-json\/wp\/v2\/pages\/11081","targetHints":{"allow":["GET"]}}],"collection":[{"href":"https:\/\/prudentwater.com\/en\/wp-json\/wp\/v2\/pages"}],"about":[{"href":"https:\/\/prudentwater.com\/en\/wp-json\/wp\/v2\/types\/page"}],"author":[{"embeddable":true,"href":"https:\/\/prudentwater.com\/en\/wp-json\/wp\/v2\/users\/1"}],"replies":[{"embeddable":true,"href":"https:\/\/prudentwater.com\/en\/wp-json\/wp\/v2\/comments?post=11081"}],"version-history":[{"count":0,"href":"https:\/\/prudentwater.com\/en\/wp-json\/wp\/v2\/pages\/11081\/revisions"}],"wp:attachment":[{"href":"https:\/\/prudentwater.com\/en\/wp-json\/wp\/v2\/media?parent=11081"}],"curies":[{"name":"wp","href":"https:\/\/api.w.org\/{rel}","templated":true}]}}