{"id":1114,"date":"2014-10-12T08:55:04","date_gmt":"2014-10-12T08:55:04","guid":{"rendered":"http:\/\/www.kunnskap.de\/?page_id=1114"},"modified":"2021-06-25T12:50:12","modified_gmt":"2021-06-25T10:50:12","slug":"stillhalter","status":"publish","type":"page","link":"https:\/\/prudentwater.com\/en\/stillhalter\/","title":{"rendered":"Stillhalter"},"content":{"rendered":"<p>engl. <strong>Writer<\/strong><\/p>\n<p>Der Stillhalter ist der Verk\u00e4ufer einer Option. Er erh\u00e4lt den Optionspreis, welcher als Pr\u00e4mie angesehen werden kann. Daf\u00fcr r\u00e4umt er dem K\u00e4ufer der Option jedoch das Wahlrecht ein, die Option auszu\u00fcben oder nicht auszu\u00fcben.<br \/>\nDer Verk\u00e4ufer einer Call-Option ist Stillhalter des vereinbarten Basiswertes (Wertpapiere, Devisen, Rohstoffe) und muss bei einer Aus\u00fcbung der Option den Basiswert in vereinbarter Menge liefern.<br \/>\nDer Verk\u00e4ufer einer Put-Option ist Stillhalter in Geld, da er dem K\u00e4ufer der Option den vereinbarten Basiswert abkaufen muss, falls der K\u00e4ufer die Option aus\u00fcben sollte.<br \/>\nBei Optionsscheinen kann nur der Emittent als Stillhalter auftreten. Dies ist dann eine Bank oder ein anderes Finanzinstitut. Bei Optionen k\u00f6nnen neben Banken bzw. Finanzinstituten auch Privatanleger als Stillhalter auftreten. Der Stillhalter einer Call Option (also der Verk\u00e4ufer einer Call Option) jedoch immer ein unbegrenztes Verlustpotenzial, jedoch nur ein begrenztes Gewinnpotenzial. Das Gewinnpotenzial ist auf die Optionspr\u00e4mie beschr\u00e4nkt, da der Kurs des Basiswertes jedoch theoretisch unendlich ansteigen kann, ist somit auch sein Verlustrisiko unbegrenzt.<br \/>\nHandelt es sich um eine amerikanische Option, muss der Stillhalter jederzeit mit der Aus\u00fcbung der Option durch den K\u00e4ufer rechnen. Eine europ\u00e4ische Option wird hingegen immer erst am Ende der Laufzeit abgerechnet.<br \/>\nDie tats\u00e4chliche Aus\u00fcbung einer Option, bei der der Basiswert auch geliefert wird, ist jedoch eher un\u00fcblich. In der Regel wird nur die Differenz zwischen Basispreis und aktuellem Marktwert des Basiswertes ausgezahlt (Barausgleich). Dieser Betrag wird als Innerer Wert einer Option bezeichnet.<\/p>\n","protected":false},"excerpt":{"rendered":"<p>engl. Writer Der Stillhalter ist der Verk\u00e4ufer einer Option. Er erh\u00e4lt den Optionspreis, welcher als Pr\u00e4mie angesehen werden kann. Daf\u00fcr r\u00e4umt er dem K\u00e4ufer der Option jedoch das Wahlrecht ein, die Option auszu\u00fcben oder nicht auszu\u00fcben. Der Verk\u00e4ufer einer Call-Option ist Stillhalter des vereinbarten Basiswertes (Wertpapiere, Devisen, Rohstoffe) und muss bei einer Aus\u00fcbung der Option [&hellip;]<\/p>\n","protected":false},"author":1,"featured_media":0,"parent":0,"menu_order":0,"comment_status":"closed","ping_status":"closed","template":"","meta":{"site-sidebar-layout":"default","site-content-layout":"","ast-site-content-layout":"","site-content-style":"default","site-sidebar-style":"default","ast-global-header-display":"","ast-banner-title-visibility":"","ast-main-header-display":"","ast-hfb-above-header-display":"","ast-hfb-below-header-display":"","ast-hfb-mobile-header-display":"","site-post-title":"","ast-breadcrumbs-content":"","ast-featured-img":"","footer-sml-layout":"","theme-transparent-header-meta":"","adv-header-id-meta":"","stick-header-meta":"","header-above-stick-meta":"","header-main-stick-meta":"","header-below-stick-meta":"","astra-migrate-meta-layouts":"default","ast-page-background-enabled":"default","ast-page-background-meta":{"desktop":{"background-color":"","background-image":"","background-repeat":"repeat","background-position":"center center","background-size":"auto","background-attachment":"scroll","background-type":"","background-media":"","overlay-type":"","overlay-color":"","overlay-opacity":"","overlay-gradient":""},"tablet":{"background-color":"","background-image":"","background-repeat":"repeat","background-position":"center center","background-size":"auto","background-attachment":"scroll","background-type":"","background-media":"","overlay-type":"","overlay-color":"","overlay-opacity":"","overlay-gradient":""},"mobile":{"background-color":"","background-image":"","background-repeat":"repeat","background-position":"center center","background-size":"auto","background-attachment":"scroll","background-type":"","background-media":"","overlay-type":"","overlay-color":"","overlay-opacity":"","overlay-gradient":""}},"ast-content-background-meta":{"desktop":{"background-color":"var(--ast-global-color-5)","background-image":"","background-repeat":"repeat","background-position":"center center","background-size":"auto","background-attachment":"scroll","background-type":"","background-media":"","overlay-type":"","overlay-color":"","overlay-opacity":"","overlay-gradient":""},"tablet":{"background-color":"var(--ast-global-color-5)","background-image":"","background-repeat":"repeat","background-position":"center center","background-size":"auto","background-attachment":"scroll","background-type":"","background-media":"","overlay-type":"","overlay-color":"","overlay-opacity":"","overlay-gradient":""},"mobile":{"background-color":"var(--ast-global-color-5)","background-image":"","background-repeat":"repeat","background-position":"center center","background-size":"auto","background-attachment":"scroll","background-type":"","background-media":"","overlay-type":"","overlay-color":"","overlay-opacity":"","overlay-gradient":""}},"footnotes":""},"class_list":["post-1114","page","type-page","status-publish","hentry"],"translation":{"provider":"WPGlobus","version":"3.0.2","language":"en","enabled_languages":["de","en"],"languages":{"de":{"title":true,"content":true,"excerpt":false},"en":{"title":false,"content":false,"excerpt":false}}},"featured_image_urls_v2":{"full":"","thumbnail":"","medium":"","medium_large":"","large":"","1536x1536":"","2048x2048":""},"post_excerpt_stackable_v2":"<p>engl. Writer Der Stillhalter ist der Verk\u00e4ufer einer Option. Er erh\u00e4lt den Optionspreis, welcher als Pr\u00e4mie angesehen werden kann. Daf\u00fcr r\u00e4umt er dem K\u00e4ufer der Option jedoch das Wahlrecht ein, die Option auszu\u00fcben oder nicht auszu\u00fcben. Der Verk\u00e4ufer einer Call-Option ist Stillhalter des vereinbarten Basiswertes (Wertpapiere, Devisen, Rohstoffe) und muss bei einer Aus\u00fcbung der Option den Basiswert in vereinbarter Menge liefern. Der Verk\u00e4ufer einer Put-Option ist Stillhalter in Geld, da er dem K\u00e4ufer der Option den vereinbarten Basiswert abkaufen muss, falls der K\u00e4ufer die Option aus\u00fcben sollte. Bei Optionsscheinen kann nur der Emittent als Stillhalter auftreten. Dies ist dann eine&hellip;<\/p>\n","category_list_v2":"","author_info_v2":{"name":"PrudentWater","url":"https:\/\/prudentwater.com\/en\/author\/niklas33\/"},"comments_num_v2":"0 comments","_links":{"self":[{"href":"https:\/\/prudentwater.com\/en\/wp-json\/wp\/v2\/pages\/1114","targetHints":{"allow":["GET"]}}],"collection":[{"href":"https:\/\/prudentwater.com\/en\/wp-json\/wp\/v2\/pages"}],"about":[{"href":"https:\/\/prudentwater.com\/en\/wp-json\/wp\/v2\/types\/page"}],"author":[{"embeddable":true,"href":"https:\/\/prudentwater.com\/en\/wp-json\/wp\/v2\/users\/1"}],"replies":[{"embeddable":true,"href":"https:\/\/prudentwater.com\/en\/wp-json\/wp\/v2\/comments?post=1114"}],"version-history":[{"count":0,"href":"https:\/\/prudentwater.com\/en\/wp-json\/wp\/v2\/pages\/1114\/revisions"}],"wp:attachment":[{"href":"https:\/\/prudentwater.com\/en\/wp-json\/wp\/v2\/media?parent=1114"}],"curies":[{"name":"wp","href":"https:\/\/api.w.org\/{rel}","templated":true}]}}