{"id":11147,"date":"2018-01-28T15:20:06","date_gmt":"2018-01-28T15:20:06","guid":{"rendered":"http:\/\/www.kunnskap.de\/?page_id=11147"},"modified":"2021-06-25T12:50:11","modified_gmt":"2021-06-25T10:50:11","slug":"spekulationsfrist","status":"publish","type":"page","link":"https:\/\/prudentwater.com\/en\/spekulationsfrist\/","title":{"rendered":"Spekulationsfrist"},"content":{"rendered":"<h4>Spekulationsfrist bei Immobilien<\/h4>\n<p>Die Spekulationsfrist bei Immobilien besagt, dass wenn zwischen Kauf und Verkauf einer Immobilie weniger als 10 Jahre liegen, daraus erzielte Gewinne versteuert werden m\u00fcssen. Sobald die Immobilie jedoch mindestens 10 Jahre gehalten wurde, ist der erzielte Gewinn steuerfrei. Anteilseigner von offenen Immobilienfonds profitieren von der Spekulationsfrist, da so ein Teil der j\u00e4hrlichen Aussch\u00fcttung steuerfrei ist.<\/p>\n<h4>Spekulationsfrist bei Aktien und Anleihen<\/h4>\n<p>Bei Aktien, Anleihen oder anderen Wertpapieren gibt es keine Spekulationsfrist. Hier m\u00fcssen erzielte Gewinne mindestens mit der Abgeltungssteuer und abh\u00e4ngig von der Person zus\u00e4tzlich mit der Kirchensteuer und \/ oder dem Solidarit\u00e4tszuschlag versteuert werden, unabh\u00e4ngig davon, wie lange die Wertpapiere gehalten wurden. Eine Ausnahme besteht dann, wenn der Anleger noch von seinem j\u00e4hrlichen Freistellungsauftrag sch\u00f6pfen kann oder aber er die Aktien vor 2009 &#8211; der Einf\u00fchrung der Abgeltungssteuer &#8211; gekauft hat. Die daraus erzielten Kursgewinne m\u00fcssen dann nicht versteuert werden.<\/p>\n<h4>Spekulationsfrist bei Devisen<\/h4>\n<p>Die Spekulationsfrist f\u00fcr Bargeldbest\u00e4nde in Fremdw\u00e4hrungen betr\u00e4gt 12 Monate, wenn in der Zwischenzeit keine Zinsen auf diese Fremdw\u00e4hrungsbest\u00e4nde erhalten wurden. Werden die Fremdw\u00e4hrungsbest\u00e4nde verzinst, weil diese auf ein Devisenkonto eingezahlt wurden und nicht bar zu Hause liegen, so verl\u00e4ngert sich die Spekulationsfrist auf 10 Jahre. Wurden jedoch nach einem Jahr keine Zinsen auf die Fremdw\u00e4hrungsbest\u00e4nde gezahlt, so sind m\u00f6gliche Kursgewinne bei Umtausch der Fremdw\u00e4hrung in die heimische W\u00e4hrung steuerfrei. Wird die Fremdw\u00e4hrungssumme vor Ablauf der Spekulationsfrist von 12 Monaten umgetauscht, so muss der Anleger auf die Kursgewinne nicht die Abgeltungssteuer bezahlen, sondern seinen pers\u00f6nlichen Einkommensteuersatz. Auf Zinsertr\u00e4ge aus Fremdw\u00e4hrungsanlagen f\u00e4llt hingegen wieder die Abgeltungssteuer an, falls der Anleger nicht mehr von seinem Freistellungsauftrag sch\u00f6pfen kann. Die Spekulationsfrist bei Devisen ist unabh\u00e4ngig von der Fremdw\u00e4hrung in die investiert wurde.<\/p>\n","protected":false},"excerpt":{"rendered":"<p>Spekulationsfrist bei Immobilien Die Spekulationsfrist bei Immobilien besagt, dass wenn zwischen Kauf und Verkauf einer Immobilie weniger als 10 Jahre liegen, daraus erzielte Gewinne versteuert werden m\u00fcssen. Sobald die Immobilie jedoch mindestens 10 Jahre gehalten wurde, ist der erzielte Gewinn steuerfrei. Anteilseigner von offenen Immobilienfonds profitieren von der Spekulationsfrist, da so ein Teil der j\u00e4hrlichen [&hellip;]<\/p>\n","protected":false},"author":1,"featured_media":0,"parent":0,"menu_order":0,"comment_status":"closed","ping_status":"closed","template":"","meta":{"site-sidebar-layout":"default","site-content-layout":"","ast-site-content-layout":"","site-content-style":"default","site-sidebar-style":"default","ast-global-header-display":"","ast-banner-title-visibility":"","ast-main-header-display":"","ast-hfb-above-header-display":"","ast-hfb-below-header-display":"","ast-hfb-mobile-header-display":"","site-post-title":"","ast-breadcrumbs-content":"","ast-featured-img":"","footer-sml-layout":"","theme-transparent-header-meta":"","adv-header-id-meta":"","stick-header-meta":"","header-above-stick-meta":"","header-main-stick-meta":"","header-below-stick-meta":"","astra-migrate-meta-layouts":"default","ast-page-background-enabled":"default","ast-page-background-meta":{"desktop":{"background-color":"","background-image":"","background-repeat":"repeat","background-position":"center center","background-size":"auto","background-attachment":"scroll","background-type":"","background-media":"","overlay-type":"","overlay-color":"","overlay-opacity":"","overlay-gradient":""},"tablet":{"background-color":"","background-image":"","background-repeat":"repeat","background-position":"center center","background-size":"auto","background-attachment":"scroll","background-type":"","background-media":"","overlay-type":"","overlay-color":"","overlay-opacity":"","overlay-gradient":""},"mobile":{"background-color":"","background-image":"","background-repeat":"repeat","background-position":"center center","background-size":"auto","background-attachment":"scroll","background-type":"","background-media":"","overlay-type":"","overlay-color":"","overlay-opacity":"","overlay-gradient":""}},"ast-content-background-meta":{"desktop":{"background-color":"var(--ast-global-color-5)","background-image":"","background-repeat":"repeat","background-position":"center center","background-size":"auto","background-attachment":"scroll","background-type":"","background-media":"","overlay-type":"","overlay-color":"","overlay-opacity":"","overlay-gradient":""},"tablet":{"background-color":"var(--ast-global-color-5)","background-image":"","background-repeat":"repeat","background-position":"center center","background-size":"auto","background-attachment":"scroll","background-type":"","background-media":"","overlay-type":"","overlay-color":"","overlay-opacity":"","overlay-gradient":""},"mobile":{"background-color":"var(--ast-global-color-5)","background-image":"","background-repeat":"repeat","background-position":"center center","background-size":"auto","background-attachment":"scroll","background-type":"","background-media":"","overlay-type":"","overlay-color":"","overlay-opacity":"","overlay-gradient":""}},"footnotes":""},"class_list":["post-11147","page","type-page","status-publish","hentry"],"translation":{"provider":"WPGlobus","version":"3.0.2","language":"en","enabled_languages":["de","en"],"languages":{"de":{"title":true,"content":true,"excerpt":false},"en":{"title":false,"content":false,"excerpt":false}}},"featured_image_urls_v2":{"full":"","thumbnail":"","medium":"","medium_large":"","large":"","1536x1536":"","2048x2048":""},"post_excerpt_stackable_v2":"<p>Spekulationsfrist bei Immobilien Die Spekulationsfrist bei Immobilien besagt, dass wenn zwischen Kauf und Verkauf einer Immobilie weniger als 10 Jahre liegen, daraus erzielte Gewinne versteuert werden m\u00fcssen. Sobald die Immobilie jedoch mindestens 10 Jahre gehalten wurde, ist der erzielte Gewinn steuerfrei. Anteilseigner von offenen Immobilienfonds profitieren von der Spekulationsfrist, da so ein Teil der j\u00e4hrlichen Aussch\u00fcttung steuerfrei ist. Spekulationsfrist bei Aktien und Anleihen Bei Aktien, Anleihen oder anderen Wertpapieren gibt es keine Spekulationsfrist. Hier m\u00fcssen erzielte Gewinne mindestens mit der Abgeltungssteuer und abh\u00e4ngig von der Person zus\u00e4tzlich mit der Kirchensteuer und \/ oder dem Solidarit\u00e4tszuschlag versteuert werden, unabh\u00e4ngig davon, wie&hellip;<\/p>\n","category_list_v2":"","author_info_v2":{"name":"PrudentWater","url":"https:\/\/prudentwater.com\/en\/author\/niklas33\/"},"comments_num_v2":"0 comments","_links":{"self":[{"href":"https:\/\/prudentwater.com\/en\/wp-json\/wp\/v2\/pages\/11147","targetHints":{"allow":["GET"]}}],"collection":[{"href":"https:\/\/prudentwater.com\/en\/wp-json\/wp\/v2\/pages"}],"about":[{"href":"https:\/\/prudentwater.com\/en\/wp-json\/wp\/v2\/types\/page"}],"author":[{"embeddable":true,"href":"https:\/\/prudentwater.com\/en\/wp-json\/wp\/v2\/users\/1"}],"replies":[{"embeddable":true,"href":"https:\/\/prudentwater.com\/en\/wp-json\/wp\/v2\/comments?post=11147"}],"version-history":[{"count":0,"href":"https:\/\/prudentwater.com\/en\/wp-json\/wp\/v2\/pages\/11147\/revisions"}],"wp:attachment":[{"href":"https:\/\/prudentwater.com\/en\/wp-json\/wp\/v2\/media?parent=11147"}],"curies":[{"name":"wp","href":"https:\/\/api.w.org\/{rel}","templated":true}]}}