{"id":11159,"date":"2018-01-30T12:46:05","date_gmt":"2018-01-30T12:46:05","guid":{"rendered":"http:\/\/www.kunnskap.de\/?page_id=11159"},"modified":"2023-03-12T12:48:50","modified_gmt":"2023-03-12T11:48:50","slug":"anteilspreis","status":"publish","type":"page","link":"https:\/\/prudentwater.com\/en\/anteilspreis\/","title":{"rendered":"Anteilspreis"},"content":{"rendered":"<p>Auch <b>Fondsanteil<\/b> oder <b>Anteilswert<\/b><\/p>\n<p>Der Anteilspreis zeigt den aktuellen Wert eines einzigen Anteiles des jeweiligen Fonds an. Der Anteilspreis eines Fonds wird nicht durch Angebot und Nachfrage an der B\u00f6rse ermittelt, sondern durch die Wertentwicklung der im Fonds enthaltenen Wertpapiere. Der Kurs eines Fondsanteils bildet sich somit nach dem Nettoinventarwert des Fonds. Anteilspreise werden b\u00f6rsent\u00e4glich von der Verwahrstelle berechnet. Zur Berechnung eines Fondsanteiles werden s\u00e4mtliche im Fonds enthaltene Verm\u00f6genswerte (Wertpapiere, Immobilien, Liquidit\u00e4t) aufaddiert, eventuelle Verbindlichkeiten des Fonds abgezogen und anschlie\u00dfend durch die Anzahl der Fondsanteile dividiert.<\/p>\n<hr>\n<p><b><small>Berechnung:<\/small><\/b><br \/>\n<img loading=\"lazy\" decoding=\"async\" src=\"https:\/\/prudentwater.com\/wp-content\/uploads\/2021\/07\/Anteilspreis.png\" alt=\"\" class=\"aligncenter size-full wp-image-11184\" width=\"795\" height=\"60\" title=\"\"><\/p>\n<hr>\n<p>Daraufhin erh\u00e4lt man nach dieser Berechnungsmethode den Nettoinventarwert, welcher den Wert eines Anteiles an dem jeweiligen Fonds aufzeigt. Dieser Wert ist t\u00e4glichen Schwankungen ausgesetzt, da sich nat\u00fcrlich auch die enthaltenen Wertpapiere im Fonds selber t\u00e4glich im Kurs \u00e4ndern. Die Kapitalanlagegesellschaft ist jedoch dazu verpflichtet, den Anteilspreis t\u00e4glich zu ver\u00f6ffentlichen und Anteile am Fonds jederzeit zum Anteilspreis zur\u00fcckzunehmen.<\/p>\n","protected":false},"excerpt":{"rendered":"<p>Auch Fondsanteil oder Anteilswert Der Anteilspreis zeigt den aktuellen Wert eines einzigen Anteiles des jeweiligen Fonds an. Der Anteilspreis eines Fonds wird nicht durch Angebot und Nachfrage an der B\u00f6rse ermittelt, sondern durch die Wertentwicklung der im Fonds enthaltenen Wertpapiere. Der Kurs eines Fondsanteils bildet sich somit nach dem Nettoinventarwert des Fonds. Anteilspreise werden b\u00f6rsent\u00e4glich [&hellip;]<\/p>\n","protected":false},"author":1,"featured_media":0,"parent":0,"menu_order":0,"comment_status":"closed","ping_status":"closed","template":"","meta":{"site-sidebar-layout":"default","site-content-layout":"default","ast-site-content-layout":"","site-content-style":"default","site-sidebar-style":"default","ast-global-header-display":"","ast-banner-title-visibility":"","ast-main-header-display":"","ast-hfb-above-header-display":"","ast-hfb-below-header-display":"","ast-hfb-mobile-header-display":"","site-post-title":"","ast-breadcrumbs-content":"","ast-featured-img":"","footer-sml-layout":"","theme-transparent-header-meta":"default","adv-header-id-meta":"","stick-header-meta":"","header-above-stick-meta":"","header-main-stick-meta":"","header-below-stick-meta":"","astra-migrate-meta-layouts":"default","ast-page-background-enabled":"default","ast-page-background-meta":{"desktop":{"background-color":"","background-image":"","background-repeat":"repeat","background-position":"center center","background-size":"auto","background-attachment":"scroll","background-type":"","background-media":"","overlay-type":"","overlay-color":"","overlay-opacity":"","overlay-gradient":""},"tablet":{"background-color":"","background-image":"","background-repeat":"repeat","background-position":"center center","background-size":"auto","background-attachment":"scroll","background-type":"","background-media":"","overlay-type":"","overlay-color":"","overlay-opacity":"","overlay-gradient":""},"mobile":{"background-color":"","background-image":"","background-repeat":"repeat","background-position":"center center","background-size":"auto","background-attachment":"scroll","background-type":"","background-media":"","overlay-type":"","overlay-color":"","overlay-opacity":"","overlay-gradient":""}},"ast-content-background-meta":{"desktop":{"background-color":"var(--ast-global-color-5)","background-image":"","background-repeat":"repeat","background-position":"center center","background-size":"auto","background-attachment":"scroll","background-type":"","background-media":"","overlay-type":"","overlay-color":"","overlay-opacity":"","overlay-gradient":""},"tablet":{"background-color":"var(--ast-global-color-5)","background-image":"","background-repeat":"repeat","background-position":"center center","background-size":"auto","background-attachment":"scroll","background-type":"","background-media":"","overlay-type":"","overlay-color":"","overlay-opacity":"","overlay-gradient":""},"mobile":{"background-color":"var(--ast-global-color-5)","background-image":"","background-repeat":"repeat","background-position":"center center","background-size":"auto","background-attachment":"scroll","background-type":"","background-media":"","overlay-type":"","overlay-color":"","overlay-opacity":"","overlay-gradient":""}},"footnotes":""},"class_list":["post-11159","page","type-page","status-publish","hentry"],"translation":{"provider":"WPGlobus","version":"3.0.2","language":"en","enabled_languages":["de","en"],"languages":{"de":{"title":true,"content":true,"excerpt":false},"en":{"title":false,"content":false,"excerpt":false}}},"featured_image_urls_v2":{"full":"","thumbnail":"","medium":"","medium_large":"","large":"","1536x1536":"","2048x2048":""},"post_excerpt_stackable_v2":"<p>Auch Fondsanteil oder Anteilswert Der Anteilspreis zeigt den aktuellen Wert eines einzigen Anteiles des jeweiligen Fonds an. Der Anteilspreis eines Fonds wird nicht durch Angebot und Nachfrage an der B\u00f6rse ermittelt, sondern durch die Wertentwicklung der im Fonds enthaltenen Wertpapiere. Der Kurs eines Fondsanteils bildet sich somit nach dem Nettoinventarwert des Fonds. Anteilspreise werden b\u00f6rsent\u00e4glich von der Verwahrstelle berechnet. Zur Berechnung eines Fondsanteiles werden s\u00e4mtliche im Fonds enthaltene Verm\u00f6genswerte (Wertpapiere, Immobilien, Liquidit\u00e4t) aufaddiert, eventuelle Verbindlichkeiten des Fonds abgezogen und anschlie\u00dfend durch die Anzahl der Fondsanteile dividiert. Berechnung: Daraufhin erh\u00e4lt man nach dieser Berechnungsmethode den Nettoinventarwert, welcher den Wert eines Anteiles&hellip;<\/p>\n","category_list_v2":"","author_info_v2":{"name":"PrudentWater","url":"https:\/\/prudentwater.com\/en\/author\/niklas33\/"},"comments_num_v2":"0 comments","_links":{"self":[{"href":"https:\/\/prudentwater.com\/en\/wp-json\/wp\/v2\/pages\/11159","targetHints":{"allow":["GET"]}}],"collection":[{"href":"https:\/\/prudentwater.com\/en\/wp-json\/wp\/v2\/pages"}],"about":[{"href":"https:\/\/prudentwater.com\/en\/wp-json\/wp\/v2\/types\/page"}],"author":[{"embeddable":true,"href":"https:\/\/prudentwater.com\/en\/wp-json\/wp\/v2\/users\/1"}],"replies":[{"embeddable":true,"href":"https:\/\/prudentwater.com\/en\/wp-json\/wp\/v2\/comments?post=11159"}],"version-history":[{"count":0,"href":"https:\/\/prudentwater.com\/en\/wp-json\/wp\/v2\/pages\/11159\/revisions"}],"wp:attachment":[{"href":"https:\/\/prudentwater.com\/en\/wp-json\/wp\/v2\/media?parent=11159"}],"curies":[{"name":"wp","href":"https:\/\/api.w.org\/{rel}","templated":true}]}}