{"id":11229,"date":"2018-02-05T21:53:49","date_gmt":"2018-02-05T21:53:49","guid":{"rendered":"http:\/\/www.kunnskap.de\/?page_id=11229"},"modified":"2021-06-25T12:49:31","modified_gmt":"2021-06-25T10:49:31","slug":"investitionsgrad","status":"publish","type":"page","link":"https:\/\/prudentwater.com\/en\/investitionsgrad\/","title":{"rendered":"Investitionsgrad"},"content":{"rendered":"<p>Der Investitionsgrad eines Fonds ergibt sich aus dem Fondsverm\u00f6gen abz\u00fcglich der Barreserven. Der Investitionsgrad zeigt auf, wie hoch aktuell die vorhandene Liquidit\u00e4t des Fonds ist bzw. wie viel des Fondsverm\u00f6gens aktuell investiert ist und wie viel als Barreserven bereitstehen. Bei der Liquidit\u00e4t eines Fonds handelt es sich um die aktuell frei verf\u00fcgbaren Mittel, die jederzeit investiert werden k\u00f6nnen. Liegt der Investitionsgrad eines Fonds bei beispielsweise 85 %, so sind 85 % des Fondsverm\u00f6gens in Wertpapiere, Immobilien oder \u00c4hnliches investiert und 15 % werden aktuell bar &#8211; also in cash &#8211; gehalten. Der Investitionsgrad eines Fonds wird jedoch nie bei 100 % liegen, schon alleine deshalb, weil von den Barreserven t\u00e4glich ein 365stel der Total Expense Ratio abgezogen wird. Eine zu hohe Liquidit\u00e4t im Fonds mindert jedoch auch die Gesamtrendite des Fonds, da die Rendite von Cash allgemein geringer ausf\u00e4llt als die Rendite von Wertpapieren oder Immobilien. Dieser Zustand, bei dem ein relativer gro\u00dfer Anteil des Fondsverm\u00f6gens als Barreserven gehalten wird und dies zu einer Minderung der Gesamtrendite f\u00fchrt, wird auch als Cash Drag bezeichnet.<\/p>\n","protected":false},"excerpt":{"rendered":"<p>Der Investitionsgrad eines Fonds ergibt sich aus dem Fondsverm\u00f6gen abz\u00fcglich der Barreserven. Der Investitionsgrad zeigt auf, wie hoch aktuell die vorhandene Liquidit\u00e4t des Fonds ist bzw. wie viel des Fondsverm\u00f6gens aktuell investiert ist und wie viel als Barreserven bereitstehen. Bei der Liquidit\u00e4t eines Fonds handelt es sich um die aktuell frei verf\u00fcgbaren Mittel, die jederzeit [&hellip;]<\/p>\n","protected":false},"author":1,"featured_media":0,"parent":0,"menu_order":0,"comment_status":"closed","ping_status":"closed","template":"","meta":{"site-sidebar-layout":"default","site-content-layout":"","ast-site-content-layout":"","site-content-style":"default","site-sidebar-style":"default","ast-global-header-display":"","ast-banner-title-visibility":"","ast-main-header-display":"","ast-hfb-above-header-display":"","ast-hfb-below-header-display":"","ast-hfb-mobile-header-display":"","site-post-title":"","ast-breadcrumbs-content":"","ast-featured-img":"","footer-sml-layout":"","theme-transparent-header-meta":"","adv-header-id-meta":"","stick-header-meta":"","header-above-stick-meta":"","header-main-stick-meta":"","header-below-stick-meta":"","astra-migrate-meta-layouts":"default","ast-page-background-enabled":"default","ast-page-background-meta":{"desktop":{"background-color":"","background-image":"","background-repeat":"repeat","background-position":"center center","background-size":"auto","background-attachment":"scroll","background-type":"","background-media":"","overlay-type":"","overlay-color":"","overlay-opacity":"","overlay-gradient":""},"tablet":{"background-color":"","background-image":"","background-repeat":"repeat","background-position":"center center","background-size":"auto","background-attachment":"scroll","background-type":"","background-media":"","overlay-type":"","overlay-color":"","overlay-opacity":"","overlay-gradient":""},"mobile":{"background-color":"","background-image":"","background-repeat":"repeat","background-position":"center center","background-size":"auto","background-attachment":"scroll","background-type":"","background-media":"","overlay-type":"","overlay-color":"","overlay-opacity":"","overlay-gradient":""}},"ast-content-background-meta":{"desktop":{"background-color":"var(--ast-global-color-5)","background-image":"","background-repeat":"repeat","background-position":"center center","background-size":"auto","background-attachment":"scroll","background-type":"","background-media":"","overlay-type":"","overlay-color":"","overlay-opacity":"","overlay-gradient":""},"tablet":{"background-color":"var(--ast-global-color-5)","background-image":"","background-repeat":"repeat","background-position":"center center","background-size":"auto","background-attachment":"scroll","background-type":"","background-media":"","overlay-type":"","overlay-color":"","overlay-opacity":"","overlay-gradient":""},"mobile":{"background-color":"var(--ast-global-color-5)","background-image":"","background-repeat":"repeat","background-position":"center center","background-size":"auto","background-attachment":"scroll","background-type":"","background-media":"","overlay-type":"","overlay-color":"","overlay-opacity":"","overlay-gradient":""}},"footnotes":""},"class_list":["post-11229","page","type-page","status-publish","hentry"],"translation":{"provider":"WPGlobus","version":"3.0.2","language":"en","enabled_languages":["de","en"],"languages":{"de":{"title":true,"content":true,"excerpt":false},"en":{"title":false,"content":false,"excerpt":false}}},"featured_image_urls_v2":{"full":"","thumbnail":"","medium":"","medium_large":"","large":"","1536x1536":"","2048x2048":""},"post_excerpt_stackable_v2":"<p>Der Investitionsgrad eines Fonds ergibt sich aus dem Fondsverm\u00f6gen abz\u00fcglich der Barreserven. Der Investitionsgrad zeigt auf, wie hoch aktuell die vorhandene Liquidit\u00e4t des Fonds ist bzw. wie viel des Fondsverm\u00f6gens aktuell investiert ist und wie viel als Barreserven bereitstehen. Bei der Liquidit\u00e4t eines Fonds handelt es sich um die aktuell frei verf\u00fcgbaren Mittel, die jederzeit investiert werden k\u00f6nnen. Liegt der Investitionsgrad eines Fonds bei beispielsweise 85 %, so sind 85 % des Fondsverm\u00f6gens in Wertpapiere, Immobilien oder \u00c4hnliches investiert und 15 % werden aktuell bar &#8211; also in cash &#8211; gehalten. Der Investitionsgrad eines Fonds wird jedoch nie bei 100&hellip;<\/p>\n","category_list_v2":"","author_info_v2":{"name":"PrudentWater","url":"https:\/\/prudentwater.com\/en\/author\/niklas33\/"},"comments_num_v2":"0 comments","_links":{"self":[{"href":"https:\/\/prudentwater.com\/en\/wp-json\/wp\/v2\/pages\/11229","targetHints":{"allow":["GET"]}}],"collection":[{"href":"https:\/\/prudentwater.com\/en\/wp-json\/wp\/v2\/pages"}],"about":[{"href":"https:\/\/prudentwater.com\/en\/wp-json\/wp\/v2\/types\/page"}],"author":[{"embeddable":true,"href":"https:\/\/prudentwater.com\/en\/wp-json\/wp\/v2\/users\/1"}],"replies":[{"embeddable":true,"href":"https:\/\/prudentwater.com\/en\/wp-json\/wp\/v2\/comments?post=11229"}],"version-history":[{"count":0,"href":"https:\/\/prudentwater.com\/en\/wp-json\/wp\/v2\/pages\/11229\/revisions"}],"wp:attachment":[{"href":"https:\/\/prudentwater.com\/en\/wp-json\/wp\/v2\/media?parent=11229"}],"curies":[{"name":"wp","href":"https:\/\/api.w.org\/{rel}","templated":true}]}}