{"id":11255,"date":"2018-02-13T12:47:16","date_gmt":"2018-02-13T12:47:16","guid":{"rendered":"http:\/\/www.kunnskap.de\/?page_id=11255"},"modified":"2021-06-25T12:48:57","modified_gmt":"2021-06-25T10:48:57","slug":"dividendenabschlag","status":"publish","type":"page","link":"https:\/\/prudentwater.com\/en\/dividendenabschlag\/","title":{"rendered":"Dividendenabschlag"},"content":{"rendered":"<p>Der Dividendenabschlag bezeichnet den automatischen Vorgang, bei dem die Dividende pro Aktie vom Kurs der Aktie abgezogen wird. Der Dividendenabschlag findet in Deutschland einen Tag nach der Hauptversammlung am sogenannten Ex Dividende Tag statt. Um Anspruch auf die Dividende in Deutschland zu erhalten, muss der Anleger die jeweilige Aktie allersp\u00e4testens am Tag der Hauptversammlung kaufen. Am darauffolgenden Tag wird die Dividende dann vom Aktienkurs sozusagen abgeschlagen und gleichzeitig an alle Aktieninhaber vom Tag der Hauptversammlung ausgesch\u00fcttet. International und auch in den USA hingegen findet der Dividendenabschlag nicht am Tag der tats\u00e4chlichen Aussch\u00fcttung statt, sondern am Ex-Dividende-Tag, der in der Regel bereits einige Woche davor liegt. In Deutschland findet der Dividendenabschlag j\u00e4hrlich statt, international jedoch oftmals halb- oder viertelj\u00e4hrlich.<\/p>\n","protected":false},"excerpt":{"rendered":"<p>Der Dividendenabschlag bezeichnet den automatischen Vorgang, bei dem die Dividende pro Aktie vom Kurs der Aktie abgezogen wird. Der Dividendenabschlag findet in Deutschland einen Tag nach der Hauptversammlung am sogenannten Ex Dividende Tag statt. Um Anspruch auf die Dividende in Deutschland zu erhalten, muss der Anleger die jeweilige Aktie allersp\u00e4testens am Tag der Hauptversammlung kaufen. [&hellip;]<\/p>\n","protected":false},"author":1,"featured_media":0,"parent":0,"menu_order":0,"comment_status":"closed","ping_status":"closed","template":"","meta":{"site-sidebar-layout":"default","site-content-layout":"","ast-site-content-layout":"","site-content-style":"default","site-sidebar-style":"default","ast-global-header-display":"","ast-banner-title-visibility":"","ast-main-header-display":"","ast-hfb-above-header-display":"","ast-hfb-below-header-display":"","ast-hfb-mobile-header-display":"","site-post-title":"","ast-breadcrumbs-content":"","ast-featured-img":"","footer-sml-layout":"","theme-transparent-header-meta":"","adv-header-id-meta":"","stick-header-meta":"","header-above-stick-meta":"","header-main-stick-meta":"","header-below-stick-meta":"","astra-migrate-meta-layouts":"default","ast-page-background-enabled":"default","ast-page-background-meta":{"desktop":{"background-color":"","background-image":"","background-repeat":"repeat","background-position":"center center","background-size":"auto","background-attachment":"scroll","background-type":"","background-media":"","overlay-type":"","overlay-color":"","overlay-opacity":"","overlay-gradient":""},"tablet":{"background-color":"","background-image":"","background-repeat":"repeat","background-position":"center center","background-size":"auto","background-attachment":"scroll","background-type":"","background-media":"","overlay-type":"","overlay-color":"","overlay-opacity":"","overlay-gradient":""},"mobile":{"background-color":"","background-image":"","background-repeat":"repeat","background-position":"center center","background-size":"auto","background-attachment":"scroll","background-type":"","background-media":"","overlay-type":"","overlay-color":"","overlay-opacity":"","overlay-gradient":""}},"ast-content-background-meta":{"desktop":{"background-color":"var(--ast-global-color-5)","background-image":"","background-repeat":"repeat","background-position":"center center","background-size":"auto","background-attachment":"scroll","background-type":"","background-media":"","overlay-type":"","overlay-color":"","overlay-opacity":"","overlay-gradient":""},"tablet":{"background-color":"var(--ast-global-color-5)","background-image":"","background-repeat":"repeat","background-position":"center center","background-size":"auto","background-attachment":"scroll","background-type":"","background-media":"","overlay-type":"","overlay-color":"","overlay-opacity":"","overlay-gradient":""},"mobile":{"background-color":"var(--ast-global-color-5)","background-image":"","background-repeat":"repeat","background-position":"center center","background-size":"auto","background-attachment":"scroll","background-type":"","background-media":"","overlay-type":"","overlay-color":"","overlay-opacity":"","overlay-gradient":""}},"footnotes":""},"class_list":["post-11255","page","type-page","status-publish","hentry"],"translation":{"provider":"WPGlobus","version":"3.0.2","language":"en","enabled_languages":["de","en"],"languages":{"de":{"title":true,"content":true,"excerpt":false},"en":{"title":false,"content":false,"excerpt":false}}},"featured_image_urls_v2":{"full":"","thumbnail":"","medium":"","medium_large":"","large":"","1536x1536":"","2048x2048":""},"post_excerpt_stackable_v2":"<p>Der Dividendenabschlag bezeichnet den automatischen Vorgang, bei dem die Dividende pro Aktie vom Kurs der Aktie abgezogen wird. Der Dividendenabschlag findet in Deutschland einen Tag nach der Hauptversammlung am sogenannten Ex Dividende Tag statt. Um Anspruch auf die Dividende in Deutschland zu erhalten, muss der Anleger die jeweilige Aktie allersp\u00e4testens am Tag der Hauptversammlung kaufen. Am darauffolgenden Tag wird die Dividende dann vom Aktienkurs sozusagen abgeschlagen und gleichzeitig an alle Aktieninhaber vom Tag der Hauptversammlung ausgesch\u00fcttet. International und auch in den USA hingegen findet der Dividendenabschlag nicht am Tag der tats\u00e4chlichen Aussch\u00fcttung statt, sondern am Ex-Dividende-Tag, der in der Regel&hellip;<\/p>\n","category_list_v2":"","author_info_v2":{"name":"PrudentWater","url":"https:\/\/prudentwater.com\/en\/author\/niklas33\/"},"comments_num_v2":"0 comments","_links":{"self":[{"href":"https:\/\/prudentwater.com\/en\/wp-json\/wp\/v2\/pages\/11255","targetHints":{"allow":["GET"]}}],"collection":[{"href":"https:\/\/prudentwater.com\/en\/wp-json\/wp\/v2\/pages"}],"about":[{"href":"https:\/\/prudentwater.com\/en\/wp-json\/wp\/v2\/types\/page"}],"author":[{"embeddable":true,"href":"https:\/\/prudentwater.com\/en\/wp-json\/wp\/v2\/users\/1"}],"replies":[{"embeddable":true,"href":"https:\/\/prudentwater.com\/en\/wp-json\/wp\/v2\/comments?post=11255"}],"version-history":[{"count":0,"href":"https:\/\/prudentwater.com\/en\/wp-json\/wp\/v2\/pages\/11255\/revisions"}],"wp:attachment":[{"href":"https:\/\/prudentwater.com\/en\/wp-json\/wp\/v2\/media?parent=11255"}],"curies":[{"name":"wp","href":"https:\/\/api.w.org\/{rel}","templated":true}]}}