{"id":1128,"date":"2014-10-12T10:31:56","date_gmt":"2014-10-12T10:31:56","guid":{"rendered":"http:\/\/www.kunnskap.de\/?page_id=1128"},"modified":"2021-06-25T12:48:20","modified_gmt":"2021-06-25T10:48:20","slug":"barausgleich","status":"publish","type":"page","link":"https:\/\/prudentwater.com\/en\/barausgleich\/","title":{"rendered":"Barausgleich"},"content":{"rendered":"<p>engl. <strong>Cash Settlement<\/strong><\/p>\n<p>Bei einem Barausgleich findet zun\u00e4chst die Aus\u00fcbung einer Option statt, es wird jedoch anschlie\u00dfend nicht die vereinbarte Menge des Basiswertes (Wertpapiere, Devisen, Rohstoffe) geliefert, sondern es wird lediglich der Differenzbetrag zwischen Basispreis und aktuellem Marktwert des Basiswertes ausgezahlt. Es findet somit nur ein Austausch des Differenzbetrages statt, der Basiswert wird jedoch nicht geliefert. Damit ein Barausgleich stattfindet, muss sich die Option im Geld befinden. Optionen aus dem Geld verfallen hingegen wertlos. Bei Indexoptionsscheinen wird immer die Differenz bezahlt, da ein Index nicht geliefert werden kann.<\/p>\n<h6>Beispiel<\/h6>\n<p>Der Investor \u00fcbt seine Option auf eine zugrunde liegende Aktie mit einem Basispreis von 60 Euro aus, die Aktie steht momentan jedoch bei 75 Euro. Der Basispreis ist der Preis, zu dem der Verk\u00e4ufer der Option die Aktie liefern muss. Theoretisch m\u00fcsste der Verk\u00e4ufer der Option dem Investor nun die Aktie f\u00fcr 60 Euro liefern. Anschlie\u00dfend k\u00f6nnte der Investor die Aktie f\u00fcr 75 Euro an der B\u00f6rse verkaufen und w\u00fcrde einen Gewinn von 15 Euro erzielen. Um den Vorgang jedoch einfacher zu gestalten, zahlt der Verk\u00e4ufer der Option dem Investor einfach den Differenzbetrag zwischen Basispreis und aktuellen Marktwert der Aktie, also 15 Euro. Zu beachten ist beim Barausgleich nat\u00fcrlich das Bezugsverh\u00e4ltnis, welches bereits vorher festgelegt ist.<\/p>\n","protected":false},"excerpt":{"rendered":"<p>engl. Cash Settlement Bei einem Barausgleich findet zun\u00e4chst die Aus\u00fcbung einer Option statt, es wird jedoch anschlie\u00dfend nicht die vereinbarte Menge des Basiswertes (Wertpapiere, Devisen, Rohstoffe) geliefert, sondern es wird lediglich der Differenzbetrag zwischen Basispreis und aktuellem Marktwert des Basiswertes ausgezahlt. Es findet somit nur ein Austausch des Differenzbetrages statt, der Basiswert wird jedoch nicht [&hellip;]<\/p>\n","protected":false},"author":1,"featured_media":0,"parent":0,"menu_order":0,"comment_status":"closed","ping_status":"closed","template":"","meta":{"site-sidebar-layout":"default","site-content-layout":"","ast-site-content-layout":"","site-content-style":"default","site-sidebar-style":"default","ast-global-header-display":"","ast-banner-title-visibility":"","ast-main-header-display":"","ast-hfb-above-header-display":"","ast-hfb-below-header-display":"","ast-hfb-mobile-header-display":"","site-post-title":"","ast-breadcrumbs-content":"","ast-featured-img":"","footer-sml-layout":"","theme-transparent-header-meta":"","adv-header-id-meta":"","stick-header-meta":"","header-above-stick-meta":"","header-main-stick-meta":"","header-below-stick-meta":"","astra-migrate-meta-layouts":"default","ast-page-background-enabled":"default","ast-page-background-meta":{"desktop":{"background-color":"","background-image":"","background-repeat":"repeat","background-position":"center center","background-size":"auto","background-attachment":"scroll","background-type":"","background-media":"","overlay-type":"","overlay-color":"","overlay-opacity":"","overlay-gradient":""},"tablet":{"background-color":"","background-image":"","background-repeat":"repeat","background-position":"center center","background-size":"auto","background-attachment":"scroll","background-type":"","background-media":"","overlay-type":"","overlay-color":"","overlay-opacity":"","overlay-gradient":""},"mobile":{"background-color":"","background-image":"","background-repeat":"repeat","background-position":"center center","background-size":"auto","background-attachment":"scroll","background-type":"","background-media":"","overlay-type":"","overlay-color":"","overlay-opacity":"","overlay-gradient":""}},"ast-content-background-meta":{"desktop":{"background-color":"var(--ast-global-color-5)","background-image":"","background-repeat":"repeat","background-position":"center center","background-size":"auto","background-attachment":"scroll","background-type":"","background-media":"","overlay-type":"","overlay-color":"","overlay-opacity":"","overlay-gradient":""},"tablet":{"background-color":"var(--ast-global-color-5)","background-image":"","background-repeat":"repeat","background-position":"center center","background-size":"auto","background-attachment":"scroll","background-type":"","background-media":"","overlay-type":"","overlay-color":"","overlay-opacity":"","overlay-gradient":""},"mobile":{"background-color":"var(--ast-global-color-5)","background-image":"","background-repeat":"repeat","background-position":"center center","background-size":"auto","background-attachment":"scroll","background-type":"","background-media":"","overlay-type":"","overlay-color":"","overlay-opacity":"","overlay-gradient":""}},"footnotes":""},"class_list":["post-1128","page","type-page","status-publish","hentry"],"translation":{"provider":"WPGlobus","version":"3.0.2","language":"en","enabled_languages":["de","en"],"languages":{"de":{"title":true,"content":true,"excerpt":false},"en":{"title":false,"content":false,"excerpt":false}}},"featured_image_urls_v2":{"full":"","thumbnail":"","medium":"","medium_large":"","large":"","1536x1536":"","2048x2048":""},"post_excerpt_stackable_v2":"<p>engl. Cash Settlement Bei einem Barausgleich findet zun\u00e4chst die Aus\u00fcbung einer Option statt, es wird jedoch anschlie\u00dfend nicht die vereinbarte Menge des Basiswertes (Wertpapiere, Devisen, Rohstoffe) geliefert, sondern es wird lediglich der Differenzbetrag zwischen Basispreis und aktuellem Marktwert des Basiswertes ausgezahlt. Es findet somit nur ein Austausch des Differenzbetrages statt, der Basiswert wird jedoch nicht geliefert. Damit ein Barausgleich stattfindet, muss sich die Option im Geld befinden. Optionen aus dem Geld verfallen hingegen wertlos. Bei Indexoptionsscheinen wird immer die Differenz bezahlt, da ein Index nicht geliefert werden kann. Beispiel Der Investor \u00fcbt seine Option auf eine zugrunde liegende Aktie mit&hellip;<\/p>\n","category_list_v2":"","author_info_v2":{"name":"PrudentWater","url":"https:\/\/prudentwater.com\/en\/author\/niklas33\/"},"comments_num_v2":"0 comments","_links":{"self":[{"href":"https:\/\/prudentwater.com\/en\/wp-json\/wp\/v2\/pages\/1128","targetHints":{"allow":["GET"]}}],"collection":[{"href":"https:\/\/prudentwater.com\/en\/wp-json\/wp\/v2\/pages"}],"about":[{"href":"https:\/\/prudentwater.com\/en\/wp-json\/wp\/v2\/types\/page"}],"author":[{"embeddable":true,"href":"https:\/\/prudentwater.com\/en\/wp-json\/wp\/v2\/users\/1"}],"replies":[{"embeddable":true,"href":"https:\/\/prudentwater.com\/en\/wp-json\/wp\/v2\/comments?post=1128"}],"version-history":[{"count":0,"href":"https:\/\/prudentwater.com\/en\/wp-json\/wp\/v2\/pages\/1128\/revisions"}],"wp:attachment":[{"href":"https:\/\/prudentwater.com\/en\/wp-json\/wp\/v2\/media?parent=1128"}],"curies":[{"name":"wp","href":"https:\/\/api.w.org\/{rel}","templated":true}]}}