{"id":11310,"date":"2018-03-07T09:40:48","date_gmt":"2018-03-07T09:40:48","guid":{"rendered":"http:\/\/www.kunnskap.de\/?page_id=11310"},"modified":"2022-11-12T13:51:02","modified_gmt":"2022-11-12T12:51:02","slug":"festbesitz","status":"publish","type":"page","link":"https:\/\/prudentwater.com\/en\/festbesitz\/","title":{"rendered":"Festbesitz"},"content":{"rendered":"<p>Jene Aktien, die sich in H\u00e4nden von Gro\u00dfaktion\u00e4ren oder der Gr\u00fcnderfamilie befinden, werden dem Festbesitz zugeordnet. Damit Aktienpakete zum Festbesitz gez\u00e4hlt werden, m\u00fcssen diese mindestens 5 % des gesamt ausstehenden Aktienvolumens ausmachen. Aktien, die von Fonds gehalten werden und \u00fcber der 5 %-Schwelle liegen, z\u00e4hlen jedoch nicht zum Festbesitz, sondern werden dem Streubesitz zugeordnet, da der Investmentfonds lediglich das Geld der Anleger b\u00fcndelt und verwaltet. Je h\u00f6her jedoch der Festbesitz bei einer bestimmten Aktie ist, desto schlechter ist auch die Liquidit\u00e4t und somit die Handelbarkeit des Wertpapieres. Dies deshalb, weil ganz einfach weniger Aktien \u00fcber die B\u00f6rse gehandelt werden k\u00f6nnen, wenn sich ein gro\u00dfer Anteil im Festbesitz befindet und somit nicht t\u00e4glich an der B\u00f6rse ge- und verkauft werden kann. Aktien im Festbesitz sind n\u00e4mlich nicht frei handelbar an der B\u00f6rse.<\/p>\n","protected":false},"excerpt":{"rendered":"<p>Jene Aktien, die sich in H\u00e4nden von Gro\u00dfaktion\u00e4ren oder der Gr\u00fcnderfamilie befinden, werden dem Festbesitz zugeordnet. Damit Aktienpakete zum Festbesitz gez\u00e4hlt werden, m\u00fcssen diese mindestens 5 % des gesamt ausstehenden Aktienvolumens ausmachen. Aktien, die von Fonds gehalten werden und \u00fcber der 5 %-Schwelle liegen, z\u00e4hlen jedoch nicht zum Festbesitz, sondern werden dem Streubesitz zugeordnet, da [&hellip;]<\/p>\n","protected":false},"author":1,"featured_media":0,"parent":0,"menu_order":0,"comment_status":"closed","ping_status":"closed","template":"","meta":{"site-sidebar-layout":"default","site-content-layout":"","ast-site-content-layout":"","site-content-style":"default","site-sidebar-style":"default","ast-global-header-display":"","ast-banner-title-visibility":"","ast-main-header-display":"","ast-hfb-above-header-display":"","ast-hfb-below-header-display":"","ast-hfb-mobile-header-display":"","site-post-title":"","ast-breadcrumbs-content":"","ast-featured-img":"","footer-sml-layout":"","theme-transparent-header-meta":"","adv-header-id-meta":"","stick-header-meta":"","header-above-stick-meta":"","header-main-stick-meta":"","header-below-stick-meta":"","astra-migrate-meta-layouts":"default","ast-page-background-enabled":"default","ast-page-background-meta":{"desktop":{"background-color":"","background-image":"","background-repeat":"repeat","background-position":"center center","background-size":"auto","background-attachment":"scroll","background-type":"","background-media":"","overlay-type":"","overlay-color":"","overlay-opacity":"","overlay-gradient":""},"tablet":{"background-color":"","background-image":"","background-repeat":"repeat","background-position":"center center","background-size":"auto","background-attachment":"scroll","background-type":"","background-media":"","overlay-type":"","overlay-color":"","overlay-opacity":"","overlay-gradient":""},"mobile":{"background-color":"","background-image":"","background-repeat":"repeat","background-position":"center center","background-size":"auto","background-attachment":"scroll","background-type":"","background-media":"","overlay-type":"","overlay-color":"","overlay-opacity":"","overlay-gradient":""}},"ast-content-background-meta":{"desktop":{"background-color":"var(--ast-global-color-5)","background-image":"","background-repeat":"repeat","background-position":"center center","background-size":"auto","background-attachment":"scroll","background-type":"","background-media":"","overlay-type":"","overlay-color":"","overlay-opacity":"","overlay-gradient":""},"tablet":{"background-color":"var(--ast-global-color-5)","background-image":"","background-repeat":"repeat","background-position":"center center","background-size":"auto","background-attachment":"scroll","background-type":"","background-media":"","overlay-type":"","overlay-color":"","overlay-opacity":"","overlay-gradient":""},"mobile":{"background-color":"var(--ast-global-color-5)","background-image":"","background-repeat":"repeat","background-position":"center center","background-size":"auto","background-attachment":"scroll","background-type":"","background-media":"","overlay-type":"","overlay-color":"","overlay-opacity":"","overlay-gradient":""}},"footnotes":""},"class_list":["post-11310","page","type-page","status-publish","hentry"],"translation":{"provider":"WPGlobus","version":"3.0.2","language":"en","enabled_languages":["de","en"],"languages":{"de":{"title":true,"content":true,"excerpt":false},"en":{"title":false,"content":false,"excerpt":false}}},"featured_image_urls_v2":{"full":"","thumbnail":"","medium":"","medium_large":"","large":"","1536x1536":"","2048x2048":""},"post_excerpt_stackable_v2":"<p>Jene Aktien, die sich in H\u00e4nden von Gro\u00dfaktion\u00e4ren oder der Gr\u00fcnderfamilie befinden, werden dem Festbesitz zugeordnet. Damit Aktienpakete zum Festbesitz gez\u00e4hlt werden, m\u00fcssen diese mindestens 5 % des gesamt ausstehenden Aktienvolumens ausmachen. Aktien, die von Fonds gehalten werden und \u00fcber der 5 %-Schwelle liegen, z\u00e4hlen jedoch nicht zum Festbesitz, sondern werden dem Streubesitz zugeordnet, da der Investmentfonds lediglich das Geld der Anleger b\u00fcndelt und verwaltet. Je h\u00f6her jedoch der Festbesitz bei einer bestimmten Aktie ist, desto schlechter ist auch die Liquidit\u00e4t und somit die Handelbarkeit des Wertpapieres. Dies deshalb, weil ganz einfach weniger Aktien \u00fcber die B\u00f6rse gehandelt werden k\u00f6nnen,&hellip;<\/p>\n","category_list_v2":"","author_info_v2":{"name":"PrudentWater","url":"https:\/\/prudentwater.com\/en\/author\/niklas33\/"},"comments_num_v2":"0 comments","_links":{"self":[{"href":"https:\/\/prudentwater.com\/en\/wp-json\/wp\/v2\/pages\/11310","targetHints":{"allow":["GET"]}}],"collection":[{"href":"https:\/\/prudentwater.com\/en\/wp-json\/wp\/v2\/pages"}],"about":[{"href":"https:\/\/prudentwater.com\/en\/wp-json\/wp\/v2\/types\/page"}],"author":[{"embeddable":true,"href":"https:\/\/prudentwater.com\/en\/wp-json\/wp\/v2\/users\/1"}],"replies":[{"embeddable":true,"href":"https:\/\/prudentwater.com\/en\/wp-json\/wp\/v2\/comments?post=11310"}],"version-history":[{"count":0,"href":"https:\/\/prudentwater.com\/en\/wp-json\/wp\/v2\/pages\/11310\/revisions"}],"wp:attachment":[{"href":"https:\/\/prudentwater.com\/en\/wp-json\/wp\/v2\/media?parent=11310"}],"curies":[{"name":"wp","href":"https:\/\/api.w.org\/{rel}","templated":true}]}}