{"id":11314,"date":"2018-03-08T15:57:51","date_gmt":"2018-03-08T15:57:51","guid":{"rendered":"http:\/\/www.kunnskap.de\/?page_id=11314"},"modified":"2021-06-25T12:50:16","modified_gmt":"2021-06-25T10:50:16","slug":"versorgeraktien","status":"publish","type":"page","link":"https:\/\/prudentwater.com\/en\/versorgeraktien\/","title":{"rendered":"Versorgeraktien"},"content":{"rendered":"<p>engl. <strong>Utilities<\/strong><\/p>\n<p>Bei Versorgeraktien handelt es sich um Aktiengesellschaften, deren Gesch\u00e4ftsmodell daraus besteht, die Daseinsvorsorge ihrer Kunden f\u00fcr einen bestimmten Bereich anzubieten und langfristig zu garantieren. Mit der Daseinsvorsorge ist die Bereitstellung der f\u00fcr ein menschliches Dasein als notwendig erachtete Grundversorgung gemeint. Bei Versorgeraktien handelt es sich vor allem um Energieversorger und Wasserversorger. Merkmale von b\u00f6rsennotierten Versorgern sind oftmals ein stabiler Cashflow und damit einhergehend eine regelm\u00e4\u00dfige und verl\u00e4ssliche Dividendenzahlung. Ein weiterer Vorteil liegt darin, dass Versorgerunternehmen sich besser vor steigenden Inflationsraten sch\u00fctzen k\u00f6nnen, indem sie ihre Preise an die aktuelle Teuerungsrate flexibler als Unternehmen aus anderen Branchen anpassen k\u00f6nnen. Versorgeraktien gelten somit auch als Schutz vor einer Inflation. Der Nachteil von Versorgern liegt jedoch in einem oftmals \u00fcberdurchschnittlich hohen Verschuldungsgrad als auch einem h\u00f6heren Net Debt\/EBITDA. Dadurch sind Versorger in Zeiten steigender Zinsen anf\u00e4lliger, da ihr Zinsaufwand deutlich zunimmt, was sich letztendlich in fallenden Aktienkursen bemerkbar machen kann. Ein steigendes Zinsniveau einhergehend mit einer relativen hohen Verschuldung kann bei b\u00f6rsennotierten Versorgern auch zu einer Kapitalerh\u00f6hung f\u00fchren. Au\u00dferdem werden Versorger in der Regel vom Staat reguliert, sprich, ihr Spielraum f\u00fcr Preis\u00e4nderungen und Innovationen ist begrenzt. Durch die Regulierung des Staates andererseits sind die Umsatzentwicklungen von Versorgern stabiler und weniger volatil, woraus eben oftmals eine zuverl\u00e4ssige Dividende resultiert. <\/p>\n","protected":false},"excerpt":{"rendered":"<p>engl. Utilities Bei Versorgeraktien handelt es sich um Aktiengesellschaften, deren Gesch\u00e4ftsmodell daraus besteht, die Daseinsvorsorge ihrer Kunden f\u00fcr einen bestimmten Bereich anzubieten und langfristig zu garantieren. Mit der Daseinsvorsorge ist die Bereitstellung der f\u00fcr ein menschliches Dasein als notwendig erachtete Grundversorgung gemeint. Bei Versorgeraktien handelt es sich vor allem um Energieversorger und Wasserversorger. Merkmale von [&hellip;]<\/p>\n","protected":false},"author":1,"featured_media":0,"parent":0,"menu_order":0,"comment_status":"closed","ping_status":"closed","template":"","meta":{"site-sidebar-layout":"default","site-content-layout":"","ast-site-content-layout":"","site-content-style":"default","site-sidebar-style":"default","ast-global-header-display":"","ast-banner-title-visibility":"","ast-main-header-display":"","ast-hfb-above-header-display":"","ast-hfb-below-header-display":"","ast-hfb-mobile-header-display":"","site-post-title":"","ast-breadcrumbs-content":"","ast-featured-img":"","footer-sml-layout":"","theme-transparent-header-meta":"","adv-header-id-meta":"","stick-header-meta":"","header-above-stick-meta":"","header-main-stick-meta":"","header-below-stick-meta":"","astra-migrate-meta-layouts":"default","ast-page-background-enabled":"default","ast-page-background-meta":{"desktop":{"background-color":"","background-image":"","background-repeat":"repeat","background-position":"center center","background-size":"auto","background-attachment":"scroll","background-type":"","background-media":"","overlay-type":"","overlay-color":"","overlay-opacity":"","overlay-gradient":""},"tablet":{"background-color":"","background-image":"","background-repeat":"repeat","background-position":"center center","background-size":"auto","background-attachment":"scroll","background-type":"","background-media":"","overlay-type":"","overlay-color":"","overlay-opacity":"","overlay-gradient":""},"mobile":{"background-color":"","background-image":"","background-repeat":"repeat","background-position":"center center","background-size":"auto","background-attachment":"scroll","background-type":"","background-media":"","overlay-type":"","overlay-color":"","overlay-opacity":"","overlay-gradient":""}},"ast-content-background-meta":{"desktop":{"background-color":"var(--ast-global-color-5)","background-image":"","background-repeat":"repeat","background-position":"center center","background-size":"auto","background-attachment":"scroll","background-type":"","background-media":"","overlay-type":"","overlay-color":"","overlay-opacity":"","overlay-gradient":""},"tablet":{"background-color":"var(--ast-global-color-5)","background-image":"","background-repeat":"repeat","background-position":"center center","background-size":"auto","background-attachment":"scroll","background-type":"","background-media":"","overlay-type":"","overlay-color":"","overlay-opacity":"","overlay-gradient":""},"mobile":{"background-color":"var(--ast-global-color-5)","background-image":"","background-repeat":"repeat","background-position":"center center","background-size":"auto","background-attachment":"scroll","background-type":"","background-media":"","overlay-type":"","overlay-color":"","overlay-opacity":"","overlay-gradient":""}},"footnotes":""},"class_list":["post-11314","page","type-page","status-publish","hentry"],"translation":{"provider":"WPGlobus","version":"3.0.2","language":"en","enabled_languages":["de","en"],"languages":{"de":{"title":true,"content":true,"excerpt":false},"en":{"title":false,"content":false,"excerpt":false}}},"featured_image_urls_v2":{"full":"","thumbnail":"","medium":"","medium_large":"","large":"","1536x1536":"","2048x2048":""},"post_excerpt_stackable_v2":"<p>engl. Utilities Bei Versorgeraktien handelt es sich um Aktiengesellschaften, deren Gesch\u00e4ftsmodell daraus besteht, die Daseinsvorsorge ihrer Kunden f\u00fcr einen bestimmten Bereich anzubieten und langfristig zu garantieren. Mit der Daseinsvorsorge ist die Bereitstellung der f\u00fcr ein menschliches Dasein als notwendig erachtete Grundversorgung gemeint. Bei Versorgeraktien handelt es sich vor allem um Energieversorger und Wasserversorger. Merkmale von b\u00f6rsennotierten Versorgern sind oftmals ein stabiler Cashflow und damit einhergehend eine regelm\u00e4\u00dfige und verl\u00e4ssliche Dividendenzahlung. Ein weiterer Vorteil liegt darin, dass Versorgerunternehmen sich besser vor steigenden Inflationsraten sch\u00fctzen k\u00f6nnen, indem sie ihre Preise an die aktuelle Teuerungsrate flexibler als Unternehmen aus anderen Branchen anpassen k\u00f6nnen.&hellip;<\/p>\n","category_list_v2":"","author_info_v2":{"name":"PrudentWater","url":"https:\/\/prudentwater.com\/en\/author\/niklas33\/"},"comments_num_v2":"0 comments","_links":{"self":[{"href":"https:\/\/prudentwater.com\/en\/wp-json\/wp\/v2\/pages\/11314","targetHints":{"allow":["GET"]}}],"collection":[{"href":"https:\/\/prudentwater.com\/en\/wp-json\/wp\/v2\/pages"}],"about":[{"href":"https:\/\/prudentwater.com\/en\/wp-json\/wp\/v2\/types\/page"}],"author":[{"embeddable":true,"href":"https:\/\/prudentwater.com\/en\/wp-json\/wp\/v2\/users\/1"}],"replies":[{"embeddable":true,"href":"https:\/\/prudentwater.com\/en\/wp-json\/wp\/v2\/comments?post=11314"}],"version-history":[{"count":0,"href":"https:\/\/prudentwater.com\/en\/wp-json\/wp\/v2\/pages\/11314\/revisions"}],"wp:attachment":[{"href":"https:\/\/prudentwater.com\/en\/wp-json\/wp\/v2\/media?parent=11314"}],"curies":[{"name":"wp","href":"https:\/\/api.w.org\/{rel}","templated":true}]}}