{"id":1137,"date":"2014-10-12T14:52:23","date_gmt":"2014-10-12T14:52:23","guid":{"rendered":"http:\/\/www.kunnskap.de\/?page_id=1137"},"modified":"2021-06-25T12:49:32","modified_gmt":"2021-06-25T10:49:32","slug":"kassageschaft","status":"publish","type":"page","link":"https:\/\/prudentwater.com\/en\/kassageschaft\/","title":{"rendered":"Kassagesch\u00e4ft"},"content":{"rendered":"<p>engl. <strong>Spot Deal<\/strong><\/p>\n<p>Ein Kauf von Wertpapieren, Devisen oder Waren an der B\u00f6rse, wobei die Zahlung und Belieferung innerhalb von 48 Stunden nach Kaufabschluss stattfinden muss.<br \/>\nDauert der Abschluss l\u00e4nger als zwei Tage, handelt es sich um ein Termingesch\u00e4ft.<br \/>\nWerden Wertpapiere an der B\u00f6rse gehandelt, finden Zahlung und Lieferung in Deutschland i.d.R. immer innerhalb von 48 Stunden statt. Die &#8220;normalen&#8221; Wertpapierk\u00e4ufe z\u00e4hlen somit zum Kassagesch\u00e4ft.<\/p>\n","protected":false},"excerpt":{"rendered":"<p>engl. Spot Deal Ein Kauf von Wertpapieren, Devisen oder Waren an der B\u00f6rse, wobei die Zahlung und Belieferung innerhalb von 48 Stunden nach Kaufabschluss stattfinden muss. Dauert der Abschluss l\u00e4nger als zwei Tage, handelt es sich um ein Termingesch\u00e4ft. Werden Wertpapiere an der B\u00f6rse gehandelt, finden Zahlung und Lieferung in Deutschland i.d.R. immer innerhalb von [&hellip;]<\/p>\n","protected":false},"author":1,"featured_media":0,"parent":0,"menu_order":0,"comment_status":"closed","ping_status":"closed","template":"","meta":{"site-sidebar-layout":"default","site-content-layout":"","ast-site-content-layout":"","site-content-style":"default","site-sidebar-style":"default","ast-global-header-display":"","ast-banner-title-visibility":"","ast-main-header-display":"","ast-hfb-above-header-display":"","ast-hfb-below-header-display":"","ast-hfb-mobile-header-display":"","site-post-title":"","ast-breadcrumbs-content":"","ast-featured-img":"","footer-sml-layout":"","theme-transparent-header-meta":"","adv-header-id-meta":"","stick-header-meta":"","header-above-stick-meta":"","header-main-stick-meta":"","header-below-stick-meta":"","astra-migrate-meta-layouts":"default","ast-page-background-enabled":"default","ast-page-background-meta":{"desktop":{"background-color":"","background-image":"","background-repeat":"repeat","background-position":"center center","background-size":"auto","background-attachment":"scroll","background-type":"","background-media":"","overlay-type":"","overlay-color":"","overlay-opacity":"","overlay-gradient":""},"tablet":{"background-color":"","background-image":"","background-repeat":"repeat","background-position":"center center","background-size":"auto","background-attachment":"scroll","background-type":"","background-media":"","overlay-type":"","overlay-color":"","overlay-opacity":"","overlay-gradient":""},"mobile":{"background-color":"","background-image":"","background-repeat":"repeat","background-position":"center center","background-size":"auto","background-attachment":"scroll","background-type":"","background-media":"","overlay-type":"","overlay-color":"","overlay-opacity":"","overlay-gradient":""}},"ast-content-background-meta":{"desktop":{"background-color":"var(--ast-global-color-5)","background-image":"","background-repeat":"repeat","background-position":"center center","background-size":"auto","background-attachment":"scroll","background-type":"","background-media":"","overlay-type":"","overlay-color":"","overlay-opacity":"","overlay-gradient":""},"tablet":{"background-color":"var(--ast-global-color-5)","background-image":"","background-repeat":"repeat","background-position":"center center","background-size":"auto","background-attachment":"scroll","background-type":"","background-media":"","overlay-type":"","overlay-color":"","overlay-opacity":"","overlay-gradient":""},"mobile":{"background-color":"var(--ast-global-color-5)","background-image":"","background-repeat":"repeat","background-position":"center center","background-size":"auto","background-attachment":"scroll","background-type":"","background-media":"","overlay-type":"","overlay-color":"","overlay-opacity":"","overlay-gradient":""}},"footnotes":""},"class_list":["post-1137","page","type-page","status-publish","hentry"],"translation":{"provider":"WPGlobus","version":"3.0.2","language":"en","enabled_languages":["de","en"],"languages":{"de":{"title":true,"content":true,"excerpt":false},"en":{"title":false,"content":false,"excerpt":false}}},"featured_image_urls_v2":{"full":"","thumbnail":"","medium":"","medium_large":"","large":"","1536x1536":"","2048x2048":""},"post_excerpt_stackable_v2":"<p>engl. Spot Deal Ein Kauf von Wertpapieren, Devisen oder Waren an der B\u00f6rse, wobei die Zahlung und Belieferung innerhalb von 48 Stunden nach Kaufabschluss stattfinden muss. Dauert der Abschluss l\u00e4nger als zwei Tage, handelt es sich um ein Termingesch\u00e4ft. Werden Wertpapiere an der B\u00f6rse gehandelt, finden Zahlung und Lieferung in Deutschland i.d.R. immer innerhalb von 48 Stunden statt. Die &#8220;normalen&#8221; Wertpapierk\u00e4ufe z\u00e4hlen somit zum Kassagesch\u00e4ft.<\/p>\n","category_list_v2":"","author_info_v2":{"name":"PrudentWater","url":"https:\/\/prudentwater.com\/en\/author\/niklas33\/"},"comments_num_v2":"0 comments","_links":{"self":[{"href":"https:\/\/prudentwater.com\/en\/wp-json\/wp\/v2\/pages\/1137","targetHints":{"allow":["GET"]}}],"collection":[{"href":"https:\/\/prudentwater.com\/en\/wp-json\/wp\/v2\/pages"}],"about":[{"href":"https:\/\/prudentwater.com\/en\/wp-json\/wp\/v2\/types\/page"}],"author":[{"embeddable":true,"href":"https:\/\/prudentwater.com\/en\/wp-json\/wp\/v2\/users\/1"}],"replies":[{"embeddable":true,"href":"https:\/\/prudentwater.com\/en\/wp-json\/wp\/v2\/comments?post=1137"}],"version-history":[{"count":0,"href":"https:\/\/prudentwater.com\/en\/wp-json\/wp\/v2\/pages\/1137\/revisions"}],"wp:attachment":[{"href":"https:\/\/prudentwater.com\/en\/wp-json\/wp\/v2\/media?parent=1137"}],"curies":[{"name":"wp","href":"https:\/\/api.w.org\/{rel}","templated":true}]}}