{"id":1143,"date":"2014-10-12T20:30:02","date_gmt":"2014-10-12T20:30:02","guid":{"rendered":"http:\/\/www.kunnskap.de\/?page_id=1143"},"modified":"2023-03-09T13:04:29","modified_gmt":"2023-03-09T12:04:29","slug":"bezugsverhaltnis","status":"publish","type":"page","link":"https:\/\/prudentwater.com\/en\/bezugsverhaltnis\/","title":{"rendered":"Bezugsverh\u00e4ltnis"},"content":{"rendered":"<p style=\"margin-bottom: 70px;\">\n<h3>Bezugsverh\u00e4ltnis bei Aktien w\u00e4hrend einer Kapitalerh\u00f6hung<\/h3>\n<p>Bezogen auf Aktien gibt das Bezugsverh\u00e4ltnis an, wie viele in K\u00fcrze neu ausgegebene Aktien der Altaktion\u00e4r bei der Kapitalerh\u00f6hung erwerben kann. Dies ist entscheidend, da bei einer Kapitalerh\u00f6hung eines Unternehmens neue Aktien (auch junge Aktien genannt) ausgegeben werden und Altaktion\u00e4re ein Bezugsrecht erhalten haben, um an der Kapitalerh\u00f6hung zu partizipieren. Das Bezugsverh\u00e4ltnis gibt dann an, wie viele neue Aktien sie bei der Kapitalerh\u00f6hung aufgrund ihres bereits vorhandenen Aktienbestandes erwerben k\u00f6nnen. Zum Beispiel k\u00f6nnte ein Bezugsverh\u00e4ltnis von 1:3 bedeuten, dass f\u00fcr jede drei vorhandenen Aktien ein Aktion\u00e4r das Recht hat, eine neue Aktie zu erwerben. Wenn ein Aktion\u00e4r 300 Aktien besitzt, k\u00f6nnte er im Rahmen einer Kapitalerh\u00f6hung 100 neue Aktien erwerben.<\/p>\n<p style=\"margin-bottom: 60px;\">\n<h3>Bezugsverh\u00e4ltnis bei Optionsscheinen<\/h3>\n<p>Bezogen auf Optionsscheine gibt das Bezugsverh\u00e4ltnis an, wie viele Optionsscheine ben\u00f6tigt werden, um <b>eine<\/b> Einheit des zugrunde liegenden Basiswertes (z. B. eine Aktie) zu kaufen (Call-Option) oder zu verkaufen (Put-Option). Ein Bezugsverh\u00e4ltnis von 1:10 besagt, dass sich der Optionsschein auf 1\/10 der zugrunde liegenden Aktie bezieht und somit 10 Optionsscheine ben\u00f6tigt werden, um eine Aktie zu erwerben. Liegt das Bezugsverh\u00e4ltnis hingegen bei 1:50, so werden 50 Optionsscheine ben\u00f6tigt, um damit genau eine Aktie zu erwerben.<\/p>\n","protected":false},"excerpt":{"rendered":"<p>Bezugsverh\u00e4ltnis bei Aktien w\u00e4hrend einer Kapitalerh\u00f6hung Bezogen auf Aktien gibt das Bezugsverh\u00e4ltnis an, wie viele in K\u00fcrze neu ausgegebene Aktien der Altaktion\u00e4r bei der Kapitalerh\u00f6hung erwerben kann. Dies ist entscheidend, da bei einer Kapitalerh\u00f6hung eines Unternehmens neue Aktien (auch junge Aktien genannt) ausgegeben werden und Altaktion\u00e4re ein Bezugsrecht erhalten haben, um an der Kapitalerh\u00f6hung zu [&hellip;]<\/p>\n","protected":false},"author":1,"featured_media":0,"parent":0,"menu_order":0,"comment_status":"closed","ping_status":"closed","template":"","meta":{"site-sidebar-layout":"default","site-content-layout":"","ast-site-content-layout":"","site-content-style":"default","site-sidebar-style":"default","ast-global-header-display":"","ast-banner-title-visibility":"","ast-main-header-display":"","ast-hfb-above-header-display":"","ast-hfb-below-header-display":"","ast-hfb-mobile-header-display":"","site-post-title":"","ast-breadcrumbs-content":"","ast-featured-img":"","footer-sml-layout":"","theme-transparent-header-meta":"","adv-header-id-meta":"","stick-header-meta":"","header-above-stick-meta":"","header-main-stick-meta":"","header-below-stick-meta":"","astra-migrate-meta-layouts":"default","ast-page-background-enabled":"default","ast-page-background-meta":{"desktop":{"background-color":"","background-image":"","background-repeat":"repeat","background-position":"center center","background-size":"auto","background-attachment":"scroll","background-type":"","background-media":"","overlay-type":"","overlay-color":"","overlay-opacity":"","overlay-gradient":""},"tablet":{"background-color":"","background-image":"","background-repeat":"repeat","background-position":"center center","background-size":"auto","background-attachment":"scroll","background-type":"","background-media":"","overlay-type":"","overlay-color":"","overlay-opacity":"","overlay-gradient":""},"mobile":{"background-color":"","background-image":"","background-repeat":"repeat","background-position":"center center","background-size":"auto","background-attachment":"scroll","background-type":"","background-media":"","overlay-type":"","overlay-color":"","overlay-opacity":"","overlay-gradient":""}},"ast-content-background-meta":{"desktop":{"background-color":"var(--ast-global-color-5)","background-image":"","background-repeat":"repeat","background-position":"center center","background-size":"auto","background-attachment":"scroll","background-type":"","background-media":"","overlay-type":"","overlay-color":"","overlay-opacity":"","overlay-gradient":""},"tablet":{"background-color":"var(--ast-global-color-5)","background-image":"","background-repeat":"repeat","background-position":"center center","background-size":"auto","background-attachment":"scroll","background-type":"","background-media":"","overlay-type":"","overlay-color":"","overlay-opacity":"","overlay-gradient":""},"mobile":{"background-color":"var(--ast-global-color-5)","background-image":"","background-repeat":"repeat","background-position":"center center","background-size":"auto","background-attachment":"scroll","background-type":"","background-media":"","overlay-type":"","overlay-color":"","overlay-opacity":"","overlay-gradient":""}},"footnotes":""},"class_list":["post-1143","page","type-page","status-publish","hentry"],"translation":{"provider":"WPGlobus","version":"3.0.2","language":"en","enabled_languages":["de","en"],"languages":{"de":{"title":true,"content":true,"excerpt":false},"en":{"title":false,"content":false,"excerpt":false}}},"featured_image_urls_v2":{"full":"","thumbnail":"","medium":"","medium_large":"","large":"","1536x1536":"","2048x2048":""},"post_excerpt_stackable_v2":"<p>Bezugsverh\u00e4ltnis bei Aktien w\u00e4hrend einer Kapitalerh\u00f6hung Bezogen auf Aktien gibt das Bezugsverh\u00e4ltnis an, wie viele in K\u00fcrze neu ausgegebene Aktien der Altaktion\u00e4r bei der Kapitalerh\u00f6hung erwerben kann. Dies ist entscheidend, da bei einer Kapitalerh\u00f6hung eines Unternehmens neue Aktien (auch junge Aktien genannt) ausgegeben werden und Altaktion\u00e4re ein Bezugsrecht erhalten haben, um an der Kapitalerh\u00f6hung zu partizipieren. Das Bezugsverh\u00e4ltnis gibt dann an, wie viele neue Aktien sie bei der Kapitalerh\u00f6hung aufgrund ihres bereits vorhandenen Aktienbestandes erwerben k\u00f6nnen. Zum Beispiel k\u00f6nnte ein Bezugsverh\u00e4ltnis von 1:3 bedeuten, dass f\u00fcr jede drei vorhandenen Aktien ein Aktion\u00e4r das Recht hat, eine neue Aktie zu erwerben.&hellip;<\/p>\n","category_list_v2":"","author_info_v2":{"name":"PrudentWater","url":"https:\/\/prudentwater.com\/en\/author\/niklas33\/"},"comments_num_v2":"0 comments","_links":{"self":[{"href":"https:\/\/prudentwater.com\/en\/wp-json\/wp\/v2\/pages\/1143","targetHints":{"allow":["GET"]}}],"collection":[{"href":"https:\/\/prudentwater.com\/en\/wp-json\/wp\/v2\/pages"}],"about":[{"href":"https:\/\/prudentwater.com\/en\/wp-json\/wp\/v2\/types\/page"}],"author":[{"embeddable":true,"href":"https:\/\/prudentwater.com\/en\/wp-json\/wp\/v2\/users\/1"}],"replies":[{"embeddable":true,"href":"https:\/\/prudentwater.com\/en\/wp-json\/wp\/v2\/comments?post=1143"}],"version-history":[{"count":0,"href":"https:\/\/prudentwater.com\/en\/wp-json\/wp\/v2\/pages\/1143\/revisions"}],"wp:attachment":[{"href":"https:\/\/prudentwater.com\/en\/wp-json\/wp\/v2\/media?parent=1143"}],"curies":[{"name":"wp","href":"https:\/\/api.w.org\/{rel}","templated":true}]}}