{"id":11510,"date":"2018-10-31T16:00:48","date_gmt":"2018-10-31T16:00:48","guid":{"rendered":"http:\/\/www.kunnskap.de\/?page_id=11510"},"modified":"2021-06-25T12:49:04","modified_gmt":"2021-06-25T10:49:04","slug":"home-bias","status":"publish","type":"page","link":"https:\/\/prudentwater.com\/en\/home-bias\/","title":{"rendered":"Home Bias"},"content":{"rendered":"<p>Home Bias bezeichnet einen psychologischen Effekt, welcher das Investmentverhalten von oftmals Privatanlegern negativ beeinflusst. Der Home Bias-Effekt beschreibt, dass umso vertrauter der Anleger mit einem Wertpapierinvestment ist oder wird, desto weniger ausf\u00fchrlich besch\u00e4ftigt er sich mit seinem Investment. Diese Vertrautheit in das Investment f\u00fchrt schlie\u00dflich zu Bequemlichkeit und \u00dcberheblichkeit. Schlie\u00dflich endet es darin, dass der Anleger zwar denkt, er w\u00fcsste weiterhin genauestens \u00fcber das Unternehmen Bescheid, in welches er investiert hat, tats\u00e4chlich aber hat er \u00fcber Jahre hinweg weder Bilanzen noch Gesch\u00e4ftsberichte des Unternehmens gelesen und wenn \u00fcberhaupt nur oberfl\u00e4chlich die Nachrichten zu dem Unternehmen verfolgt. Der Home Bias-Effekt tritt oftmals dann auf, wenn Aktieninvestments sich sehr positiv entwickeln oder aber es sich um Unternehmen aus dem eigenen Land oder gar aus der Nachbarschaft handelt, wodurch der Anleger dann immer eine gef\u00fchlte und f\u00fcr ihn ausreichende Verbindung versp\u00fchrt.<\/p>\n","protected":false},"excerpt":{"rendered":"<p>Home Bias bezeichnet einen psychologischen Effekt, welcher das Investmentverhalten von oftmals Privatanlegern negativ beeinflusst. Der Home Bias-Effekt beschreibt, dass umso vertrauter der Anleger mit einem Wertpapierinvestment ist oder wird, desto weniger ausf\u00fchrlich besch\u00e4ftigt er sich mit seinem Investment. Diese Vertrautheit in das Investment f\u00fchrt schlie\u00dflich zu Bequemlichkeit und \u00dcberheblichkeit. Schlie\u00dflich endet es darin, dass der [&hellip;]<\/p>\n","protected":false},"author":1,"featured_media":0,"parent":0,"menu_order":0,"comment_status":"closed","ping_status":"closed","template":"","meta":{"site-sidebar-layout":"default","site-content-layout":"","ast-site-content-layout":"","site-content-style":"default","site-sidebar-style":"default","ast-global-header-display":"","ast-banner-title-visibility":"","ast-main-header-display":"","ast-hfb-above-header-display":"","ast-hfb-below-header-display":"","ast-hfb-mobile-header-display":"","site-post-title":"","ast-breadcrumbs-content":"","ast-featured-img":"","footer-sml-layout":"","theme-transparent-header-meta":"","adv-header-id-meta":"","stick-header-meta":"","header-above-stick-meta":"","header-main-stick-meta":"","header-below-stick-meta":"","astra-migrate-meta-layouts":"default","ast-page-background-enabled":"default","ast-page-background-meta":{"desktop":{"background-color":"","background-image":"","background-repeat":"repeat","background-position":"center center","background-size":"auto","background-attachment":"scroll","background-type":"","background-media":"","overlay-type":"","overlay-color":"","overlay-opacity":"","overlay-gradient":""},"tablet":{"background-color":"","background-image":"","background-repeat":"repeat","background-position":"center center","background-size":"auto","background-attachment":"scroll","background-type":"","background-media":"","overlay-type":"","overlay-color":"","overlay-opacity":"","overlay-gradient":""},"mobile":{"background-color":"","background-image":"","background-repeat":"repeat","background-position":"center center","background-size":"auto","background-attachment":"scroll","background-type":"","background-media":"","overlay-type":"","overlay-color":"","overlay-opacity":"","overlay-gradient":""}},"ast-content-background-meta":{"desktop":{"background-color":"var(--ast-global-color-5)","background-image":"","background-repeat":"repeat","background-position":"center center","background-size":"auto","background-attachment":"scroll","background-type":"","background-media":"","overlay-type":"","overlay-color":"","overlay-opacity":"","overlay-gradient":""},"tablet":{"background-color":"var(--ast-global-color-5)","background-image":"","background-repeat":"repeat","background-position":"center center","background-size":"auto","background-attachment":"scroll","background-type":"","background-media":"","overlay-type":"","overlay-color":"","overlay-opacity":"","overlay-gradient":""},"mobile":{"background-color":"var(--ast-global-color-5)","background-image":"","background-repeat":"repeat","background-position":"center center","background-size":"auto","background-attachment":"scroll","background-type":"","background-media":"","overlay-type":"","overlay-color":"","overlay-opacity":"","overlay-gradient":""}},"footnotes":""},"class_list":["post-11510","page","type-page","status-publish","hentry"],"translation":{"provider":"WPGlobus","version":"3.0.2","language":"en","enabled_languages":["de","en"],"languages":{"de":{"title":true,"content":true,"excerpt":false},"en":{"title":false,"content":false,"excerpt":false}}},"featured_image_urls_v2":{"full":"","thumbnail":"","medium":"","medium_large":"","large":"","1536x1536":"","2048x2048":""},"post_excerpt_stackable_v2":"<p>Home Bias bezeichnet einen psychologischen Effekt, welcher das Investmentverhalten von oftmals Privatanlegern negativ beeinflusst. Der Home Bias-Effekt beschreibt, dass umso vertrauter der Anleger mit einem Wertpapierinvestment ist oder wird, desto weniger ausf\u00fchrlich besch\u00e4ftigt er sich mit seinem Investment. Diese Vertrautheit in das Investment f\u00fchrt schlie\u00dflich zu Bequemlichkeit und \u00dcberheblichkeit. Schlie\u00dflich endet es darin, dass der Anleger zwar denkt, er w\u00fcsste weiterhin genauestens \u00fcber das Unternehmen Bescheid, in welches er investiert hat, tats\u00e4chlich aber hat er \u00fcber Jahre hinweg weder Bilanzen noch Gesch\u00e4ftsberichte des Unternehmens gelesen und wenn \u00fcberhaupt nur oberfl\u00e4chlich die Nachrichten zu dem Unternehmen verfolgt. Der Home Bias-Effekt tritt&hellip;<\/p>\n","category_list_v2":"","author_info_v2":{"name":"PrudentWater","url":"https:\/\/prudentwater.com\/en\/author\/niklas33\/"},"comments_num_v2":"0 comments","_links":{"self":[{"href":"https:\/\/prudentwater.com\/en\/wp-json\/wp\/v2\/pages\/11510","targetHints":{"allow":["GET"]}}],"collection":[{"href":"https:\/\/prudentwater.com\/en\/wp-json\/wp\/v2\/pages"}],"about":[{"href":"https:\/\/prudentwater.com\/en\/wp-json\/wp\/v2\/types\/page"}],"author":[{"embeddable":true,"href":"https:\/\/prudentwater.com\/en\/wp-json\/wp\/v2\/users\/1"}],"replies":[{"embeddable":true,"href":"https:\/\/prudentwater.com\/en\/wp-json\/wp\/v2\/comments?post=11510"}],"version-history":[{"count":0,"href":"https:\/\/prudentwater.com\/en\/wp-json\/wp\/v2\/pages\/11510\/revisions"}],"wp:attachment":[{"href":"https:\/\/prudentwater.com\/en\/wp-json\/wp\/v2\/media?parent=11510"}],"curies":[{"name":"wp","href":"https:\/\/api.w.org\/{rel}","templated":true}]}}