{"id":11647,"date":"2019-01-10T23:26:56","date_gmt":"2019-01-10T23:26:56","guid":{"rendered":"http:\/\/www.kunnskap.de\/?page_id=11647"},"modified":"2021-06-25T12:49:31","modified_gmt":"2021-06-25T10:49:31","slug":"jahresabschluss","status":"publish","type":"page","link":"https:\/\/prudentwater.com\/en\/jahresabschluss\/","title":{"rendered":"Jahresabschluss"},"content":{"rendered":"<p>engl. <strong>Annual Report<\/strong><\/p>\n<p>Der Jahresabschluss gilt allgemein als Spiegelbild der wirtschaftlichen und finanziellen Situation eines Unternehmens. Mit dem Jahresabschluss \u00fcbermittelt das Unternehmen Informationen \u00fcber die Verm\u00f6gens-, Finanz- und Ertragslage, gibt Einblick in die aktuelle und zur\u00fcckliegende Gesch\u00e4ftsentwicklung sowie einen Ausblick \u00fcber die angestrebte zuk\u00fcnftige Entwicklung des Unternehmens. Der Jahresabschlussbericht besteht mindestens aus der Bilanz sowie aus der Gewinn- und Verlustrechnung. Kapitalanlagegesellschaften m\u00fcssen au\u00dferdem den sogenannten Anhang beif\u00fcgen. Dem Leser des Jahresabschlusses muss beim Lesen jedoch bewusst ein, dass ein vollst\u00e4ndiger Einblick in die wirtschaftliche und finanzielle Lage des Unternehmens sowie vor allem dessen Zukunftsaussichten nicht m\u00f6glich ist. Der Jahresabschluss liefert vielmehr einen getr\u00fcbten Einblick in das Unternehmen zum Bilanzstichtag. Unternehmen ver\u00f6ffentlichen generell nur jene Informationen im Jahresabschluss, zu denen sie rechtlich verpflichtet sind.<\/p>\n","protected":false},"excerpt":{"rendered":"<p>engl. Annual Report Der Jahresabschluss gilt allgemein als Spiegelbild der wirtschaftlichen und finanziellen Situation eines Unternehmens. Mit dem Jahresabschluss \u00fcbermittelt das Unternehmen Informationen \u00fcber die Verm\u00f6gens-, Finanz- und Ertragslage, gibt Einblick in die aktuelle und zur\u00fcckliegende Gesch\u00e4ftsentwicklung sowie einen Ausblick \u00fcber die angestrebte zuk\u00fcnftige Entwicklung des Unternehmens. Der Jahresabschlussbericht besteht mindestens aus der Bilanz sowie [&hellip;]<\/p>\n","protected":false},"author":1,"featured_media":0,"parent":0,"menu_order":0,"comment_status":"closed","ping_status":"closed","template":"","meta":{"site-sidebar-layout":"default","site-content-layout":"","ast-site-content-layout":"","site-content-style":"default","site-sidebar-style":"default","ast-global-header-display":"","ast-banner-title-visibility":"","ast-main-header-display":"","ast-hfb-above-header-display":"","ast-hfb-below-header-display":"","ast-hfb-mobile-header-display":"","site-post-title":"","ast-breadcrumbs-content":"","ast-featured-img":"","footer-sml-layout":"","theme-transparent-header-meta":"","adv-header-id-meta":"","stick-header-meta":"","header-above-stick-meta":"","header-main-stick-meta":"","header-below-stick-meta":"","astra-migrate-meta-layouts":"default","ast-page-background-enabled":"default","ast-page-background-meta":{"desktop":{"background-color":"","background-image":"","background-repeat":"repeat","background-position":"center center","background-size":"auto","background-attachment":"scroll","background-type":"","background-media":"","overlay-type":"","overlay-color":"","overlay-opacity":"","overlay-gradient":""},"tablet":{"background-color":"","background-image":"","background-repeat":"repeat","background-position":"center center","background-size":"auto","background-attachment":"scroll","background-type":"","background-media":"","overlay-type":"","overlay-color":"","overlay-opacity":"","overlay-gradient":""},"mobile":{"background-color":"","background-image":"","background-repeat":"repeat","background-position":"center center","background-size":"auto","background-attachment":"scroll","background-type":"","background-media":"","overlay-type":"","overlay-color":"","overlay-opacity":"","overlay-gradient":""}},"ast-content-background-meta":{"desktop":{"background-color":"var(--ast-global-color-5)","background-image":"","background-repeat":"repeat","background-position":"center center","background-size":"auto","background-attachment":"scroll","background-type":"","background-media":"","overlay-type":"","overlay-color":"","overlay-opacity":"","overlay-gradient":""},"tablet":{"background-color":"var(--ast-global-color-5)","background-image":"","background-repeat":"repeat","background-position":"center center","background-size":"auto","background-attachment":"scroll","background-type":"","background-media":"","overlay-type":"","overlay-color":"","overlay-opacity":"","overlay-gradient":""},"mobile":{"background-color":"var(--ast-global-color-5)","background-image":"","background-repeat":"repeat","background-position":"center center","background-size":"auto","background-attachment":"scroll","background-type":"","background-media":"","overlay-type":"","overlay-color":"","overlay-opacity":"","overlay-gradient":""}},"footnotes":""},"class_list":["post-11647","page","type-page","status-publish","hentry"],"translation":{"provider":"WPGlobus","version":"3.0.2","language":"en","enabled_languages":["de","en"],"languages":{"de":{"title":true,"content":true,"excerpt":false},"en":{"title":false,"content":false,"excerpt":false}}},"featured_image_urls_v2":{"full":"","thumbnail":"","medium":"","medium_large":"","large":"","1536x1536":"","2048x2048":""},"post_excerpt_stackable_v2":"<p>engl. Annual Report Der Jahresabschluss gilt allgemein als Spiegelbild der wirtschaftlichen und finanziellen Situation eines Unternehmens. Mit dem Jahresabschluss \u00fcbermittelt das Unternehmen Informationen \u00fcber die Verm\u00f6gens-, Finanz- und Ertragslage, gibt Einblick in die aktuelle und zur\u00fcckliegende Gesch\u00e4ftsentwicklung sowie einen Ausblick \u00fcber die angestrebte zuk\u00fcnftige Entwicklung des Unternehmens. Der Jahresabschlussbericht besteht mindestens aus der Bilanz sowie aus der Gewinn- und Verlustrechnung. Kapitalanlagegesellschaften m\u00fcssen au\u00dferdem den sogenannten Anhang beif\u00fcgen. Dem Leser des Jahresabschlusses muss beim Lesen jedoch bewusst ein, dass ein vollst\u00e4ndiger Einblick in die wirtschaftliche und finanzielle Lage des Unternehmens sowie vor allem dessen Zukunftsaussichten nicht m\u00f6glich ist. Der Jahresabschluss liefert&hellip;<\/p>\n","category_list_v2":"","author_info_v2":{"name":"PrudentWater","url":"https:\/\/prudentwater.com\/en\/author\/niklas33\/"},"comments_num_v2":"0 comments","_links":{"self":[{"href":"https:\/\/prudentwater.com\/en\/wp-json\/wp\/v2\/pages\/11647","targetHints":{"allow":["GET"]}}],"collection":[{"href":"https:\/\/prudentwater.com\/en\/wp-json\/wp\/v2\/pages"}],"about":[{"href":"https:\/\/prudentwater.com\/en\/wp-json\/wp\/v2\/types\/page"}],"author":[{"embeddable":true,"href":"https:\/\/prudentwater.com\/en\/wp-json\/wp\/v2\/users\/1"}],"replies":[{"embeddable":true,"href":"https:\/\/prudentwater.com\/en\/wp-json\/wp\/v2\/comments?post=11647"}],"version-history":[{"count":0,"href":"https:\/\/prudentwater.com\/en\/wp-json\/wp\/v2\/pages\/11647\/revisions"}],"wp:attachment":[{"href":"https:\/\/prudentwater.com\/en\/wp-json\/wp\/v2\/media?parent=11647"}],"curies":[{"name":"wp","href":"https:\/\/api.w.org\/{rel}","templated":true}]}}