{"id":11689,"date":"2019-01-13T17:44:41","date_gmt":"2019-01-13T17:44:41","guid":{"rendered":"http:\/\/www.kunnskap.de\/?page_id=11689"},"modified":"2021-10-04T13:17:23","modified_gmt":"2021-10-04T11:17:23","slug":"anschaffungskosten","status":"publish","type":"page","link":"https:\/\/prudentwater.com\/en\/anschaffungskosten\/","title":{"rendered":"Anschaffungskosten"},"content":{"rendered":"<p>Als Anschaffungskosten werden jene geldlichen Aufwendungen eines Unternehmens bezeichnet, die erbracht werden m\u00fcssen, um einen Verm\u00f6gensgegenstand anzuschaffen und anschlie\u00dfend in einen Zustand zu versetzen, in dem es betriebsbereit und dem Unternehmen vollumf\u00e4nglich dienlich ist. Neben dem urspr\u00fcnglichen Anschaffungspreis des Verm\u00f6gensgegenstandes geh\u00f6ren zu den Anschaffungskosten auch die Anschaffungsnebenkosten. Dabei handelt es sich um jene Kosten, die im direkten Zusammenhang mit dem Erwerb und der anschlie\u00dfenden Inbetriebnahme des Gegenstandes stehen wie zum Beispiel Transportkosten, Z\u00f6lle oder Montagekosten. Die Kosten der Geldbeschaffung &#8211; also Fremdkapitalzinsen oder Eigenkapitalzinsen &#8211; geh\u00f6ren jedoch nicht zu den Anschaffungskosten.<\/p>\n","protected":false},"excerpt":{"rendered":"<p>Als Anschaffungskosten werden jene geldlichen Aufwendungen eines Unternehmens bezeichnet, die erbracht werden m\u00fcssen, um einen Verm\u00f6gensgegenstand anzuschaffen und anschlie\u00dfend in einen Zustand zu versetzen, in dem es betriebsbereit und dem Unternehmen vollumf\u00e4nglich dienlich ist. Neben dem urspr\u00fcnglichen Anschaffungspreis des Verm\u00f6gensgegenstandes geh\u00f6ren zu den Anschaffungskosten auch die Anschaffungsnebenkosten. Dabei handelt es sich um jene Kosten, die [&hellip;]<\/p>\n","protected":false},"author":1,"featured_media":0,"parent":0,"menu_order":0,"comment_status":"closed","ping_status":"closed","template":"","meta":{"site-sidebar-layout":"default","site-content-layout":"default","ast-site-content-layout":"","site-content-style":"default","site-sidebar-style":"default","ast-global-header-display":"","ast-banner-title-visibility":"","ast-main-header-display":"","ast-hfb-above-header-display":"","ast-hfb-below-header-display":"","ast-hfb-mobile-header-display":"","site-post-title":"","ast-breadcrumbs-content":"","ast-featured-img":"","footer-sml-layout":"","theme-transparent-header-meta":"default","adv-header-id-meta":"","stick-header-meta":"","header-above-stick-meta":"","header-main-stick-meta":"","header-below-stick-meta":"","astra-migrate-meta-layouts":"default","ast-page-background-enabled":"default","ast-page-background-meta":{"desktop":{"background-color":"","background-image":"","background-repeat":"repeat","background-position":"center center","background-size":"auto","background-attachment":"scroll","background-type":"","background-media":"","overlay-type":"","overlay-color":"","overlay-opacity":"","overlay-gradient":""},"tablet":{"background-color":"","background-image":"","background-repeat":"repeat","background-position":"center center","background-size":"auto","background-attachment":"scroll","background-type":"","background-media":"","overlay-type":"","overlay-color":"","overlay-opacity":"","overlay-gradient":""},"mobile":{"background-color":"","background-image":"","background-repeat":"repeat","background-position":"center center","background-size":"auto","background-attachment":"scroll","background-type":"","background-media":"","overlay-type":"","overlay-color":"","overlay-opacity":"","overlay-gradient":""}},"ast-content-background-meta":{"desktop":{"background-color":"var(--ast-global-color-5)","background-image":"","background-repeat":"repeat","background-position":"center center","background-size":"auto","background-attachment":"scroll","background-type":"","background-media":"","overlay-type":"","overlay-color":"","overlay-opacity":"","overlay-gradient":""},"tablet":{"background-color":"var(--ast-global-color-5)","background-image":"","background-repeat":"repeat","background-position":"center center","background-size":"auto","background-attachment":"scroll","background-type":"","background-media":"","overlay-type":"","overlay-color":"","overlay-opacity":"","overlay-gradient":""},"mobile":{"background-color":"var(--ast-global-color-5)","background-image":"","background-repeat":"repeat","background-position":"center center","background-size":"auto","background-attachment":"scroll","background-type":"","background-media":"","overlay-type":"","overlay-color":"","overlay-opacity":"","overlay-gradient":""}},"footnotes":""},"class_list":["post-11689","page","type-page","status-publish","hentry"],"translation":{"provider":"WPGlobus","version":"3.0.2","language":"en","enabled_languages":["de","en"],"languages":{"de":{"title":true,"content":true,"excerpt":false},"en":{"title":false,"content":false,"excerpt":false}}},"featured_image_urls_v2":{"full":"","thumbnail":"","medium":"","medium_large":"","large":"","1536x1536":"","2048x2048":""},"post_excerpt_stackable_v2":"<p>Als Anschaffungskosten werden jene geldlichen Aufwendungen eines Unternehmens bezeichnet, die erbracht werden m\u00fcssen, um einen Verm\u00f6gensgegenstand anzuschaffen und anschlie\u00dfend in einen Zustand zu versetzen, in dem es betriebsbereit und dem Unternehmen vollumf\u00e4nglich dienlich ist. Neben dem urspr\u00fcnglichen Anschaffungspreis des Verm\u00f6gensgegenstandes geh\u00f6ren zu den Anschaffungskosten auch die Anschaffungsnebenkosten. Dabei handelt es sich um jene Kosten, die im direkten Zusammenhang mit dem Erwerb und der anschlie\u00dfenden Inbetriebnahme des Gegenstandes stehen wie zum Beispiel Transportkosten, Z\u00f6lle oder Montagekosten. Die Kosten der Geldbeschaffung &#8211; also Fremdkapitalzinsen oder Eigenkapitalzinsen &#8211; geh\u00f6ren jedoch nicht zu den Anschaffungskosten.<\/p>\n","category_list_v2":"","author_info_v2":{"name":"PrudentWater","url":"https:\/\/prudentwater.com\/en\/author\/niklas33\/"},"comments_num_v2":"0 comments","_links":{"self":[{"href":"https:\/\/prudentwater.com\/en\/wp-json\/wp\/v2\/pages\/11689","targetHints":{"allow":["GET"]}}],"collection":[{"href":"https:\/\/prudentwater.com\/en\/wp-json\/wp\/v2\/pages"}],"about":[{"href":"https:\/\/prudentwater.com\/en\/wp-json\/wp\/v2\/types\/page"}],"author":[{"embeddable":true,"href":"https:\/\/prudentwater.com\/en\/wp-json\/wp\/v2\/users\/1"}],"replies":[{"embeddable":true,"href":"https:\/\/prudentwater.com\/en\/wp-json\/wp\/v2\/comments?post=11689"}],"version-history":[{"count":0,"href":"https:\/\/prudentwater.com\/en\/wp-json\/wp\/v2\/pages\/11689\/revisions"}],"wp:attachment":[{"href":"https:\/\/prudentwater.com\/en\/wp-json\/wp\/v2\/media?parent=11689"}],"curies":[{"name":"wp","href":"https:\/\/api.w.org\/{rel}","templated":true}]}}