{"id":11752,"date":"2019-01-15T17:22:32","date_gmt":"2019-01-15T17:22:32","guid":{"rendered":"http:\/\/www.kunnskap.de\/?page_id=11752"},"modified":"2021-06-25T12:49:32","modified_gmt":"2021-06-25T10:49:32","slug":"kapitalruecklagen","status":"publish","type":"page","link":"https:\/\/prudentwater.com\/en\/kapitalruecklagen\/","title":{"rendered":"Kapitalr\u00fccklagen"},"content":{"rendered":"<p>engl. <strong>Capital Reserve<\/strong><\/p>\n<p>Kapitalr\u00fccklagen sind jene Zuzahlungen der einzelnen Gesellschafter in das Eigenkapital, welche die geforderten Einlagen auf das gezeichnete Kapital \u00fcbersteigen. Somit geh\u00f6ren Kapitalr\u00fccklagen auch zum Eigenkapital eines Unternehmens. Kapitalr\u00fccklagen entstehen vor allem dann, wenn Aktien bei der Emission zu einem h\u00f6heren Wert als dem Nennwert ausgegeben werden. Dieser Betrag \u00fcber dem Nennwert wird dann auch Agio bezeichnet. Betr\u00e4gt zum Beispiel der Emissionspreis einer Aktie 7 Euro und der Nennwert 1 Euro, so muss 1 Euro auf der Passivseite unter dem Posten &#8216;Gezeichnetes Kapital&#8217; verbucht werden und 6 Euro auf der Passivseite unter dem Posten &#8216;Kapitalr\u00fccklagen&#8217;. Kapitalr\u00fccklagen k\u00f6nnen dar\u00fcber hinaus aber auch durch die Ausgabe von Schuldverschreibungen f\u00fcr Wandelrechte oder die Ausgabe von Optionsrechten zum Kauf von Aktien entstehen.<\/p>\n","protected":false},"excerpt":{"rendered":"<p>engl. Capital Reserve Kapitalr\u00fccklagen sind jene Zuzahlungen der einzelnen Gesellschafter in das Eigenkapital, welche die geforderten Einlagen auf das gezeichnete Kapital \u00fcbersteigen. Somit geh\u00f6ren Kapitalr\u00fccklagen auch zum Eigenkapital eines Unternehmens. Kapitalr\u00fccklagen entstehen vor allem dann, wenn Aktien bei der Emission zu einem h\u00f6heren Wert als dem Nennwert ausgegeben werden. Dieser Betrag \u00fcber dem Nennwert wird [&hellip;]<\/p>\n","protected":false},"author":1,"featured_media":0,"parent":0,"menu_order":0,"comment_status":"closed","ping_status":"closed","template":"","meta":{"site-sidebar-layout":"default","site-content-layout":"","ast-site-content-layout":"","site-content-style":"default","site-sidebar-style":"default","ast-global-header-display":"","ast-banner-title-visibility":"","ast-main-header-display":"","ast-hfb-above-header-display":"","ast-hfb-below-header-display":"","ast-hfb-mobile-header-display":"","site-post-title":"","ast-breadcrumbs-content":"","ast-featured-img":"","footer-sml-layout":"","theme-transparent-header-meta":"","adv-header-id-meta":"","stick-header-meta":"","header-above-stick-meta":"","header-main-stick-meta":"","header-below-stick-meta":"","astra-migrate-meta-layouts":"default","ast-page-background-enabled":"default","ast-page-background-meta":{"desktop":{"background-color":"","background-image":"","background-repeat":"repeat","background-position":"center center","background-size":"auto","background-attachment":"scroll","background-type":"","background-media":"","overlay-type":"","overlay-color":"","overlay-opacity":"","overlay-gradient":""},"tablet":{"background-color":"","background-image":"","background-repeat":"repeat","background-position":"center center","background-size":"auto","background-attachment":"scroll","background-type":"","background-media":"","overlay-type":"","overlay-color":"","overlay-opacity":"","overlay-gradient":""},"mobile":{"background-color":"","background-image":"","background-repeat":"repeat","background-position":"center center","background-size":"auto","background-attachment":"scroll","background-type":"","background-media":"","overlay-type":"","overlay-color":"","overlay-opacity":"","overlay-gradient":""}},"ast-content-background-meta":{"desktop":{"background-color":"var(--ast-global-color-5)","background-image":"","background-repeat":"repeat","background-position":"center center","background-size":"auto","background-attachment":"scroll","background-type":"","background-media":"","overlay-type":"","overlay-color":"","overlay-opacity":"","overlay-gradient":""},"tablet":{"background-color":"var(--ast-global-color-5)","background-image":"","background-repeat":"repeat","background-position":"center center","background-size":"auto","background-attachment":"scroll","background-type":"","background-media":"","overlay-type":"","overlay-color":"","overlay-opacity":"","overlay-gradient":""},"mobile":{"background-color":"var(--ast-global-color-5)","background-image":"","background-repeat":"repeat","background-position":"center center","background-size":"auto","background-attachment":"scroll","background-type":"","background-media":"","overlay-type":"","overlay-color":"","overlay-opacity":"","overlay-gradient":""}},"footnotes":""},"class_list":["post-11752","page","type-page","status-publish","hentry"],"translation":{"provider":"WPGlobus","version":"3.0.2","language":"en","enabled_languages":["de","en"],"languages":{"de":{"title":true,"content":true,"excerpt":false},"en":{"title":false,"content":false,"excerpt":false}}},"featured_image_urls_v2":{"full":"","thumbnail":"","medium":"","medium_large":"","large":"","1536x1536":"","2048x2048":""},"post_excerpt_stackable_v2":"<p>engl. Capital Reserve Kapitalr\u00fccklagen sind jene Zuzahlungen der einzelnen Gesellschafter in das Eigenkapital, welche die geforderten Einlagen auf das gezeichnete Kapital \u00fcbersteigen. Somit geh\u00f6ren Kapitalr\u00fccklagen auch zum Eigenkapital eines Unternehmens. Kapitalr\u00fccklagen entstehen vor allem dann, wenn Aktien bei der Emission zu einem h\u00f6heren Wert als dem Nennwert ausgegeben werden. Dieser Betrag \u00fcber dem Nennwert wird dann auch Agio bezeichnet. Betr\u00e4gt zum Beispiel der Emissionspreis einer Aktie 7 Euro und der Nennwert 1 Euro, so muss 1 Euro auf der Passivseite unter dem Posten &#8216;Gezeichnetes Kapital&#8217; verbucht werden und 6 Euro auf der Passivseite unter dem Posten &#8216;Kapitalr\u00fccklagen&#8217;. Kapitalr\u00fccklagen k\u00f6nnen dar\u00fcber&hellip;<\/p>\n","category_list_v2":"","author_info_v2":{"name":"PrudentWater","url":"https:\/\/prudentwater.com\/en\/author\/niklas33\/"},"comments_num_v2":"0 comments","_links":{"self":[{"href":"https:\/\/prudentwater.com\/en\/wp-json\/wp\/v2\/pages\/11752","targetHints":{"allow":["GET"]}}],"collection":[{"href":"https:\/\/prudentwater.com\/en\/wp-json\/wp\/v2\/pages"}],"about":[{"href":"https:\/\/prudentwater.com\/en\/wp-json\/wp\/v2\/types\/page"}],"author":[{"embeddable":true,"href":"https:\/\/prudentwater.com\/en\/wp-json\/wp\/v2\/users\/1"}],"replies":[{"embeddable":true,"href":"https:\/\/prudentwater.com\/en\/wp-json\/wp\/v2\/comments?post=11752"}],"version-history":[{"count":0,"href":"https:\/\/prudentwater.com\/en\/wp-json\/wp\/v2\/pages\/11752\/revisions"}],"wp:attachment":[{"href":"https:\/\/prudentwater.com\/en\/wp-json\/wp\/v2\/media?parent=11752"}],"curies":[{"name":"wp","href":"https:\/\/api.w.org\/{rel}","templated":true}]}}