{"id":11755,"date":"2019-01-15T17:29:17","date_gmt":"2019-01-15T17:29:17","guid":{"rendered":"http:\/\/www.kunnskap.de\/?page_id=11755"},"modified":"2021-06-25T12:49:03","modified_gmt":"2021-06-25T10:49:03","slug":"gewinnruecklagen","status":"publish","type":"page","link":"https:\/\/prudentwater.com\/en\/gewinnruecklagen\/","title":{"rendered":"Gewinnr\u00fccklagen"},"content":{"rendered":"<p>engl. <strong>Retained Earnings (RE)<\/strong><\/p>\n<p>Die Gewinnr\u00fccklagen geh\u00f6ren zum Eigenkapital eines Unternehmens und entstehen durch in der Vergangenheit erzielte, jedoch bis dato noch nicht ausgesch\u00fcttete Gewinne. Die Gewinnr\u00fccklagen bilden somit die kumulierten Jahres\u00fcbersch\u00fcsse, die nicht in Form von Dividendenzahlungen an die Aktion\u00e4re des Unternehmens oder anderweitig ausgesch\u00fcttet wurden. Au\u00dferdem kann es sich bei den Gewinnr\u00fccklagen um Gewinne aus dem laufenden Gesch\u00e4ftsjahr handeln.<\/p>\n","protected":false},"excerpt":{"rendered":"<p>engl. Retained Earnings (RE) Die Gewinnr\u00fccklagen geh\u00f6ren zum Eigenkapital eines Unternehmens und entstehen durch in der Vergangenheit erzielte, jedoch bis dato noch nicht ausgesch\u00fcttete Gewinne. Die Gewinnr\u00fccklagen bilden somit die kumulierten Jahres\u00fcbersch\u00fcsse, die nicht in Form von Dividendenzahlungen an die Aktion\u00e4re des Unternehmens oder anderweitig ausgesch\u00fcttet wurden. Au\u00dferdem kann es sich bei den Gewinnr\u00fccklagen um [&hellip;]<\/p>\n","protected":false},"author":1,"featured_media":0,"parent":0,"menu_order":0,"comment_status":"closed","ping_status":"closed","template":"","meta":{"site-sidebar-layout":"default","site-content-layout":"","ast-site-content-layout":"","site-content-style":"default","site-sidebar-style":"default","ast-global-header-display":"","ast-banner-title-visibility":"","ast-main-header-display":"","ast-hfb-above-header-display":"","ast-hfb-below-header-display":"","ast-hfb-mobile-header-display":"","site-post-title":"","ast-breadcrumbs-content":"","ast-featured-img":"","footer-sml-layout":"","theme-transparent-header-meta":"","adv-header-id-meta":"","stick-header-meta":"","header-above-stick-meta":"","header-main-stick-meta":"","header-below-stick-meta":"","astra-migrate-meta-layouts":"default","ast-page-background-enabled":"default","ast-page-background-meta":{"desktop":{"background-color":"","background-image":"","background-repeat":"repeat","background-position":"center center","background-size":"auto","background-attachment":"scroll","background-type":"","background-media":"","overlay-type":"","overlay-color":"","overlay-opacity":"","overlay-gradient":""},"tablet":{"background-color":"","background-image":"","background-repeat":"repeat","background-position":"center center","background-size":"auto","background-attachment":"scroll","background-type":"","background-media":"","overlay-type":"","overlay-color":"","overlay-opacity":"","overlay-gradient":""},"mobile":{"background-color":"","background-image":"","background-repeat":"repeat","background-position":"center center","background-size":"auto","background-attachment":"scroll","background-type":"","background-media":"","overlay-type":"","overlay-color":"","overlay-opacity":"","overlay-gradient":""}},"ast-content-background-meta":{"desktop":{"background-color":"var(--ast-global-color-5)","background-image":"","background-repeat":"repeat","background-position":"center center","background-size":"auto","background-attachment":"scroll","background-type":"","background-media":"","overlay-type":"","overlay-color":"","overlay-opacity":"","overlay-gradient":""},"tablet":{"background-color":"var(--ast-global-color-5)","background-image":"","background-repeat":"repeat","background-position":"center center","background-size":"auto","background-attachment":"scroll","background-type":"","background-media":"","overlay-type":"","overlay-color":"","overlay-opacity":"","overlay-gradient":""},"mobile":{"background-color":"var(--ast-global-color-5)","background-image":"","background-repeat":"repeat","background-position":"center center","background-size":"auto","background-attachment":"scroll","background-type":"","background-media":"","overlay-type":"","overlay-color":"","overlay-opacity":"","overlay-gradient":""}},"footnotes":""},"class_list":["post-11755","page","type-page","status-publish","hentry"],"translation":{"provider":"WPGlobus","version":"3.0.2","language":"en","enabled_languages":["de","en"],"languages":{"de":{"title":true,"content":true,"excerpt":false},"en":{"title":false,"content":false,"excerpt":false}}},"featured_image_urls_v2":{"full":"","thumbnail":"","medium":"","medium_large":"","large":"","1536x1536":"","2048x2048":""},"post_excerpt_stackable_v2":"<p>engl. Retained Earnings (RE) Die Gewinnr\u00fccklagen geh\u00f6ren zum Eigenkapital eines Unternehmens und entstehen durch in der Vergangenheit erzielte, jedoch bis dato noch nicht ausgesch\u00fcttete Gewinne. Die Gewinnr\u00fccklagen bilden somit die kumulierten Jahres\u00fcbersch\u00fcsse, die nicht in Form von Dividendenzahlungen an die Aktion\u00e4re des Unternehmens oder anderweitig ausgesch\u00fcttet wurden. Au\u00dferdem kann es sich bei den Gewinnr\u00fccklagen um Gewinne aus dem laufenden Gesch\u00e4ftsjahr handeln.<\/p>\n","category_list_v2":"","author_info_v2":{"name":"PrudentWater","url":"https:\/\/prudentwater.com\/en\/author\/niklas33\/"},"comments_num_v2":"0 comments","_links":{"self":[{"href":"https:\/\/prudentwater.com\/en\/wp-json\/wp\/v2\/pages\/11755","targetHints":{"allow":["GET"]}}],"collection":[{"href":"https:\/\/prudentwater.com\/en\/wp-json\/wp\/v2\/pages"}],"about":[{"href":"https:\/\/prudentwater.com\/en\/wp-json\/wp\/v2\/types\/page"}],"author":[{"embeddable":true,"href":"https:\/\/prudentwater.com\/en\/wp-json\/wp\/v2\/users\/1"}],"replies":[{"embeddable":true,"href":"https:\/\/prudentwater.com\/en\/wp-json\/wp\/v2\/comments?post=11755"}],"version-history":[{"count":0,"href":"https:\/\/prudentwater.com\/en\/wp-json\/wp\/v2\/pages\/11755\/revisions"}],"wp:attachment":[{"href":"https:\/\/prudentwater.com\/en\/wp-json\/wp\/v2\/media?parent=11755"}],"curies":[{"name":"wp","href":"https:\/\/api.w.org\/{rel}","templated":true}]}}