{"id":1199,"date":"2014-10-15T08:02:58","date_gmt":"2014-10-15T08:02:58","guid":{"rendered":"http:\/\/www.kunnskap.de\/?page_id=1199"},"modified":"2023-03-21T14:12:53","modified_gmt":"2023-03-21T13:12:53","slug":"isin","status":"publish","type":"page","link":"https:\/\/prudentwater.com\/en\/isin\/","title":{"rendered":"ISIN"},"content":{"rendered":"<p><strong>International Securities Identification Number (ISIN)<\/strong><\/p>\n<p>Die ISIN ist eine internationale Wertpapierkennnummer und dient dazu, ein weltweit einheitliches System f\u00fcr den Handel mit Wertpapieren zu schaffen. Sie besteht aus einem L\u00e4nderk\u00fcrzel (die ersten beiden Stellen), einer Nummer und aus einer 1-stelligen Parit\u00e4tsziffer. Die Nummer zwischen L\u00e4nderk\u00fcrzel und Parit\u00e4tsziffer ist fast immer die Wertpapierkennummer. Als Ausnahme gibt es das K\u00fcrzel XS anstelle des L\u00e4nderk\u00fcrzels. Dieses K\u00fcrzel kennzeichnet, dass das Wertpapier bei einer internationalen Verwahrstelle wie Euroclear oder Clearstream hinterlegt ist und somit l\u00e4nderunabh\u00e4ngig ist.<\/p>\n","protected":false},"excerpt":{"rendered":"<p>International Securities Identification Number (ISIN) Die ISIN ist eine internationale Wertpapierkennnummer und dient dazu, ein weltweit einheitliches System f\u00fcr den Handel mit Wertpapieren zu schaffen. Sie besteht aus einem L\u00e4nderk\u00fcrzel (die ersten beiden Stellen), einer Nummer und aus einer 1-stelligen Parit\u00e4tsziffer. Die Nummer zwischen L\u00e4nderk\u00fcrzel und Parit\u00e4tsziffer ist fast immer die Wertpapierkennummer. Als Ausnahme gibt [&hellip;]<\/p>\n","protected":false},"author":1,"featured_media":0,"parent":0,"menu_order":0,"comment_status":"closed","ping_status":"closed","template":"","meta":{"site-sidebar-layout":"default","site-content-layout":"","ast-site-content-layout":"","site-content-style":"default","site-sidebar-style":"default","ast-global-header-display":"","ast-banner-title-visibility":"","ast-main-header-display":"","ast-hfb-above-header-display":"","ast-hfb-below-header-display":"","ast-hfb-mobile-header-display":"","site-post-title":"","ast-breadcrumbs-content":"","ast-featured-img":"","footer-sml-layout":"","theme-transparent-header-meta":"","adv-header-id-meta":"","stick-header-meta":"","header-above-stick-meta":"","header-main-stick-meta":"","header-below-stick-meta":"","astra-migrate-meta-layouts":"default","ast-page-background-enabled":"default","ast-page-background-meta":{"desktop":{"background-color":"","background-image":"","background-repeat":"repeat","background-position":"center center","background-size":"auto","background-attachment":"scroll","background-type":"","background-media":"","overlay-type":"","overlay-color":"","overlay-opacity":"","overlay-gradient":""},"tablet":{"background-color":"","background-image":"","background-repeat":"repeat","background-position":"center center","background-size":"auto","background-attachment":"scroll","background-type":"","background-media":"","overlay-type":"","overlay-color":"","overlay-opacity":"","overlay-gradient":""},"mobile":{"background-color":"","background-image":"","background-repeat":"repeat","background-position":"center center","background-size":"auto","background-attachment":"scroll","background-type":"","background-media":"","overlay-type":"","overlay-color":"","overlay-opacity":"","overlay-gradient":""}},"ast-content-background-meta":{"desktop":{"background-color":"var(--ast-global-color-5)","background-image":"","background-repeat":"repeat","background-position":"center center","background-size":"auto","background-attachment":"scroll","background-type":"","background-media":"","overlay-type":"","overlay-color":"","overlay-opacity":"","overlay-gradient":""},"tablet":{"background-color":"var(--ast-global-color-5)","background-image":"","background-repeat":"repeat","background-position":"center center","background-size":"auto","background-attachment":"scroll","background-type":"","background-media":"","overlay-type":"","overlay-color":"","overlay-opacity":"","overlay-gradient":""},"mobile":{"background-color":"var(--ast-global-color-5)","background-image":"","background-repeat":"repeat","background-position":"center center","background-size":"auto","background-attachment":"scroll","background-type":"","background-media":"","overlay-type":"","overlay-color":"","overlay-opacity":"","overlay-gradient":""}},"footnotes":""},"class_list":["post-1199","page","type-page","status-publish","hentry"],"translation":{"provider":"WPGlobus","version":"3.0.2","language":"en","enabled_languages":["de","en"],"languages":{"de":{"title":true,"content":true,"excerpt":false},"en":{"title":false,"content":false,"excerpt":false}}},"featured_image_urls_v2":{"full":"","thumbnail":"","medium":"","medium_large":"","large":"","1536x1536":"","2048x2048":""},"post_excerpt_stackable_v2":"<p>International Securities Identification Number (ISIN) Die ISIN ist eine internationale Wertpapierkennnummer und dient dazu, ein weltweit einheitliches System f\u00fcr den Handel mit Wertpapieren zu schaffen. Sie besteht aus einem L\u00e4nderk\u00fcrzel (die ersten beiden Stellen), einer Nummer und aus einer 1-stelligen Parit\u00e4tsziffer. Die Nummer zwischen L\u00e4nderk\u00fcrzel und Parit\u00e4tsziffer ist fast immer die Wertpapierkennummer. Als Ausnahme gibt es das K\u00fcrzel XS anstelle des L\u00e4nderk\u00fcrzels. Dieses K\u00fcrzel kennzeichnet, dass das Wertpapier bei einer internationalen Verwahrstelle wie Euroclear oder Clearstream hinterlegt ist und somit l\u00e4nderunabh\u00e4ngig ist.<\/p>\n","category_list_v2":"","author_info_v2":{"name":"PrudentWater","url":"https:\/\/prudentwater.com\/en\/author\/niklas33\/"},"comments_num_v2":"0 comments","_links":{"self":[{"href":"https:\/\/prudentwater.com\/en\/wp-json\/wp\/v2\/pages\/1199","targetHints":{"allow":["GET"]}}],"collection":[{"href":"https:\/\/prudentwater.com\/en\/wp-json\/wp\/v2\/pages"}],"about":[{"href":"https:\/\/prudentwater.com\/en\/wp-json\/wp\/v2\/types\/page"}],"author":[{"embeddable":true,"href":"https:\/\/prudentwater.com\/en\/wp-json\/wp\/v2\/users\/1"}],"replies":[{"embeddable":true,"href":"https:\/\/prudentwater.com\/en\/wp-json\/wp\/v2\/comments?post=1199"}],"version-history":[{"count":0,"href":"https:\/\/prudentwater.com\/en\/wp-json\/wp\/v2\/pages\/1199\/revisions"}],"wp:attachment":[{"href":"https:\/\/prudentwater.com\/en\/wp-json\/wp\/v2\/media?parent=1199"}],"curies":[{"name":"wp","href":"https:\/\/api.w.org\/{rel}","templated":true}]}}