{"id":1202,"date":"2014-10-15T09:34:21","date_gmt":"2014-10-15T09:34:21","guid":{"rendered":"http:\/\/www.kunnskap.de\/?page_id=1202"},"modified":"2022-03-04T14:44:23","modified_gmt":"2022-03-04T13:44:23","slug":"realzins","status":"publish","type":"page","link":"https:\/\/prudentwater.com\/en\/realzins\/","title":{"rendered":"Realzins"},"content":{"rendered":"<p>Auch <strong>Realer Zinssatz<\/strong><br \/>\nengl. <strong>Real Interest Rate<\/strong><\/p>\n<p>Der Realzins ist der j\u00e4hrlich erzielte und in Prozent ausgedr\u00fcckte Zinsertrag des angelegten Kapitals unter Ber\u00fccksichtigung der Inflation bzw. der Deflation. Zur Berechnung wird der Nominalzins und die Inflationsrate \/ Deflationsrate herangezogen.<\/p>\n<hr>\n<h6>Berechnung:<\/h6>\n<p><center><img loading=\"lazy\" decoding=\"async\" src=\"https:\/\/prudentwater.com\/wp-content\/uploads\/2021\/11\/Realzins.png\" alt=\"realzins\" class=\"alignnone size-full wp-image-7744\" width=\"486\" height=\"44\" title=\"\"><\/center><\/p>\n<hr>\n<p>Liegt der Nominalzins bei 4 % und die j\u00e4hrliche Inflationsrate bei 1.5 %, so betr\u00e4gt der Realzins 2.5 %. Herrscht jedoch eine negative Inflationsrate (Deflation) von 0.75 %, so betr\u00e4gt der Realzins 4.75 %. Der Realzins kann aber auch negativ sein, wenn die Inflationsrate \u00fcber dem Nominalzins liegt. In diesem Fall liegt ein negativer Realzins vor.<\/p>\n<h3>Auswirkungen der Entwicklung des Realzinses auf die Finanzm\u00e4rkte<\/h3>\n<p>Die Entwicklung des Realzinses hat generell gro\u00dfe Auswirkungen auf die Entwicklung der Finanzm\u00e4rkte und im Besonderen auf die Entwicklung der Aktienm\u00e4rkte. Steigt der Realzins an, so f\u00fchrt dies zeitgleich immer auch zu einer Neubewertung von Risikoanlageklassen wie von hoch verschuldeten, stark \u00fcberbewerteten oder nicht profitablen Aktienunternehmen. Diese Anlageklassen leiden oftmals unter einem steigenden Realzins, denn schlie\u00dflich werden sichere und bonit\u00e4tsstarke Staatsanleihen attraktiver f\u00fcr Investoren, wenn deren Realverzinsung steigt. Dies f\u00fchrt jedoch auch zeitgleich dazu, dass andere Anlageklassen mit h\u00f6herem Risiko und \u00e4hnlicher Rendite unattraktiver werden. H\u00f6here Realzinsen f\u00fchren zu h\u00f6heren Finanzierungskosten, wodurch hoch verschuldete Unternehmen noch weiter an finanzieller Stabilit\u00e4t einb\u00fc\u00dfen, da ihre Zinslast schrittweise steigt und als Konsequenz dessen deren Aktienkurse oftmals fallen. Stark \u00fcberbewertete (Technologie-) Unternehmen hingegen haben aus Mangel an Alternativen von den niedrigen Zinsen profitieren. Dieser Vorteil wird ihnen nun aber genommen, weshalb auch diese Anlageklasse oftmals unter steigenden Zinsen leidet. Au\u00dferdem leiden hochbewertete und schnell wachsende Unternehmen besonders stark, weil steigende Zinsen den aktuellen Wert ihrer prognostizierten zuk\u00fcnftigen Cashflows mindern.<\/p>\n","protected":false},"excerpt":{"rendered":"<p>Auch Realer Zinssatz engl. Real Interest Rate Der Realzins ist der j\u00e4hrlich erzielte und in Prozent ausgedr\u00fcckte Zinsertrag des angelegten Kapitals unter Ber\u00fccksichtigung der Inflation bzw. der Deflation. Zur Berechnung wird der Nominalzins und die Inflationsrate \/ Deflationsrate herangezogen. Berechnung: Liegt der Nominalzins bei 4 % und die j\u00e4hrliche Inflationsrate bei 1.5 %, so betr\u00e4gt [&hellip;]<\/p>\n","protected":false},"author":1,"featured_media":0,"parent":0,"menu_order":0,"comment_status":"closed","ping_status":"closed","template":"","meta":{"site-sidebar-layout":"default","site-content-layout":"default","ast-site-content-layout":"","site-content-style":"default","site-sidebar-style":"default","ast-global-header-display":"","ast-banner-title-visibility":"","ast-main-header-display":"","ast-hfb-above-header-display":"","ast-hfb-below-header-display":"","ast-hfb-mobile-header-display":"","site-post-title":"","ast-breadcrumbs-content":"","ast-featured-img":"","footer-sml-layout":"","theme-transparent-header-meta":"default","adv-header-id-meta":"","stick-header-meta":"","header-above-stick-meta":"","header-main-stick-meta":"","header-below-stick-meta":"","astra-migrate-meta-layouts":"default","ast-page-background-enabled":"default","ast-page-background-meta":{"desktop":{"background-color":"","background-image":"","background-repeat":"repeat","background-position":"center center","background-size":"auto","background-attachment":"scroll","background-type":"","background-media":"","overlay-type":"","overlay-color":"","overlay-opacity":"","overlay-gradient":""},"tablet":{"background-color":"","background-image":"","background-repeat":"repeat","background-position":"center center","background-size":"auto","background-attachment":"scroll","background-type":"","background-media":"","overlay-type":"","overlay-color":"","overlay-opacity":"","overlay-gradient":""},"mobile":{"background-color":"","background-image":"","background-repeat":"repeat","background-position":"center center","background-size":"auto","background-attachment":"scroll","background-type":"","background-media":"","overlay-type":"","overlay-color":"","overlay-opacity":"","overlay-gradient":""}},"ast-content-background-meta":{"desktop":{"background-color":"var(--ast-global-color-5)","background-image":"","background-repeat":"repeat","background-position":"center center","background-size":"auto","background-attachment":"scroll","background-type":"","background-media":"","overlay-type":"","overlay-color":"","overlay-opacity":"","overlay-gradient":""},"tablet":{"background-color":"var(--ast-global-color-5)","background-image":"","background-repeat":"repeat","background-position":"center center","background-size":"auto","background-attachment":"scroll","background-type":"","background-media":"","overlay-type":"","overlay-color":"","overlay-opacity":"","overlay-gradient":""},"mobile":{"background-color":"var(--ast-global-color-5)","background-image":"","background-repeat":"repeat","background-position":"center center","background-size":"auto","background-attachment":"scroll","background-type":"","background-media":"","overlay-type":"","overlay-color":"","overlay-opacity":"","overlay-gradient":""}},"footnotes":""},"class_list":["post-1202","page","type-page","status-publish","hentry"],"translation":{"provider":"WPGlobus","version":"3.0.2","language":"en","enabled_languages":["de","en"],"languages":{"de":{"title":true,"content":true,"excerpt":false},"en":{"title":false,"content":false,"excerpt":false}}},"featured_image_urls_v2":{"full":"","thumbnail":"","medium":"","medium_large":"","large":"","1536x1536":"","2048x2048":""},"post_excerpt_stackable_v2":"<p>Auch Realer Zinssatz engl. Real Interest Rate Der Realzins ist der j\u00e4hrlich erzielte und in Prozent ausgedr\u00fcckte Zinsertrag des angelegten Kapitals unter Ber\u00fccksichtigung der Inflation bzw. der Deflation. Zur Berechnung wird der Nominalzins und die Inflationsrate \/ Deflationsrate herangezogen. Berechnung: Liegt der Nominalzins bei 4 % und die j\u00e4hrliche Inflationsrate bei 1.5 %, so betr\u00e4gt der Realzins 2.5 %. Herrscht jedoch eine negative Inflationsrate (Deflation) von 0.75 %, so betr\u00e4gt der Realzins 4.75 %. Der Realzins kann aber auch negativ sein, wenn die Inflationsrate \u00fcber dem Nominalzins liegt. In diesem Fall liegt ein negativer Realzins vor. Auswirkungen der Entwicklung des&hellip;<\/p>\n","category_list_v2":"","author_info_v2":{"name":"PrudentWater","url":"https:\/\/prudentwater.com\/en\/author\/niklas33\/"},"comments_num_v2":"0 comments","_links":{"self":[{"href":"https:\/\/prudentwater.com\/en\/wp-json\/wp\/v2\/pages\/1202","targetHints":{"allow":["GET"]}}],"collection":[{"href":"https:\/\/prudentwater.com\/en\/wp-json\/wp\/v2\/pages"}],"about":[{"href":"https:\/\/prudentwater.com\/en\/wp-json\/wp\/v2\/types\/page"}],"author":[{"embeddable":true,"href":"https:\/\/prudentwater.com\/en\/wp-json\/wp\/v2\/users\/1"}],"replies":[{"embeddable":true,"href":"https:\/\/prudentwater.com\/en\/wp-json\/wp\/v2\/comments?post=1202"}],"version-history":[{"count":0,"href":"https:\/\/prudentwater.com\/en\/wp-json\/wp\/v2\/pages\/1202\/revisions"}],"wp:attachment":[{"href":"https:\/\/prudentwater.com\/en\/wp-json\/wp\/v2\/media?parent=1202"}],"curies":[{"name":"wp","href":"https:\/\/api.w.org\/{rel}","templated":true}]}}