{"id":1207,"date":"2014-10-15T11:06:20","date_gmt":"2014-10-15T11:06:20","guid":{"rendered":"http:\/\/www.kunnskap.de\/?page_id=1207"},"modified":"2021-06-25T12:50:10","modified_gmt":"2021-06-25T10:50:10","slug":"schwellenland","status":"publish","type":"page","link":"https:\/\/prudentwater.com\/en\/schwellenland\/","title":{"rendered":"Schwellenland"},"content":{"rendered":"<p>engl. <strong>Emerging Market<\/strong> oder <strong>Newly Industrializing Economies<\/strong><\/p>\n<p>Ein Schwellenland ist ein Entwicklungsland, das eine wirtschaftliche Eigendynamik sowie deutliche Industrialisierungsfortschritte erzielen konnte und sich damit auf den Weg zu einer Industrienation befindet. Es wird noch als Entwicklungsland gesehen, es weist jedoch nicht mehr die typischen Merkmale auf (z.B. sehr geringes Pro-Kopf-Einkommen oder hohe Auslandsverschuldung). Es handelt sich somit um ein fortgeschrittenes Entwicklungsland. Ein Schwellenland erzielt vergleichsweise hohe Wachstumsraten innerhalb der Wirtschaft. Vor allem auch im Dienstleistungssektor erzielt ein Schwellenland hohe Steigerungsraten und ist dabei diesen schrittweise auszubauen. Deshalb wird die Entwicklung eines Schwellenlandes auch als &#8220;Entwicklung vom Agrarstaat zum Industrie- und Dienstleistungsland&#8221; bezeichnet.<br \/>\nSoziale Indikatoren wie z.B. die Alphabetisierungsrate, politische Stabilit\u00e4t, die Lebenserwartung oder die Kriminalit\u00e4t liegen meistens noch deutlich hinter denen der Industrienationen. Auch der Umweltschutz macht in Schwellenl\u00e4ndern nur einen m\u00e4\u00dfigen und langsamen Fortschritt. Kritiker begr\u00fcnden auch damit die hohen Wirtschaftsraten. Indem Schwellenl\u00e4nder den Umweltschutz und soziale Entwicklungsindikatoren vernachl\u00e4ssigen, k\u00f6nne mehr Profit durch die Unternehmen erzielt werden, so die h\u00e4ufige Kritik an Schwellenl\u00e4nder.<\/p>\n","protected":false},"excerpt":{"rendered":"<p>engl. Emerging Market oder Newly Industrializing Economies Ein Schwellenland ist ein Entwicklungsland, das eine wirtschaftliche Eigendynamik sowie deutliche Industrialisierungsfortschritte erzielen konnte und sich damit auf den Weg zu einer Industrienation befindet. Es wird noch als Entwicklungsland gesehen, es weist jedoch nicht mehr die typischen Merkmale auf (z.B. sehr geringes Pro-Kopf-Einkommen oder hohe Auslandsverschuldung). Es handelt [&hellip;]<\/p>\n","protected":false},"author":1,"featured_media":0,"parent":0,"menu_order":0,"comment_status":"closed","ping_status":"closed","template":"","meta":{"site-sidebar-layout":"default","site-content-layout":"","ast-site-content-layout":"","site-content-style":"default","site-sidebar-style":"default","ast-global-header-display":"","ast-banner-title-visibility":"","ast-main-header-display":"","ast-hfb-above-header-display":"","ast-hfb-below-header-display":"","ast-hfb-mobile-header-display":"","site-post-title":"","ast-breadcrumbs-content":"","ast-featured-img":"","footer-sml-layout":"","theme-transparent-header-meta":"","adv-header-id-meta":"","stick-header-meta":"","header-above-stick-meta":"","header-main-stick-meta":"","header-below-stick-meta":"","astra-migrate-meta-layouts":"default","ast-page-background-enabled":"default","ast-page-background-meta":{"desktop":{"background-color":"","background-image":"","background-repeat":"repeat","background-position":"center center","background-size":"auto","background-attachment":"scroll","background-type":"","background-media":"","overlay-type":"","overlay-color":"","overlay-opacity":"","overlay-gradient":""},"tablet":{"background-color":"","background-image":"","background-repeat":"repeat","background-position":"center center","background-size":"auto","background-attachment":"scroll","background-type":"","background-media":"","overlay-type":"","overlay-color":"","overlay-opacity":"","overlay-gradient":""},"mobile":{"background-color":"","background-image":"","background-repeat":"repeat","background-position":"center center","background-size":"auto","background-attachment":"scroll","background-type":"","background-media":"","overlay-type":"","overlay-color":"","overlay-opacity":"","overlay-gradient":""}},"ast-content-background-meta":{"desktop":{"background-color":"var(--ast-global-color-5)","background-image":"","background-repeat":"repeat","background-position":"center center","background-size":"auto","background-attachment":"scroll","background-type":"","background-media":"","overlay-type":"","overlay-color":"","overlay-opacity":"","overlay-gradient":""},"tablet":{"background-color":"var(--ast-global-color-5)","background-image":"","background-repeat":"repeat","background-position":"center center","background-size":"auto","background-attachment":"scroll","background-type":"","background-media":"","overlay-type":"","overlay-color":"","overlay-opacity":"","overlay-gradient":""},"mobile":{"background-color":"var(--ast-global-color-5)","background-image":"","background-repeat":"repeat","background-position":"center center","background-size":"auto","background-attachment":"scroll","background-type":"","background-media":"","overlay-type":"","overlay-color":"","overlay-opacity":"","overlay-gradient":""}},"footnotes":""},"class_list":["post-1207","page","type-page","status-publish","hentry"],"translation":{"provider":"WPGlobus","version":"3.0.2","language":"en","enabled_languages":["de","en"],"languages":{"de":{"title":true,"content":true,"excerpt":false},"en":{"title":false,"content":false,"excerpt":false}}},"featured_image_urls_v2":{"full":"","thumbnail":"","medium":"","medium_large":"","large":"","1536x1536":"","2048x2048":""},"post_excerpt_stackable_v2":"<p>engl. Emerging Market oder Newly Industrializing Economies Ein Schwellenland ist ein Entwicklungsland, das eine wirtschaftliche Eigendynamik sowie deutliche Industrialisierungsfortschritte erzielen konnte und sich damit auf den Weg zu einer Industrienation befindet. Es wird noch als Entwicklungsland gesehen, es weist jedoch nicht mehr die typischen Merkmale auf (z.B. sehr geringes Pro-Kopf-Einkommen oder hohe Auslandsverschuldung). Es handelt sich somit um ein fortgeschrittenes Entwicklungsland. Ein Schwellenland erzielt vergleichsweise hohe Wachstumsraten innerhalb der Wirtschaft. Vor allem auch im Dienstleistungssektor erzielt ein Schwellenland hohe Steigerungsraten und ist dabei diesen schrittweise auszubauen. Deshalb wird die Entwicklung eines Schwellenlandes auch als &#8220;Entwicklung vom Agrarstaat zum Industrie- und&hellip;<\/p>\n","category_list_v2":"","author_info_v2":{"name":"PrudentWater","url":"https:\/\/prudentwater.com\/en\/author\/niklas33\/"},"comments_num_v2":"0 comments","_links":{"self":[{"href":"https:\/\/prudentwater.com\/en\/wp-json\/wp\/v2\/pages\/1207","targetHints":{"allow":["GET"]}}],"collection":[{"href":"https:\/\/prudentwater.com\/en\/wp-json\/wp\/v2\/pages"}],"about":[{"href":"https:\/\/prudentwater.com\/en\/wp-json\/wp\/v2\/types\/page"}],"author":[{"embeddable":true,"href":"https:\/\/prudentwater.com\/en\/wp-json\/wp\/v2\/users\/1"}],"replies":[{"embeddable":true,"href":"https:\/\/prudentwater.com\/en\/wp-json\/wp\/v2\/comments?post=1207"}],"version-history":[{"count":0,"href":"https:\/\/prudentwater.com\/en\/wp-json\/wp\/v2\/pages\/1207\/revisions"}],"wp:attachment":[{"href":"https:\/\/prudentwater.com\/en\/wp-json\/wp\/v2\/media?parent=1207"}],"curies":[{"name":"wp","href":"https:\/\/api.w.org\/{rel}","templated":true}]}}