{"id":1214,"date":"2014-10-15T11:39:00","date_gmt":"2014-10-15T11:39:00","guid":{"rendered":"http:\/\/www.kunnskap.de\/?page_id=1214"},"modified":"2021-06-25T12:48:59","modified_gmt":"2021-06-25T10:48:59","slug":"entwicklungsland","status":"publish","type":"page","link":"https:\/\/prudentwater.com\/en\/entwicklungsland\/","title":{"rendered":"Entwicklungsland"},"content":{"rendered":"<p>engl. <strong>Developing Country<\/strong><\/p>\n<p>Ein Entwicklungsland weist in wirtschaftlichen, sozialen und politischen Beereichen noch erhebliche Defizite im Vergleich zu durchschnittlich entwickelten L\u00e4ndern auf. <\/p>\n<p>Folgende negative Merkmale werden mit einem Entwicklungsland verbunden:<\/p>\n<ul>\n<li>Hohe Armut; niedriges Pro-Kopf-Einkommen<\/li>\n<li>Schlechte bzw. keine Bildungsm\u00f6glichkeiten f\u00fcr Kinder; allgemein niedriger Bildungsstand<\/li>\n<li>Hohe Arbeitslosigkeit; daraus resultierender niedriger Lebensstandard<\/li>\n<li>Ungleiche Versorgung der Nahrungsmittel<\/li>\n<li>Mangel an technischen Entwicklungen<\/li>\n<\/ul>\n<p>Ein Entwicklungsland hat es oftmals schwer, Kapital durch ausl\u00e4ndische Investoren zu erhalten. Grund daf\u00fcr ist das Fehlen eines entwickelten Finanzmarktes, der es erlaubt, ausl\u00e4ndisches Kapital ins Land zu bringen. B\u00f6rsen in Entwicklungsl\u00e4nder sind, wenn \u00fcberhaupt, nur schwer zug\u00e4nglich f\u00fcr ausl\u00e4ndische Investoren.<\/p>\n","protected":false},"excerpt":{"rendered":"<p>engl. Developing Country Ein Entwicklungsland weist in wirtschaftlichen, sozialen und politischen Beereichen noch erhebliche Defizite im Vergleich zu durchschnittlich entwickelten L\u00e4ndern auf. Folgende negative Merkmale werden mit einem Entwicklungsland verbunden: Hohe Armut; niedriges Pro-Kopf-Einkommen Schlechte bzw. keine Bildungsm\u00f6glichkeiten f\u00fcr Kinder; allgemein niedriger Bildungsstand Hohe Arbeitslosigkeit; daraus resultierender niedriger Lebensstandard Ungleiche Versorgung der Nahrungsmittel Mangel an [&hellip;]<\/p>\n","protected":false},"author":1,"featured_media":0,"parent":0,"menu_order":0,"comment_status":"closed","ping_status":"closed","template":"","meta":{"site-sidebar-layout":"default","site-content-layout":"","ast-site-content-layout":"","site-content-style":"default","site-sidebar-style":"default","ast-global-header-display":"","ast-banner-title-visibility":"","ast-main-header-display":"","ast-hfb-above-header-display":"","ast-hfb-below-header-display":"","ast-hfb-mobile-header-display":"","site-post-title":"","ast-breadcrumbs-content":"","ast-featured-img":"","footer-sml-layout":"","theme-transparent-header-meta":"","adv-header-id-meta":"","stick-header-meta":"","header-above-stick-meta":"","header-main-stick-meta":"","header-below-stick-meta":"","astra-migrate-meta-layouts":"default","ast-page-background-enabled":"default","ast-page-background-meta":{"desktop":{"background-color":"","background-image":"","background-repeat":"repeat","background-position":"center center","background-size":"auto","background-attachment":"scroll","background-type":"","background-media":"","overlay-type":"","overlay-color":"","overlay-opacity":"","overlay-gradient":""},"tablet":{"background-color":"","background-image":"","background-repeat":"repeat","background-position":"center center","background-size":"auto","background-attachment":"scroll","background-type":"","background-media":"","overlay-type":"","overlay-color":"","overlay-opacity":"","overlay-gradient":""},"mobile":{"background-color":"","background-image":"","background-repeat":"repeat","background-position":"center center","background-size":"auto","background-attachment":"scroll","background-type":"","background-media":"","overlay-type":"","overlay-color":"","overlay-opacity":"","overlay-gradient":""}},"ast-content-background-meta":{"desktop":{"background-color":"var(--ast-global-color-5)","background-image":"","background-repeat":"repeat","background-position":"center center","background-size":"auto","background-attachment":"scroll","background-type":"","background-media":"","overlay-type":"","overlay-color":"","overlay-opacity":"","overlay-gradient":""},"tablet":{"background-color":"var(--ast-global-color-5)","background-image":"","background-repeat":"repeat","background-position":"center center","background-size":"auto","background-attachment":"scroll","background-type":"","background-media":"","overlay-type":"","overlay-color":"","overlay-opacity":"","overlay-gradient":""},"mobile":{"background-color":"var(--ast-global-color-5)","background-image":"","background-repeat":"repeat","background-position":"center center","background-size":"auto","background-attachment":"scroll","background-type":"","background-media":"","overlay-type":"","overlay-color":"","overlay-opacity":"","overlay-gradient":""}},"footnotes":""},"class_list":["post-1214","page","type-page","status-publish","hentry"],"translation":{"provider":"WPGlobus","version":"3.0.2","language":"en","enabled_languages":["de","en"],"languages":{"de":{"title":true,"content":true,"excerpt":false},"en":{"title":false,"content":false,"excerpt":false}}},"featured_image_urls_v2":{"full":"","thumbnail":"","medium":"","medium_large":"","large":"","1536x1536":"","2048x2048":""},"post_excerpt_stackable_v2":"<p>engl. Developing Country Ein Entwicklungsland weist in wirtschaftlichen, sozialen und politischen Beereichen noch erhebliche Defizite im Vergleich zu durchschnittlich entwickelten L\u00e4ndern auf. Folgende negative Merkmale werden mit einem Entwicklungsland verbunden: Hohe Armut; niedriges Pro-Kopf-Einkommen Schlechte bzw. keine Bildungsm\u00f6glichkeiten f\u00fcr Kinder; allgemein niedriger Bildungsstand Hohe Arbeitslosigkeit; daraus resultierender niedriger Lebensstandard Ungleiche Versorgung der Nahrungsmittel Mangel an technischen Entwicklungen Ein Entwicklungsland hat es oftmals schwer, Kapital durch ausl\u00e4ndische Investoren zu erhalten. Grund daf\u00fcr ist das Fehlen eines entwickelten Finanzmarktes, der es erlaubt, ausl\u00e4ndisches Kapital ins Land zu bringen. B\u00f6rsen in Entwicklungsl\u00e4nder sind, wenn \u00fcberhaupt, nur schwer zug\u00e4nglich f\u00fcr ausl\u00e4ndische Investoren.<\/p>\n","category_list_v2":"","author_info_v2":{"name":"PrudentWater","url":"https:\/\/prudentwater.com\/en\/author\/niklas33\/"},"comments_num_v2":"0 comments","_links":{"self":[{"href":"https:\/\/prudentwater.com\/en\/wp-json\/wp\/v2\/pages\/1214","targetHints":{"allow":["GET"]}}],"collection":[{"href":"https:\/\/prudentwater.com\/en\/wp-json\/wp\/v2\/pages"}],"about":[{"href":"https:\/\/prudentwater.com\/en\/wp-json\/wp\/v2\/types\/page"}],"author":[{"embeddable":true,"href":"https:\/\/prudentwater.com\/en\/wp-json\/wp\/v2\/users\/1"}],"replies":[{"embeddable":true,"href":"https:\/\/prudentwater.com\/en\/wp-json\/wp\/v2\/comments?post=1214"}],"version-history":[{"count":0,"href":"https:\/\/prudentwater.com\/en\/wp-json\/wp\/v2\/pages\/1214\/revisions"}],"wp:attachment":[{"href":"https:\/\/prudentwater.com\/en\/wp-json\/wp\/v2\/media?parent=1214"}],"curies":[{"name":"wp","href":"https:\/\/api.w.org\/{rel}","templated":true}]}}