{"id":1217,"date":"2014-10-15T18:04:37","date_gmt":"2014-10-15T18:04:37","guid":{"rendered":"http:\/\/www.kunnskap.de\/?page_id=1217"},"modified":"2021-06-25T12:49:38","modified_gmt":"2021-06-25T10:49:38","slug":"outright-monetary-transactions","status":"publish","type":"page","link":"https:\/\/prudentwater.com\/en\/outright-monetary-transactions\/","title":{"rendered":"Outright Monetary Transactions"},"content":{"rendered":"<p>Auch <strong>Geldpolitische Outright-Gesch\u00e4fte<\/strong> oder <strong>(OMT)<\/strong><\/p>\n<p>Ein Programm der Europ\u00e4ischen Zentralbank zum Aufkauf von Staatsanleihen. Mit dem Programm werden Staatsanleihen angeschlagener Eurol\u00e4nder im vorher nicht bestimmten Ausma\u00df auf dem Sekund\u00e4rmarkt gekauft. Ziel dabei ist es, den Geldmarkt im Euro-W\u00e4hrungsbereich besser stabilisieren zu wollen. Durch den unbeschr\u00e4nkten Aufkauf von Staatsanleihen von Peripheriel\u00e4ndern der Euro-Zone hat die EZB das vorher g\u00fcltige Programm &#8220;Securities Markets Programme&#8221; eingestellt.<br \/>\nDer Kern des Programmes ist es, die Finanzierungsbedingungen der Realwirtschaft besser mit den Leitzinsen der EZB in Einklang zu bringen. So sollen die Zinsen f\u00fcr Staatstitel der angeschlagenen Staaten verringert werden, damit die Staaten leichter und zu g\u00fcnstigeren Konditionen Geld (Kredite) aufnehmen k\u00f6nnen.<br \/>\nBeim Kauf sollen Anleihen mit einer Laufzeit zwischen einem und drei Jahren ber\u00fccksichtigt werden.<\/p>\n","protected":false},"excerpt":{"rendered":"<p>Auch Geldpolitische Outright-Gesch\u00e4fte oder (OMT) Ein Programm der Europ\u00e4ischen Zentralbank zum Aufkauf von Staatsanleihen. Mit dem Programm werden Staatsanleihen angeschlagener Eurol\u00e4nder im vorher nicht bestimmten Ausma\u00df auf dem Sekund\u00e4rmarkt gekauft. Ziel dabei ist es, den Geldmarkt im Euro-W\u00e4hrungsbereich besser stabilisieren zu wollen. Durch den unbeschr\u00e4nkten Aufkauf von Staatsanleihen von Peripheriel\u00e4ndern der Euro-Zone hat die EZB [&hellip;]<\/p>\n","protected":false},"author":1,"featured_media":0,"parent":0,"menu_order":0,"comment_status":"closed","ping_status":"closed","template":"","meta":{"site-sidebar-layout":"default","site-content-layout":"","ast-site-content-layout":"","site-content-style":"default","site-sidebar-style":"default","ast-global-header-display":"","ast-banner-title-visibility":"","ast-main-header-display":"","ast-hfb-above-header-display":"","ast-hfb-below-header-display":"","ast-hfb-mobile-header-display":"","site-post-title":"","ast-breadcrumbs-content":"","ast-featured-img":"","footer-sml-layout":"","theme-transparent-header-meta":"","adv-header-id-meta":"","stick-header-meta":"","header-above-stick-meta":"","header-main-stick-meta":"","header-below-stick-meta":"","astra-migrate-meta-layouts":"default","ast-page-background-enabled":"default","ast-page-background-meta":{"desktop":{"background-color":"","background-image":"","background-repeat":"repeat","background-position":"center center","background-size":"auto","background-attachment":"scroll","background-type":"","background-media":"","overlay-type":"","overlay-color":"","overlay-opacity":"","overlay-gradient":""},"tablet":{"background-color":"","background-image":"","background-repeat":"repeat","background-position":"center center","background-size":"auto","background-attachment":"scroll","background-type":"","background-media":"","overlay-type":"","overlay-color":"","overlay-opacity":"","overlay-gradient":""},"mobile":{"background-color":"","background-image":"","background-repeat":"repeat","background-position":"center center","background-size":"auto","background-attachment":"scroll","background-type":"","background-media":"","overlay-type":"","overlay-color":"","overlay-opacity":"","overlay-gradient":""}},"ast-content-background-meta":{"desktop":{"background-color":"var(--ast-global-color-5)","background-image":"","background-repeat":"repeat","background-position":"center center","background-size":"auto","background-attachment":"scroll","background-type":"","background-media":"","overlay-type":"","overlay-color":"","overlay-opacity":"","overlay-gradient":""},"tablet":{"background-color":"var(--ast-global-color-5)","background-image":"","background-repeat":"repeat","background-position":"center center","background-size":"auto","background-attachment":"scroll","background-type":"","background-media":"","overlay-type":"","overlay-color":"","overlay-opacity":"","overlay-gradient":""},"mobile":{"background-color":"var(--ast-global-color-5)","background-image":"","background-repeat":"repeat","background-position":"center center","background-size":"auto","background-attachment":"scroll","background-type":"","background-media":"","overlay-type":"","overlay-color":"","overlay-opacity":"","overlay-gradient":""}},"footnotes":""},"class_list":["post-1217","page","type-page","status-publish","hentry"],"translation":{"provider":"WPGlobus","version":"3.0.2","language":"en","enabled_languages":["de","en"],"languages":{"de":{"title":true,"content":true,"excerpt":false},"en":{"title":false,"content":false,"excerpt":false}}},"featured_image_urls_v2":{"full":"","thumbnail":"","medium":"","medium_large":"","large":"","1536x1536":"","2048x2048":""},"post_excerpt_stackable_v2":"<p>Auch Geldpolitische Outright-Gesch\u00e4fte oder (OMT) Ein Programm der Europ\u00e4ischen Zentralbank zum Aufkauf von Staatsanleihen. Mit dem Programm werden Staatsanleihen angeschlagener Eurol\u00e4nder im vorher nicht bestimmten Ausma\u00df auf dem Sekund\u00e4rmarkt gekauft. Ziel dabei ist es, den Geldmarkt im Euro-W\u00e4hrungsbereich besser stabilisieren zu wollen. Durch den unbeschr\u00e4nkten Aufkauf von Staatsanleihen von Peripheriel\u00e4ndern der Euro-Zone hat die EZB das vorher g\u00fcltige Programm &#8220;Securities Markets Programme&#8221; eingestellt. Der Kern des Programmes ist es, die Finanzierungsbedingungen der Realwirtschaft besser mit den Leitzinsen der EZB in Einklang zu bringen. So sollen die Zinsen f\u00fcr Staatstitel der angeschlagenen Staaten verringert werden, damit die Staaten leichter und zu&hellip;<\/p>\n","category_list_v2":"","author_info_v2":{"name":"PrudentWater","url":"https:\/\/prudentwater.com\/en\/author\/niklas33\/"},"comments_num_v2":"0 comments","_links":{"self":[{"href":"https:\/\/prudentwater.com\/en\/wp-json\/wp\/v2\/pages\/1217","targetHints":{"allow":["GET"]}}],"collection":[{"href":"https:\/\/prudentwater.com\/en\/wp-json\/wp\/v2\/pages"}],"about":[{"href":"https:\/\/prudentwater.com\/en\/wp-json\/wp\/v2\/types\/page"}],"author":[{"embeddable":true,"href":"https:\/\/prudentwater.com\/en\/wp-json\/wp\/v2\/users\/1"}],"replies":[{"embeddable":true,"href":"https:\/\/prudentwater.com\/en\/wp-json\/wp\/v2\/comments?post=1217"}],"version-history":[{"count":0,"href":"https:\/\/prudentwater.com\/en\/wp-json\/wp\/v2\/pages\/1217\/revisions"}],"wp:attachment":[{"href":"https:\/\/prudentwater.com\/en\/wp-json\/wp\/v2\/media?parent=1217"}],"curies":[{"name":"wp","href":"https:\/\/api.w.org\/{rel}","templated":true}]}}