{"id":1220,"date":"2014-10-15T18:42:20","date_gmt":"2014-10-15T18:42:20","guid":{"rendered":"http:\/\/www.kunnskap.de\/?page_id=1220"},"modified":"2021-06-25T12:50:10","modified_gmt":"2021-06-25T10:50:10","slug":"sekundarmarkt","status":"publish","type":"page","link":"https:\/\/prudentwater.com\/en\/sekundarmarkt\/","title":{"rendered":"Sekund\u00e4rmarkt"},"content":{"rendered":"<p>Auch <strong>Umlaufmarkt<\/strong><br \/>\nengl. <strong>Secondary Market<\/strong><\/p>\n<p>Auf dem Sekund\u00e4rmarkt werden Wertpapiere nach ihrer Emission gehandelt. W\u00e4hrend der Emission werden Wertpapiere erstmalig auf dem Prim\u00e4rmarkt an meist institutionelle Anleger angeboten. Verkaufen diese Anleger anschlie\u00dfend diese Wertpapiere an z.B. private Anleger weiter, findet dieser Handel dann anschlie\u00dfend auf dem Sekund\u00e4rmarkt statt. Somit findet der erstmalige Handel neuer Wertpapiere auf dem Prim\u00e4rmarkt statt, der anschlie\u00dfende weitere Handel mit den Wertpapieren findet dann auf dem Sekund\u00e4rmarkt statt. Die Wertpapierb\u00f6rse ist die \u00fcbliche Form des Sekund\u00e4rmarktes. An ihr werden bereits im Umlauf befindliche Wertpapiere gehandelt.<br \/>\nAuf dem Sekund\u00e4rmarkt richtet sich der Preis nach der vorhandenen Anzahl der Wertpapiere. Auf dem Prim\u00e4rmarkt wird durch die Nachfrage entschieden, wie viele Wertpapiere ein Emittent ausgeben kann.<\/p>\n","protected":false},"excerpt":{"rendered":"<p>Auch Umlaufmarkt engl. Secondary Market Auf dem Sekund\u00e4rmarkt werden Wertpapiere nach ihrer Emission gehandelt. W\u00e4hrend der Emission werden Wertpapiere erstmalig auf dem Prim\u00e4rmarkt an meist institutionelle Anleger angeboten. Verkaufen diese Anleger anschlie\u00dfend diese Wertpapiere an z.B. private Anleger weiter, findet dieser Handel dann anschlie\u00dfend auf dem Sekund\u00e4rmarkt statt. Somit findet der erstmalige Handel neuer Wertpapiere [&hellip;]<\/p>\n","protected":false},"author":1,"featured_media":0,"parent":0,"menu_order":0,"comment_status":"closed","ping_status":"closed","template":"","meta":{"site-sidebar-layout":"default","site-content-layout":"","ast-site-content-layout":"","site-content-style":"default","site-sidebar-style":"default","ast-global-header-display":"","ast-banner-title-visibility":"","ast-main-header-display":"","ast-hfb-above-header-display":"","ast-hfb-below-header-display":"","ast-hfb-mobile-header-display":"","site-post-title":"","ast-breadcrumbs-content":"","ast-featured-img":"","footer-sml-layout":"","theme-transparent-header-meta":"","adv-header-id-meta":"","stick-header-meta":"","header-above-stick-meta":"","header-main-stick-meta":"","header-below-stick-meta":"","astra-migrate-meta-layouts":"default","ast-page-background-enabled":"default","ast-page-background-meta":{"desktop":{"background-color":"","background-image":"","background-repeat":"repeat","background-position":"center center","background-size":"auto","background-attachment":"scroll","background-type":"","background-media":"","overlay-type":"","overlay-color":"","overlay-opacity":"","overlay-gradient":""},"tablet":{"background-color":"","background-image":"","background-repeat":"repeat","background-position":"center center","background-size":"auto","background-attachment":"scroll","background-type":"","background-media":"","overlay-type":"","overlay-color":"","overlay-opacity":"","overlay-gradient":""},"mobile":{"background-color":"","background-image":"","background-repeat":"repeat","background-position":"center center","background-size":"auto","background-attachment":"scroll","background-type":"","background-media":"","overlay-type":"","overlay-color":"","overlay-opacity":"","overlay-gradient":""}},"ast-content-background-meta":{"desktop":{"background-color":"var(--ast-global-color-5)","background-image":"","background-repeat":"repeat","background-position":"center center","background-size":"auto","background-attachment":"scroll","background-type":"","background-media":"","overlay-type":"","overlay-color":"","overlay-opacity":"","overlay-gradient":""},"tablet":{"background-color":"var(--ast-global-color-5)","background-image":"","background-repeat":"repeat","background-position":"center center","background-size":"auto","background-attachment":"scroll","background-type":"","background-media":"","overlay-type":"","overlay-color":"","overlay-opacity":"","overlay-gradient":""},"mobile":{"background-color":"var(--ast-global-color-5)","background-image":"","background-repeat":"repeat","background-position":"center center","background-size":"auto","background-attachment":"scroll","background-type":"","background-media":"","overlay-type":"","overlay-color":"","overlay-opacity":"","overlay-gradient":""}},"footnotes":""},"class_list":["post-1220","page","type-page","status-publish","hentry"],"translation":{"provider":"WPGlobus","version":"3.0.2","language":"en","enabled_languages":["de","en"],"languages":{"de":{"title":true,"content":true,"excerpt":false},"en":{"title":false,"content":false,"excerpt":false}}},"featured_image_urls_v2":{"full":"","thumbnail":"","medium":"","medium_large":"","large":"","1536x1536":"","2048x2048":""},"post_excerpt_stackable_v2":"<p>Auch Umlaufmarkt engl. Secondary Market Auf dem Sekund\u00e4rmarkt werden Wertpapiere nach ihrer Emission gehandelt. W\u00e4hrend der Emission werden Wertpapiere erstmalig auf dem Prim\u00e4rmarkt an meist institutionelle Anleger angeboten. Verkaufen diese Anleger anschlie\u00dfend diese Wertpapiere an z.B. private Anleger weiter, findet dieser Handel dann anschlie\u00dfend auf dem Sekund\u00e4rmarkt statt. Somit findet der erstmalige Handel neuer Wertpapiere auf dem Prim\u00e4rmarkt statt, der anschlie\u00dfende weitere Handel mit den Wertpapieren findet dann auf dem Sekund\u00e4rmarkt statt. Die Wertpapierb\u00f6rse ist die \u00fcbliche Form des Sekund\u00e4rmarktes. An ihr werden bereits im Umlauf befindliche Wertpapiere gehandelt. Auf dem Sekund\u00e4rmarkt richtet sich der Preis nach der vorhandenen Anzahl&hellip;<\/p>\n","category_list_v2":"","author_info_v2":{"name":"PrudentWater","url":"https:\/\/prudentwater.com\/en\/author\/niklas33\/"},"comments_num_v2":"0 comments","_links":{"self":[{"href":"https:\/\/prudentwater.com\/en\/wp-json\/wp\/v2\/pages\/1220","targetHints":{"allow":["GET"]}}],"collection":[{"href":"https:\/\/prudentwater.com\/en\/wp-json\/wp\/v2\/pages"}],"about":[{"href":"https:\/\/prudentwater.com\/en\/wp-json\/wp\/v2\/types\/page"}],"author":[{"embeddable":true,"href":"https:\/\/prudentwater.com\/en\/wp-json\/wp\/v2\/users\/1"}],"replies":[{"embeddable":true,"href":"https:\/\/prudentwater.com\/en\/wp-json\/wp\/v2\/comments?post=1220"}],"version-history":[{"count":0,"href":"https:\/\/prudentwater.com\/en\/wp-json\/wp\/v2\/pages\/1220\/revisions"}],"wp:attachment":[{"href":"https:\/\/prudentwater.com\/en\/wp-json\/wp\/v2\/media?parent=1220"}],"curies":[{"name":"wp","href":"https:\/\/api.w.org\/{rel}","templated":true}]}}