{"id":12216,"date":"2019-03-02T11:18:47","date_gmt":"2019-03-02T11:18:47","guid":{"rendered":"http:\/\/www.kunnskap.de\/?page_id=12216"},"modified":"2021-06-25T12:49:32","modified_gmt":"2021-06-25T10:49:32","slug":"kapitalflussrechnung","status":"publish","type":"page","link":"https:\/\/prudentwater.com\/en\/kapitalflussrechnung\/","title":{"rendered":"Kapitalflussrechnung"},"content":{"rendered":"<p>engl. <strong>Statement of Cashflow<\/strong><\/p>\n<p>Die Kapitalflussrechnung ist Teil des Jahresabschlusses und dient dazu, zus\u00e4tzliche Informationen \u00fcber die Bewegungen der Zahlungsmittel sowie Informationen \u00fcber die allgemeine Finanzkraft des Unternehmens zu geben. Die Kapitalflussrechnung verdeutlicht den Kapitalfluss eines Unternehmens f\u00fcr einen bestimmten Berichtszeitraum, da nur tats\u00e4chlich stattgefundene Ein- und Auszahlungen in ihr vermerkt sind. Bei dem Kapitalfluss handelt es sich um die Zu- und Abfl\u00fcsse von Zahlungsstr\u00f6men und wird auch Cashflow genannt. Nun fasst die Kapitalflussrechnung den operativen Cashflow, den Cashflow aus Investitionst\u00e4tigkeit und den Cashflow aus Finanzierungst\u00e4tigkeit zusammen. Die Kapitalflussrechnung soll zus\u00e4tzliche Transparenz \u00fcber die Zahlungsmittelbest\u00e4nde des jeweiligen Unternehmens bieten, um so dessen Solvenz und allgemeine finanzielle Situation und Liquidit\u00e4t deutlich zu machen.<\/p>\n","protected":false},"excerpt":{"rendered":"<p>engl. Statement of Cashflow Die Kapitalflussrechnung ist Teil des Jahresabschlusses und dient dazu, zus\u00e4tzliche Informationen \u00fcber die Bewegungen der Zahlungsmittel sowie Informationen \u00fcber die allgemeine Finanzkraft des Unternehmens zu geben. Die Kapitalflussrechnung verdeutlicht den Kapitalfluss eines Unternehmens f\u00fcr einen bestimmten Berichtszeitraum, da nur tats\u00e4chlich stattgefundene Ein- und Auszahlungen in ihr vermerkt sind. Bei dem Kapitalfluss [&hellip;]<\/p>\n","protected":false},"author":1,"featured_media":0,"parent":0,"menu_order":0,"comment_status":"closed","ping_status":"closed","template":"","meta":{"site-sidebar-layout":"default","site-content-layout":"","ast-site-content-layout":"","site-content-style":"default","site-sidebar-style":"default","ast-global-header-display":"","ast-banner-title-visibility":"","ast-main-header-display":"","ast-hfb-above-header-display":"","ast-hfb-below-header-display":"","ast-hfb-mobile-header-display":"","site-post-title":"","ast-breadcrumbs-content":"","ast-featured-img":"","footer-sml-layout":"","theme-transparent-header-meta":"","adv-header-id-meta":"","stick-header-meta":"","header-above-stick-meta":"","header-main-stick-meta":"","header-below-stick-meta":"","astra-migrate-meta-layouts":"default","ast-page-background-enabled":"default","ast-page-background-meta":{"desktop":{"background-color":"","background-image":"","background-repeat":"repeat","background-position":"center center","background-size":"auto","background-attachment":"scroll","background-type":"","background-media":"","overlay-type":"","overlay-color":"","overlay-opacity":"","overlay-gradient":""},"tablet":{"background-color":"","background-image":"","background-repeat":"repeat","background-position":"center center","background-size":"auto","background-attachment":"scroll","background-type":"","background-media":"","overlay-type":"","overlay-color":"","overlay-opacity":"","overlay-gradient":""},"mobile":{"background-color":"","background-image":"","background-repeat":"repeat","background-position":"center center","background-size":"auto","background-attachment":"scroll","background-type":"","background-media":"","overlay-type":"","overlay-color":"","overlay-opacity":"","overlay-gradient":""}},"ast-content-background-meta":{"desktop":{"background-color":"var(--ast-global-color-5)","background-image":"","background-repeat":"repeat","background-position":"center center","background-size":"auto","background-attachment":"scroll","background-type":"","background-media":"","overlay-type":"","overlay-color":"","overlay-opacity":"","overlay-gradient":""},"tablet":{"background-color":"var(--ast-global-color-5)","background-image":"","background-repeat":"repeat","background-position":"center center","background-size":"auto","background-attachment":"scroll","background-type":"","background-media":"","overlay-type":"","overlay-color":"","overlay-opacity":"","overlay-gradient":""},"mobile":{"background-color":"var(--ast-global-color-5)","background-image":"","background-repeat":"repeat","background-position":"center center","background-size":"auto","background-attachment":"scroll","background-type":"","background-media":"","overlay-type":"","overlay-color":"","overlay-opacity":"","overlay-gradient":""}},"footnotes":""},"class_list":["post-12216","page","type-page","status-publish","hentry"],"translation":{"provider":"WPGlobus","version":"3.0.2","language":"en","enabled_languages":["de","en"],"languages":{"de":{"title":true,"content":true,"excerpt":false},"en":{"title":false,"content":false,"excerpt":false}}},"featured_image_urls_v2":{"full":"","thumbnail":"","medium":"","medium_large":"","large":"","1536x1536":"","2048x2048":""},"post_excerpt_stackable_v2":"<p>engl. Statement of Cashflow Die Kapitalflussrechnung ist Teil des Jahresabschlusses und dient dazu, zus\u00e4tzliche Informationen \u00fcber die Bewegungen der Zahlungsmittel sowie Informationen \u00fcber die allgemeine Finanzkraft des Unternehmens zu geben. Die Kapitalflussrechnung verdeutlicht den Kapitalfluss eines Unternehmens f\u00fcr einen bestimmten Berichtszeitraum, da nur tats\u00e4chlich stattgefundene Ein- und Auszahlungen in ihr vermerkt sind. Bei dem Kapitalfluss handelt es sich um die Zu- und Abfl\u00fcsse von Zahlungsstr\u00f6men und wird auch Cashflow genannt. Nun fasst die Kapitalflussrechnung den operativen Cashflow, den Cashflow aus Investitionst\u00e4tigkeit und den Cashflow aus Finanzierungst\u00e4tigkeit zusammen. Die Kapitalflussrechnung soll zus\u00e4tzliche Transparenz \u00fcber die Zahlungsmittelbest\u00e4nde des jeweiligen Unternehmens bieten, um&hellip;<\/p>\n","category_list_v2":"","author_info_v2":{"name":"PrudentWater","url":"https:\/\/prudentwater.com\/en\/author\/niklas33\/"},"comments_num_v2":"0 comments","_links":{"self":[{"href":"https:\/\/prudentwater.com\/en\/wp-json\/wp\/v2\/pages\/12216","targetHints":{"allow":["GET"]}}],"collection":[{"href":"https:\/\/prudentwater.com\/en\/wp-json\/wp\/v2\/pages"}],"about":[{"href":"https:\/\/prudentwater.com\/en\/wp-json\/wp\/v2\/types\/page"}],"author":[{"embeddable":true,"href":"https:\/\/prudentwater.com\/en\/wp-json\/wp\/v2\/users\/1"}],"replies":[{"embeddable":true,"href":"https:\/\/prudentwater.com\/en\/wp-json\/wp\/v2\/comments?post=12216"}],"version-history":[{"count":0,"href":"https:\/\/prudentwater.com\/en\/wp-json\/wp\/v2\/pages\/12216\/revisions"}],"wp:attachment":[{"href":"https:\/\/prudentwater.com\/en\/wp-json\/wp\/v2\/media?parent=12216"}],"curies":[{"name":"wp","href":"https:\/\/api.w.org\/{rel}","templated":true}]}}