{"id":1223,"date":"2014-10-15T18:58:35","date_gmt":"2014-10-15T18:58:35","guid":{"rendered":"http:\/\/www.kunnskap.de\/?page_id=1223"},"modified":"2021-06-25T12:49:40","modified_gmt":"2021-06-25T10:49:40","slug":"primarmarkt","status":"publish","type":"page","link":"https:\/\/prudentwater.com\/en\/primarmarkt\/","title":{"rendered":"Prim\u00e4rmarkt"},"content":{"rendered":"<p>Auch <strong>Emissionsmarkt<\/strong><br \/>\nengl. <strong>Primary Market<\/strong><\/p>\n<p>Auf dem Prim\u00e4rmarkt werden Wertpapiere erstmalig gehandelt. Er ist somit ein Teil des Kapitalmarktes und der Markt f\u00fcr die Emission von Wertpapieren. Auf dem Prim\u00e4rmarkt findet die erstmalige Ausgabe von Wertpapieren durch in der Regel Banken statt. Werden diese Wertpapiere anschlie\u00dfend durch die erstmaligen K\u00e4ufer weiterverkauft, findet der Handel ab dann auf dem Sekund\u00e4rmarkt statt.<br \/>\nAuf dem Sekund\u00e4rmarkt richtet sich der Preis nach der vorhandenen Anzahl der Wertpapiere. Auf dem Prim\u00e4rmarkt wird durch die vorherige Nachfrage entschieden, wie viele Wertpapiere ein Emittent ausgeben kann.<\/p>\n","protected":false},"excerpt":{"rendered":"<p>Auch Emissionsmarkt engl. Primary Market Auf dem Prim\u00e4rmarkt werden Wertpapiere erstmalig gehandelt. Er ist somit ein Teil des Kapitalmarktes und der Markt f\u00fcr die Emission von Wertpapieren. Auf dem Prim\u00e4rmarkt findet die erstmalige Ausgabe von Wertpapieren durch in der Regel Banken statt. Werden diese Wertpapiere anschlie\u00dfend durch die erstmaligen K\u00e4ufer weiterverkauft, findet der Handel ab [&hellip;]<\/p>\n","protected":false},"author":1,"featured_media":0,"parent":0,"menu_order":0,"comment_status":"closed","ping_status":"closed","template":"","meta":{"site-sidebar-layout":"default","site-content-layout":"","ast-site-content-layout":"","site-content-style":"default","site-sidebar-style":"default","ast-global-header-display":"","ast-banner-title-visibility":"","ast-main-header-display":"","ast-hfb-above-header-display":"","ast-hfb-below-header-display":"","ast-hfb-mobile-header-display":"","site-post-title":"","ast-breadcrumbs-content":"","ast-featured-img":"","footer-sml-layout":"","theme-transparent-header-meta":"","adv-header-id-meta":"","stick-header-meta":"","header-above-stick-meta":"","header-main-stick-meta":"","header-below-stick-meta":"","astra-migrate-meta-layouts":"default","ast-page-background-enabled":"default","ast-page-background-meta":{"desktop":{"background-color":"","background-image":"","background-repeat":"repeat","background-position":"center center","background-size":"auto","background-attachment":"scroll","background-type":"","background-media":"","overlay-type":"","overlay-color":"","overlay-opacity":"","overlay-gradient":""},"tablet":{"background-color":"","background-image":"","background-repeat":"repeat","background-position":"center center","background-size":"auto","background-attachment":"scroll","background-type":"","background-media":"","overlay-type":"","overlay-color":"","overlay-opacity":"","overlay-gradient":""},"mobile":{"background-color":"","background-image":"","background-repeat":"repeat","background-position":"center center","background-size":"auto","background-attachment":"scroll","background-type":"","background-media":"","overlay-type":"","overlay-color":"","overlay-opacity":"","overlay-gradient":""}},"ast-content-background-meta":{"desktop":{"background-color":"var(--ast-global-color-5)","background-image":"","background-repeat":"repeat","background-position":"center center","background-size":"auto","background-attachment":"scroll","background-type":"","background-media":"","overlay-type":"","overlay-color":"","overlay-opacity":"","overlay-gradient":""},"tablet":{"background-color":"var(--ast-global-color-5)","background-image":"","background-repeat":"repeat","background-position":"center center","background-size":"auto","background-attachment":"scroll","background-type":"","background-media":"","overlay-type":"","overlay-color":"","overlay-opacity":"","overlay-gradient":""},"mobile":{"background-color":"var(--ast-global-color-5)","background-image":"","background-repeat":"repeat","background-position":"center center","background-size":"auto","background-attachment":"scroll","background-type":"","background-media":"","overlay-type":"","overlay-color":"","overlay-opacity":"","overlay-gradient":""}},"footnotes":""},"class_list":["post-1223","page","type-page","status-publish","hentry"],"translation":{"provider":"WPGlobus","version":"3.0.2","language":"en","enabled_languages":["de","en"],"languages":{"de":{"title":true,"content":true,"excerpt":false},"en":{"title":false,"content":false,"excerpt":false}}},"featured_image_urls_v2":{"full":"","thumbnail":"","medium":"","medium_large":"","large":"","1536x1536":"","2048x2048":""},"post_excerpt_stackable_v2":"<p>Auch Emissionsmarkt engl. Primary Market Auf dem Prim\u00e4rmarkt werden Wertpapiere erstmalig gehandelt. Er ist somit ein Teil des Kapitalmarktes und der Markt f\u00fcr die Emission von Wertpapieren. Auf dem Prim\u00e4rmarkt findet die erstmalige Ausgabe von Wertpapieren durch in der Regel Banken statt. Werden diese Wertpapiere anschlie\u00dfend durch die erstmaligen K\u00e4ufer weiterverkauft, findet der Handel ab dann auf dem Sekund\u00e4rmarkt statt. Auf dem Sekund\u00e4rmarkt richtet sich der Preis nach der vorhandenen Anzahl der Wertpapiere. Auf dem Prim\u00e4rmarkt wird durch die vorherige Nachfrage entschieden, wie viele Wertpapiere ein Emittent ausgeben kann.<\/p>\n","category_list_v2":"","author_info_v2":{"name":"PrudentWater","url":"https:\/\/prudentwater.com\/en\/author\/niklas33\/"},"comments_num_v2":"0 comments","_links":{"self":[{"href":"https:\/\/prudentwater.com\/en\/wp-json\/wp\/v2\/pages\/1223","targetHints":{"allow":["GET"]}}],"collection":[{"href":"https:\/\/prudentwater.com\/en\/wp-json\/wp\/v2\/pages"}],"about":[{"href":"https:\/\/prudentwater.com\/en\/wp-json\/wp\/v2\/types\/page"}],"author":[{"embeddable":true,"href":"https:\/\/prudentwater.com\/en\/wp-json\/wp\/v2\/users\/1"}],"replies":[{"embeddable":true,"href":"https:\/\/prudentwater.com\/en\/wp-json\/wp\/v2\/comments?post=1223"}],"version-history":[{"count":0,"href":"https:\/\/prudentwater.com\/en\/wp-json\/wp\/v2\/pages\/1223\/revisions"}],"wp:attachment":[{"href":"https:\/\/prudentwater.com\/en\/wp-json\/wp\/v2\/media?parent=1223"}],"curies":[{"name":"wp","href":"https:\/\/api.w.org\/{rel}","templated":true}]}}