{"id":1227,"date":"2014-10-15T19:13:49","date_gmt":"2014-10-15T19:13:49","guid":{"rendered":"http:\/\/www.kunnskap.de\/?page_id=1227"},"modified":"2021-06-25T12:50:10","modified_gmt":"2021-06-25T10:50:10","slug":"securities-markets-programme","status":"publish","type":"page","link":"https:\/\/prudentwater.com\/en\/securities-markets-programme\/","title":{"rendered":"Securities Markets Programme"},"content":{"rendered":"<p>Auch <strong>SMP<\/strong> oder <strong>Programm f\u00fcr die Wertpapierm\u00e4rkte<\/strong><\/p>\n<p>Ein ehemaliges Programm der Europ\u00e4ischen Zentralbank, bei dem zwischen Mai 2010 und September 2012 Staatsanleihen europ\u00e4ischer Staaten aufgekauft wurden. Ziel dabei war es, Spannungen und St\u00f6rungen an den Finanzm\u00e4rkten der Europ\u00e4ischen W\u00e4hrungsunion durch den Ankauf von Wertpapieren am Sekund\u00e4rmarkt zu l\u00f6sen. Das Programm wurde im September 2012 vom Outright Monetary Transactions Programm abgel\u00f6st.<\/p>\n","protected":false},"excerpt":{"rendered":"<p>Auch SMP oder Programm f\u00fcr die Wertpapierm\u00e4rkte Ein ehemaliges Programm der Europ\u00e4ischen Zentralbank, bei dem zwischen Mai 2010 und September 2012 Staatsanleihen europ\u00e4ischer Staaten aufgekauft wurden. Ziel dabei war es, Spannungen und St\u00f6rungen an den Finanzm\u00e4rkten der Europ\u00e4ischen W\u00e4hrungsunion durch den Ankauf von Wertpapieren am Sekund\u00e4rmarkt zu l\u00f6sen. Das Programm wurde im September 2012 vom [&hellip;]<\/p>\n","protected":false},"author":1,"featured_media":0,"parent":0,"menu_order":0,"comment_status":"closed","ping_status":"closed","template":"","meta":{"site-sidebar-layout":"default","site-content-layout":"","ast-site-content-layout":"","site-content-style":"default","site-sidebar-style":"default","ast-global-header-display":"","ast-banner-title-visibility":"","ast-main-header-display":"","ast-hfb-above-header-display":"","ast-hfb-below-header-display":"","ast-hfb-mobile-header-display":"","site-post-title":"","ast-breadcrumbs-content":"","ast-featured-img":"","footer-sml-layout":"","theme-transparent-header-meta":"","adv-header-id-meta":"","stick-header-meta":"","header-above-stick-meta":"","header-main-stick-meta":"","header-below-stick-meta":"","astra-migrate-meta-layouts":"default","ast-page-background-enabled":"default","ast-page-background-meta":{"desktop":{"background-color":"","background-image":"","background-repeat":"repeat","background-position":"center center","background-size":"auto","background-attachment":"scroll","background-type":"","background-media":"","overlay-type":"","overlay-color":"","overlay-opacity":"","overlay-gradient":""},"tablet":{"background-color":"","background-image":"","background-repeat":"repeat","background-position":"center center","background-size":"auto","background-attachment":"scroll","background-type":"","background-media":"","overlay-type":"","overlay-color":"","overlay-opacity":"","overlay-gradient":""},"mobile":{"background-color":"","background-image":"","background-repeat":"repeat","background-position":"center center","background-size":"auto","background-attachment":"scroll","background-type":"","background-media":"","overlay-type":"","overlay-color":"","overlay-opacity":"","overlay-gradient":""}},"ast-content-background-meta":{"desktop":{"background-color":"var(--ast-global-color-5)","background-image":"","background-repeat":"repeat","background-position":"center center","background-size":"auto","background-attachment":"scroll","background-type":"","background-media":"","overlay-type":"","overlay-color":"","overlay-opacity":"","overlay-gradient":""},"tablet":{"background-color":"var(--ast-global-color-5)","background-image":"","background-repeat":"repeat","background-position":"center center","background-size":"auto","background-attachment":"scroll","background-type":"","background-media":"","overlay-type":"","overlay-color":"","overlay-opacity":"","overlay-gradient":""},"mobile":{"background-color":"var(--ast-global-color-5)","background-image":"","background-repeat":"repeat","background-position":"center center","background-size":"auto","background-attachment":"scroll","background-type":"","background-media":"","overlay-type":"","overlay-color":"","overlay-opacity":"","overlay-gradient":""}},"footnotes":""},"class_list":["post-1227","page","type-page","status-publish","hentry"],"translation":{"provider":"WPGlobus","version":"3.0.2","language":"en","enabled_languages":["de","en"],"languages":{"de":{"title":true,"content":true,"excerpt":false},"en":{"title":false,"content":false,"excerpt":false}}},"featured_image_urls_v2":{"full":"","thumbnail":"","medium":"","medium_large":"","large":"","1536x1536":"","2048x2048":""},"post_excerpt_stackable_v2":"<p>Auch SMP oder Programm f\u00fcr die Wertpapierm\u00e4rkte Ein ehemaliges Programm der Europ\u00e4ischen Zentralbank, bei dem zwischen Mai 2010 und September 2012 Staatsanleihen europ\u00e4ischer Staaten aufgekauft wurden. Ziel dabei war es, Spannungen und St\u00f6rungen an den Finanzm\u00e4rkten der Europ\u00e4ischen W\u00e4hrungsunion durch den Ankauf von Wertpapieren am Sekund\u00e4rmarkt zu l\u00f6sen. Das Programm wurde im September 2012 vom Outright Monetary Transactions Programm abgel\u00f6st.<\/p>\n","category_list_v2":"","author_info_v2":{"name":"PrudentWater","url":"https:\/\/prudentwater.com\/en\/author\/niklas33\/"},"comments_num_v2":"0 comments","_links":{"self":[{"href":"https:\/\/prudentwater.com\/en\/wp-json\/wp\/v2\/pages\/1227","targetHints":{"allow":["GET"]}}],"collection":[{"href":"https:\/\/prudentwater.com\/en\/wp-json\/wp\/v2\/pages"}],"about":[{"href":"https:\/\/prudentwater.com\/en\/wp-json\/wp\/v2\/types\/page"}],"author":[{"embeddable":true,"href":"https:\/\/prudentwater.com\/en\/wp-json\/wp\/v2\/users\/1"}],"replies":[{"embeddable":true,"href":"https:\/\/prudentwater.com\/en\/wp-json\/wp\/v2\/comments?post=1227"}],"version-history":[{"count":0,"href":"https:\/\/prudentwater.com\/en\/wp-json\/wp\/v2\/pages\/1227\/revisions"}],"wp:attachment":[{"href":"https:\/\/prudentwater.com\/en\/wp-json\/wp\/v2\/media?parent=1227"}],"curies":[{"name":"wp","href":"https:\/\/api.w.org\/{rel}","templated":true}]}}