{"id":1233,"date":"2014-10-16T12:54:39","date_gmt":"2014-10-16T12:54:39","guid":{"rendered":"http:\/\/www.kunnskap.de\/?page_id=1233"},"modified":"2021-10-09T20:04:05","modified_gmt":"2021-10-09T18:04:05","slug":"nebenwert","status":"publish","type":"page","link":"https:\/\/prudentwater.com\/en\/nebenwert\/","title":{"rendered":"Nebenwert"},"content":{"rendered":"\n<p>Ein Nebenwert ist eine Aktie mit einer geringen bis mittleren Marktkapitalisierung. Bei Nebenwerten mit einer geringen Marktkapitalisierung ist oftmals der Spread, also die Differenz zwischen dem Geldkurs und dem Briefkurs, gr\u00f6\u00dfer. Au\u00dferdem k\u00f6nnen die Aktienkurse von Nebenwerten eine h\u00f6here Volatilit\u00e4t aufweisen. Nebenwerte bieten generell mehr Renditepotenzial, birgen aber auch ein gr\u00f6\u00dferes unsystematisches Risiko. Nebenwerte lassen sich in folgende Aktienklassen unterteilen:<\/p>\n\n\n\n<div class=\"wp-block-columns is-layout-flex wp-container-core-columns-is-layout-28f84493 wp-block-columns-is-layout-flex\">\n<div class=\"wp-block-column is-layout-flow wp-block-column-is-layout-flow\">\n<h2 class=\"wp-block-heading\" id=\"micro-caps-cd801afc-5391-4d14-aca2-5a007e15ac1a\">Micro Caps<\/h2>\n\n\n\nAktien mit einer sehr niedrigen Marktkapitalisierung und in keinem Index vertreten. Oftmals werden solche Aktien dann auch Pennystocks genannt. Die Volatilit\u00e4t der Aktienkursentwicklung ist teilweise sehr hoch.\n<\/div>\n\n\n\n<div class=\"wp-block-column is-layout-flow wp-block-column-is-layout-flow\">\n<h2 class=\"wp-block-heading\" id=\"small-caps-a6623de8-591e-4f2a-a56b-235d1d1afdb6\">Small Caps<\/h2>\n\n\n\nSmall Caps sind Aktien mit einer Marktkapitalisierung von bis zu rund 2 Milliarden Euro und zum Teil im SDAX vertreten.\n<\/div>\n\n\n\n<div class=\"wp-block-column is-layout-flow wp-block-column-is-layout-flow\">\n<h2 class=\"wp-block-heading\" id=\"mid-caps-ce72a0cd-b19e-43b6-821d-8a15c485be26\">Mid Caps<\/h2>\n\n\n\nAktien mit einer mittleren Marktkapitalisierung von bis zu 12 Milliarden Euro, welche zum Teil im MDAX vertreten sind.\n<\/div>\n<\/div>\n\n\n\n<div style=\"height:38px\" aria-hidden=\"true\" class=\"wp-block-spacer\"><\/div>\n\n\n\n<p>Weit \u00fcber 90 % der inl\u00e4ndischen und ausl\u00e4ndischen Aktien sind Nebenwerte. Bei dem Rest handelt es sich um Blue Chip Aktiengesellschaften, also um Unternemen mit einer hohen Marktkapitalisierung, welche dann zum Beispiel im DAX oder im Dow Jones Industrial Average gelistet sind. <\/p>\n","protected":false},"excerpt":{"rendered":"<p>Ein Nebenwert ist eine Aktie mit einer geringen bis mittleren Marktkapitalisierung. Bei Nebenwerten mit einer geringen Marktkapitalisierung ist oftmals der Spread, also die Differenz zwischen dem Geldkurs und dem Briefkurs, gr\u00f6\u00dfer. Au\u00dferdem k\u00f6nnen die Aktienkurse von Nebenwerten eine h\u00f6here Volatilit\u00e4t aufweisen. Nebenwerte bieten generell mehr Renditepotenzial, birgen aber auch ein gr\u00f6\u00dferes unsystematisches Risiko. Nebenwerte lassen [&hellip;]<\/p>\n","protected":false},"author":1,"featured_media":0,"parent":0,"menu_order":0,"comment_status":"closed","ping_status":"closed","template":"","meta":{"site-sidebar-layout":"default","site-content-layout":"default","ast-site-content-layout":"","site-content-style":"default","site-sidebar-style":"default","ast-global-header-display":"","ast-banner-title-visibility":"","ast-main-header-display":"","ast-hfb-above-header-display":"","ast-hfb-below-header-display":"","ast-hfb-mobile-header-display":"","site-post-title":"","ast-breadcrumbs-content":"","ast-featured-img":"","footer-sml-layout":"","theme-transparent-header-meta":"default","adv-header-id-meta":"","stick-header-meta":"","header-above-stick-meta":"","header-main-stick-meta":"","header-below-stick-meta":"","astra-migrate-meta-layouts":"default","ast-page-background-enabled":"default","ast-page-background-meta":{"desktop":{"background-color":"","background-image":"","background-repeat":"repeat","background-position":"center center","background-size":"auto","background-attachment":"scroll","background-type":"","background-media":"","overlay-type":"","overlay-color":"","overlay-opacity":"","overlay-gradient":""},"tablet":{"background-color":"","background-image":"","background-repeat":"repeat","background-position":"center center","background-size":"auto","background-attachment":"scroll","background-type":"","background-media":"","overlay-type":"","overlay-color":"","overlay-opacity":"","overlay-gradient":""},"mobile":{"background-color":"","background-image":"","background-repeat":"repeat","background-position":"center center","background-size":"auto","background-attachment":"scroll","background-type":"","background-media":"","overlay-type":"","overlay-color":"","overlay-opacity":"","overlay-gradient":""}},"ast-content-background-meta":{"desktop":{"background-color":"var(--ast-global-color-5)","background-image":"","background-repeat":"repeat","background-position":"center center","background-size":"auto","background-attachment":"scroll","background-type":"","background-media":"","overlay-type":"","overlay-color":"","overlay-opacity":"","overlay-gradient":""},"tablet":{"background-color":"var(--ast-global-color-5)","background-image":"","background-repeat":"repeat","background-position":"center center","background-size":"auto","background-attachment":"scroll","background-type":"","background-media":"","overlay-type":"","overlay-color":"","overlay-opacity":"","overlay-gradient":""},"mobile":{"background-color":"var(--ast-global-color-5)","background-image":"","background-repeat":"repeat","background-position":"center center","background-size":"auto","background-attachment":"scroll","background-type":"","background-media":"","overlay-type":"","overlay-color":"","overlay-opacity":"","overlay-gradient":""}},"footnotes":""},"class_list":["post-1233","page","type-page","status-publish","hentry"],"translation":{"provider":"WPGlobus","version":"3.0.2","language":"en","enabled_languages":["de","en"],"languages":{"de":{"title":true,"content":true,"excerpt":false},"en":{"title":false,"content":false,"excerpt":false}}},"featured_image_urls_v2":{"full":"","thumbnail":"","medium":"","medium_large":"","large":"","1536x1536":"","2048x2048":""},"post_excerpt_stackable_v2":"<p>Ein Nebenwert ist eine Aktie mit einer geringen bis mittleren Marktkapitalisierung. Bei Nebenwerten mit einer geringen Marktkapitalisierung ist oftmals der Spread, also die Differenz zwischen dem Geldkurs und dem Briefkurs, gr\u00f6\u00dfer. Au\u00dferdem k\u00f6nnen die Aktienkurse von Nebenwerten eine h\u00f6here Volatilit\u00e4t aufweisen. Nebenwerte bieten generell mehr Renditepotenzial, birgen aber auch ein gr\u00f6\u00dferes unsystematisches Risiko. Nebenwerte lassen sich in folgende Aktienklassen unterteilen: Micro Caps Aktien mit einer sehr niedrigen Marktkapitalisierung und in keinem Index vertreten. Oftmals werden solche Aktien dann auch Pennystocks genannt. Die Volatilit\u00e4t der Aktienkursentwicklung ist teilweise sehr hoch. Small Caps Small Caps sind Aktien mit einer Marktkapitalisierung von bis&hellip;<\/p>\n","category_list_v2":"","author_info_v2":{"name":"PrudentWater","url":"https:\/\/prudentwater.com\/en\/author\/niklas33\/"},"comments_num_v2":"0 comments","_links":{"self":[{"href":"https:\/\/prudentwater.com\/en\/wp-json\/wp\/v2\/pages\/1233","targetHints":{"allow":["GET"]}}],"collection":[{"href":"https:\/\/prudentwater.com\/en\/wp-json\/wp\/v2\/pages"}],"about":[{"href":"https:\/\/prudentwater.com\/en\/wp-json\/wp\/v2\/types\/page"}],"author":[{"embeddable":true,"href":"https:\/\/prudentwater.com\/en\/wp-json\/wp\/v2\/users\/1"}],"replies":[{"embeddable":true,"href":"https:\/\/prudentwater.com\/en\/wp-json\/wp\/v2\/comments?post=1233"}],"version-history":[{"count":0,"href":"https:\/\/prudentwater.com\/en\/wp-json\/wp\/v2\/pages\/1233\/revisions"}],"wp:attachment":[{"href":"https:\/\/prudentwater.com\/en\/wp-json\/wp\/v2\/media?parent=1233"}],"curies":[{"name":"wp","href":"https:\/\/api.w.org\/{rel}","templated":true}]}}