{"id":12373,"date":"2019-03-14T22:58:36","date_gmt":"2019-03-14T22:58:36","guid":{"rendered":"http:\/\/www.kunnskap.de\/?page_id=12373"},"modified":"2021-06-25T12:50:15","modified_gmt":"2021-06-25T10:50:15","slug":"unterliquiditaet","status":"publish","type":"page","link":"https:\/\/prudentwater.com\/en\/unterliquiditaet\/","title":{"rendered":"Unterliquidit\u00e4t"},"content":{"rendered":"<p>Auch <strong>Illiquidit\u00e4t<\/strong><\/p>\n<p>Die Unterliquidit\u00e4t bezeichnet eine zu niedrige Liquidit\u00e4t in einem Unternehmen. Bei Unterliquidit\u00e4t verf\u00fcgt das Unternehmen aktuell nicht \u00fcber ausreichend Zahlungsmittel und Zahlungsmittel\u00e4quivalente, um zu jeder Zeit den kurzfristigen Verbindlichkeiten im vollen Umfang nachzukommen. Ist dies jedoch nicht mehr m\u00f6glich und liegt somit Illiquidit\u00e4t vor, so f\u00fchrt dies in der Regel zu einem Aussetzen der unternehmerischen Aktivit\u00e4ten. Folglich kann Unterliquidit\u00e4t zu Restrukturierungen oder gar zu einer Insolvenz f\u00fchren.<\/p>\n<p>Um zu untersuchen, ob Unterliquidit\u00e4t in einem Unternehmen vorliegt, sollte in die Bilanz des jeweiligen Unternehmens geschaut werden. Die kurzfristigen Finanzverbindlichkeiten sollten hierbei zumindest vollst\u00e4ndig durch die Zahlungsmittel und Zahlungsmittel\u00e4quivalente gedeckt sein. Au\u00dferdem kann die Liquidit\u00e4t 1. Grades sowie die Liquidit\u00e4t 2. Grades Aufschluss \u00fcber die aktuelle Liquidit\u00e4tslage des Unternehmens geben.<\/p>\n","protected":false},"excerpt":{"rendered":"<p>Auch Illiquidit\u00e4t Die Unterliquidit\u00e4t bezeichnet eine zu niedrige Liquidit\u00e4t in einem Unternehmen. Bei Unterliquidit\u00e4t verf\u00fcgt das Unternehmen aktuell nicht \u00fcber ausreichend Zahlungsmittel und Zahlungsmittel\u00e4quivalente, um zu jeder Zeit den kurzfristigen Verbindlichkeiten im vollen Umfang nachzukommen. Ist dies jedoch nicht mehr m\u00f6glich und liegt somit Illiquidit\u00e4t vor, so f\u00fchrt dies in der Regel zu einem Aussetzen [&hellip;]<\/p>\n","protected":false},"author":1,"featured_media":0,"parent":0,"menu_order":0,"comment_status":"closed","ping_status":"closed","template":"","meta":{"site-sidebar-layout":"default","site-content-layout":"","ast-site-content-layout":"","site-content-style":"default","site-sidebar-style":"default","ast-global-header-display":"","ast-banner-title-visibility":"","ast-main-header-display":"","ast-hfb-above-header-display":"","ast-hfb-below-header-display":"","ast-hfb-mobile-header-display":"","site-post-title":"","ast-breadcrumbs-content":"","ast-featured-img":"","footer-sml-layout":"","theme-transparent-header-meta":"","adv-header-id-meta":"","stick-header-meta":"","header-above-stick-meta":"","header-main-stick-meta":"","header-below-stick-meta":"","astra-migrate-meta-layouts":"default","ast-page-background-enabled":"default","ast-page-background-meta":{"desktop":{"background-color":"","background-image":"","background-repeat":"repeat","background-position":"center center","background-size":"auto","background-attachment":"scroll","background-type":"","background-media":"","overlay-type":"","overlay-color":"","overlay-opacity":"","overlay-gradient":""},"tablet":{"background-color":"","background-image":"","background-repeat":"repeat","background-position":"center center","background-size":"auto","background-attachment":"scroll","background-type":"","background-media":"","overlay-type":"","overlay-color":"","overlay-opacity":"","overlay-gradient":""},"mobile":{"background-color":"","background-image":"","background-repeat":"repeat","background-position":"center center","background-size":"auto","background-attachment":"scroll","background-type":"","background-media":"","overlay-type":"","overlay-color":"","overlay-opacity":"","overlay-gradient":""}},"ast-content-background-meta":{"desktop":{"background-color":"var(--ast-global-color-5)","background-image":"","background-repeat":"repeat","background-position":"center center","background-size":"auto","background-attachment":"scroll","background-type":"","background-media":"","overlay-type":"","overlay-color":"","overlay-opacity":"","overlay-gradient":""},"tablet":{"background-color":"var(--ast-global-color-5)","background-image":"","background-repeat":"repeat","background-position":"center center","background-size":"auto","background-attachment":"scroll","background-type":"","background-media":"","overlay-type":"","overlay-color":"","overlay-opacity":"","overlay-gradient":""},"mobile":{"background-color":"var(--ast-global-color-5)","background-image":"","background-repeat":"repeat","background-position":"center center","background-size":"auto","background-attachment":"scroll","background-type":"","background-media":"","overlay-type":"","overlay-color":"","overlay-opacity":"","overlay-gradient":""}},"footnotes":""},"class_list":["post-12373","page","type-page","status-publish","hentry"],"translation":{"provider":"WPGlobus","version":"3.0.2","language":"en","enabled_languages":["de","en"],"languages":{"de":{"title":true,"content":true,"excerpt":false},"en":{"title":false,"content":false,"excerpt":false}}},"featured_image_urls_v2":{"full":"","thumbnail":"","medium":"","medium_large":"","large":"","1536x1536":"","2048x2048":""},"post_excerpt_stackable_v2":"<p>Auch Illiquidit\u00e4t Die Unterliquidit\u00e4t bezeichnet eine zu niedrige Liquidit\u00e4t in einem Unternehmen. Bei Unterliquidit\u00e4t verf\u00fcgt das Unternehmen aktuell nicht \u00fcber ausreichend Zahlungsmittel und Zahlungsmittel\u00e4quivalente, um zu jeder Zeit den kurzfristigen Verbindlichkeiten im vollen Umfang nachzukommen. Ist dies jedoch nicht mehr m\u00f6glich und liegt somit Illiquidit\u00e4t vor, so f\u00fchrt dies in der Regel zu einem Aussetzen der unternehmerischen Aktivit\u00e4ten. Folglich kann Unterliquidit\u00e4t zu Restrukturierungen oder gar zu einer Insolvenz f\u00fchren. Um zu untersuchen, ob Unterliquidit\u00e4t in einem Unternehmen vorliegt, sollte in die Bilanz des jeweiligen Unternehmens geschaut werden. Die kurzfristigen Finanzverbindlichkeiten sollten hierbei zumindest vollst\u00e4ndig durch die Zahlungsmittel und Zahlungsmittel\u00e4quivalente gedeckt&hellip;<\/p>\n","category_list_v2":"","author_info_v2":{"name":"PrudentWater","url":"https:\/\/prudentwater.com\/en\/author\/niklas33\/"},"comments_num_v2":"0 comments","_links":{"self":[{"href":"https:\/\/prudentwater.com\/en\/wp-json\/wp\/v2\/pages\/12373","targetHints":{"allow":["GET"]}}],"collection":[{"href":"https:\/\/prudentwater.com\/en\/wp-json\/wp\/v2\/pages"}],"about":[{"href":"https:\/\/prudentwater.com\/en\/wp-json\/wp\/v2\/types\/page"}],"author":[{"embeddable":true,"href":"https:\/\/prudentwater.com\/en\/wp-json\/wp\/v2\/users\/1"}],"replies":[{"embeddable":true,"href":"https:\/\/prudentwater.com\/en\/wp-json\/wp\/v2\/comments?post=12373"}],"version-history":[{"count":0,"href":"https:\/\/prudentwater.com\/en\/wp-json\/wp\/v2\/pages\/12373\/revisions"}],"wp:attachment":[{"href":"https:\/\/prudentwater.com\/en\/wp-json\/wp\/v2\/media?parent=12373"}],"curies":[{"name":"wp","href":"https:\/\/api.w.org\/{rel}","templated":true}]}}