{"id":1249,"date":"2014-10-16T21:01:38","date_gmt":"2014-10-16T21:01:38","guid":{"rendered":"http:\/\/www.kunnskap.de\/?page_id=1249"},"modified":"2021-06-25T12:49:32","modified_gmt":"2021-06-25T10:49:32","slug":"kassakurs","status":"publish","type":"page","link":"https:\/\/prudentwater.com\/en\/kassakurs\/","title":{"rendered":"Kassakurs"},"content":{"rendered":"<p>Auch <strong>Kassapreis<\/strong><\/p>\n<p><b>1.<\/b> Ein Kassakurs wird nur einmal t\u00e4glich (gegen Mittag) zu B\u00f6rsenzeiten ermittelt. Der Kassakurs wurde fr\u00fcher f\u00fcr Aktien ermittelt, die \u00fcber eine \u00e4u\u00dferst geringe Liquidit\u00e4t verf\u00fcgen und nicht zum variablen Handel zugelassen waren. Mittlerweile k\u00f6nnen an den B\u00f6rsen jedoch auch kleine St\u00fcckzahlen zum variablen Kurs gehandelt werden, womit der Kassakurs weitestgehend seine Bedeutung verloren hat. Die fortlaufende Notierung hat den Kassakurs mittlerweile abgel\u00f6st.<\/p>\n<p><b>2.<\/b> Vor allem im Devisenhandel wird der Spotpreis auch Kassakurs bezeichnet. Hier ist der Devisenkassakurs der aktuelle Wechselkurs, der bei einem Kassagesch\u00e4ft ausschlaggebend ist. Kommt es zur sofortigen Bezahlung eines Devisengesch\u00e4ftes an der B\u00f6rse, so muss der Spotpreis bezahlt werden. Der Devisenkassakurs eines Wechselkurses bildet sich durch Angebot und Nachfrage am Devisenkassamarkt.<\/p>\n","protected":false},"excerpt":{"rendered":"<p>Auch Kassapreis 1. Ein Kassakurs wird nur einmal t\u00e4glich (gegen Mittag) zu B\u00f6rsenzeiten ermittelt. Der Kassakurs wurde fr\u00fcher f\u00fcr Aktien ermittelt, die \u00fcber eine \u00e4u\u00dferst geringe Liquidit\u00e4t verf\u00fcgen und nicht zum variablen Handel zugelassen waren. Mittlerweile k\u00f6nnen an den B\u00f6rsen jedoch auch kleine St\u00fcckzahlen zum variablen Kurs gehandelt werden, womit der Kassakurs weitestgehend seine Bedeutung [&hellip;]<\/p>\n","protected":false},"author":1,"featured_media":0,"parent":0,"menu_order":0,"comment_status":"closed","ping_status":"closed","template":"","meta":{"site-sidebar-layout":"default","site-content-layout":"","ast-site-content-layout":"","site-content-style":"default","site-sidebar-style":"default","ast-global-header-display":"","ast-banner-title-visibility":"","ast-main-header-display":"","ast-hfb-above-header-display":"","ast-hfb-below-header-display":"","ast-hfb-mobile-header-display":"","site-post-title":"","ast-breadcrumbs-content":"","ast-featured-img":"","footer-sml-layout":"","theme-transparent-header-meta":"","adv-header-id-meta":"","stick-header-meta":"","header-above-stick-meta":"","header-main-stick-meta":"","header-below-stick-meta":"","astra-migrate-meta-layouts":"default","ast-page-background-enabled":"default","ast-page-background-meta":{"desktop":{"background-color":"","background-image":"","background-repeat":"repeat","background-position":"center center","background-size":"auto","background-attachment":"scroll","background-type":"","background-media":"","overlay-type":"","overlay-color":"","overlay-opacity":"","overlay-gradient":""},"tablet":{"background-color":"","background-image":"","background-repeat":"repeat","background-position":"center center","background-size":"auto","background-attachment":"scroll","background-type":"","background-media":"","overlay-type":"","overlay-color":"","overlay-opacity":"","overlay-gradient":""},"mobile":{"background-color":"","background-image":"","background-repeat":"repeat","background-position":"center center","background-size":"auto","background-attachment":"scroll","background-type":"","background-media":"","overlay-type":"","overlay-color":"","overlay-opacity":"","overlay-gradient":""}},"ast-content-background-meta":{"desktop":{"background-color":"var(--ast-global-color-5)","background-image":"","background-repeat":"repeat","background-position":"center center","background-size":"auto","background-attachment":"scroll","background-type":"","background-media":"","overlay-type":"","overlay-color":"","overlay-opacity":"","overlay-gradient":""},"tablet":{"background-color":"var(--ast-global-color-5)","background-image":"","background-repeat":"repeat","background-position":"center center","background-size":"auto","background-attachment":"scroll","background-type":"","background-media":"","overlay-type":"","overlay-color":"","overlay-opacity":"","overlay-gradient":""},"mobile":{"background-color":"var(--ast-global-color-5)","background-image":"","background-repeat":"repeat","background-position":"center center","background-size":"auto","background-attachment":"scroll","background-type":"","background-media":"","overlay-type":"","overlay-color":"","overlay-opacity":"","overlay-gradient":""}},"footnotes":""},"class_list":["post-1249","page","type-page","status-publish","hentry"],"translation":{"provider":"WPGlobus","version":"3.0.2","language":"en","enabled_languages":["de","en"],"languages":{"de":{"title":true,"content":true,"excerpt":false},"en":{"title":false,"content":false,"excerpt":false}}},"featured_image_urls_v2":{"full":"","thumbnail":"","medium":"","medium_large":"","large":"","1536x1536":"","2048x2048":""},"post_excerpt_stackable_v2":"<p>Auch Kassapreis 1. Ein Kassakurs wird nur einmal t\u00e4glich (gegen Mittag) zu B\u00f6rsenzeiten ermittelt. Der Kassakurs wurde fr\u00fcher f\u00fcr Aktien ermittelt, die \u00fcber eine \u00e4u\u00dferst geringe Liquidit\u00e4t verf\u00fcgen und nicht zum variablen Handel zugelassen waren. Mittlerweile k\u00f6nnen an den B\u00f6rsen jedoch auch kleine St\u00fcckzahlen zum variablen Kurs gehandelt werden, womit der Kassakurs weitestgehend seine Bedeutung verloren hat. Die fortlaufende Notierung hat den Kassakurs mittlerweile abgel\u00f6st. 2. Vor allem im Devisenhandel wird der Spotpreis auch Kassakurs bezeichnet. Hier ist der Devisenkassakurs der aktuelle Wechselkurs, der bei einem Kassagesch\u00e4ft ausschlaggebend ist. Kommt es zur sofortigen Bezahlung eines Devisengesch\u00e4ftes an der B\u00f6rse, so&hellip;<\/p>\n","category_list_v2":"","author_info_v2":{"name":"PrudentWater","url":"https:\/\/prudentwater.com\/en\/author\/niklas33\/"},"comments_num_v2":"0 comments","_links":{"self":[{"href":"https:\/\/prudentwater.com\/en\/wp-json\/wp\/v2\/pages\/1249","targetHints":{"allow":["GET"]}}],"collection":[{"href":"https:\/\/prudentwater.com\/en\/wp-json\/wp\/v2\/pages"}],"about":[{"href":"https:\/\/prudentwater.com\/en\/wp-json\/wp\/v2\/types\/page"}],"author":[{"embeddable":true,"href":"https:\/\/prudentwater.com\/en\/wp-json\/wp\/v2\/users\/1"}],"replies":[{"embeddable":true,"href":"https:\/\/prudentwater.com\/en\/wp-json\/wp\/v2\/comments?post=1249"}],"version-history":[{"count":0,"href":"https:\/\/prudentwater.com\/en\/wp-json\/wp\/v2\/pages\/1249\/revisions"}],"wp:attachment":[{"href":"https:\/\/prudentwater.com\/en\/wp-json\/wp\/v2\/media?parent=1249"}],"curies":[{"name":"wp","href":"https:\/\/api.w.org\/{rel}","templated":true}]}}